{"id":386,"date":"2024-10-17T11:47:08","date_gmt":"2024-10-17T09:47:08","guid":{"rendered":"https:\/\/be.portos.sk\/?page_id=386"},"modified":"2024-11-12T07:52:30","modified_gmt":"2024-11-12T07:52:30","slug":"penazne-zasuvky","status":"publish","type":"page","link":"https:\/\/be.portos.sk\/index.php\/produkty\/hardverove-doplnky\/penazne-zasuvky\/","title":{"rendered":"Pe\u0148a\u017en\u00e9 z\u00e1suvky"},"content":{"rendered":"","protected":false},"excerpt":{"rendered":"","protected":false},"author":2,"featured_media":0,"parent":252,"menu_order":7,"comment_status":"closed","ping_status":"closed","template":"","meta":{"footnotes":""},"class_list":["post-386","page","type-page","status-publish","hentry"],"_links":{"self":[{"href":"https:\/\/be.portos.sk\/index.php\/wp-json\/wp\/v2\/pages\/386","targetHints":{"allow":["GET"]}}],"collection":[{"href":"https:\/\/be.portos.sk\/index.php\/wp-json\/wp\/v2\/pages"}],"about":[{"href":"https:\/\/be.portos.sk\/index.php\/wp-json\/wp\/v2\/types\/page"}],"author":[{"embeddable":true,"href":"https:\/\/be.portos.sk\/index.php\/wp-json\/wp\/v2\/users\/2"}],"replies":[{"embeddable":true,"href":"https:\/\/be.portos.sk\/index.php\/wp-json\/wp\/v2\/comments?post=386"}],"version-history":[{"count":1,"href":"https:\/\/be.portos.sk\/index.php\/wp-json\/wp\/v2\/pages\/386\/revisions"}],"predecessor-version":[{"id":387,"href":"https:\/\/be.portos.sk\/index.php\/wp-json\/wp\/v2\/pages\/386\/revisions\/387"}],"up":[{"embeddable":true,"href":"https:\/\/be.portos.sk\/index.php\/wp-json\/wp\/v2\/pages\/252"}],"wp:attachment":[{"href":"https:\/\/be.portos.sk\/index.php\/wp-json\/wp\/v2\/media?parent=386"}],"curies":[{"name":"wp","href":"https:\/\/api.w.org\/{rel}","templated":true}]}}