{"id":209,"date":"2024-05-20T12:03:34","date_gmt":"2024-05-20T10:03:34","guid":{"rendered":"https:\/\/be.portos.sk\/?post_type=product&#038;p=209"},"modified":"2024-10-18T15:09:08","modified_gmt":"2024-10-18T13:09:08","slug":"sunmi-p2","status":"publish","type":"product","link":"https:\/\/be.portos.sk\/index.php\/produkt\/sunmi-p2\/","title":{"rendered":"SUNMI P2"},"content":{"rendered":"<p>V\u00fdkonn\u00e9 zariadenie v modernom elegantnom tele s r\u00fdchlym procesorom a dostato\u010dn\u00fdm v\u00fdkonom. Termin\u00e1l je k pokladnici prip\u00e1jan\u00fd prostredn\u00edctvom Wi-FI.<\/p>\n<h5>Mno\u017estvo praktick\u00fdch funkci\u00ed v jednom \u0161ikovnom zariaden\u00ed<\/h5>\n<p>Prij\u00edmajte karty VISA a Mastercard. Na obrazovke termin\u00e1lu viete jednoducho overi\u0165 podpis dr\u017eite\u013ea kreditnej karty.<\/p>\n<h5>Apple Pay a Google Pay<\/h5>\n<p>Platba mobilom, n\u00e1ramkom, alebo hodinkami. Umo\u017enite z\u00e1kazn\u00edkom plati\u0165 r\u00fdchlo ich najob\u013e\u00fabenej\u0161\u00edm sp\u00f4sobom.<\/p>\n<h5>R\u00fdchla autoriz\u00e1cia transakcie<\/h5>\n<p>Z\u00e1kazn\u00edci nemusia \u010daka\u0165 na dlh\u00fd proces platby, potvrdenie \u00faspe\u0161nej transakcie nabehne<strong>\u00a0do 2 sek\u00fand.<\/strong>\u00a0\u00dadaje o ka\u017edej uskuto\u010dnenej transakcie m\u00e1te doslova pod palcom.<\/p>\n<h5>Tla\u010diare\u0148<\/h5>\n<p>O tla\u010d sa star\u00e1 integrovan\u00e1 termotla\u010diare\u0148 pre kot\u00fa\u010diky s rozmerom\u00a058mm a n\u00e1vinom 40 mm. R\u00fdchlos\u0165 tla\u010de dosahuje a\u017e\u00a070 mm\/s.<\/p>\n<h5>Cenov\u00e9 podmienky<\/h5>\n<p>Termin\u00e1l je poskytovan\u00fd formou pren\u00e1jmu\u00a0od 12 do 14 \u20ac mesa\u010dne v z\u00e1vislosti od dosiahnut\u00e9ho obratu cez platobn\u00fd termin\u00e1l.<\/p>\n<p>Servisn\u00fd poplatok za transakciu od 0,60%\u00a0MIF++.<\/p>\n","protected":false},"excerpt":{"rendered":"<p>Prenosn\u00fd platobn\u00fd termin\u00e1l a eKasa tla\u010diare\u0148 SUNMI P2.<\/p>\n","protected":false},"featured_media":412,"template":"","meta":[],"product_brand":[],"product_cat":[12,13],"product_tag":[37],"class_list":{"0":"post-209","1":"product","2":"type-product","3":"status-publish","4":"has-post-thumbnail","6":"product_cat-ekasa-zariadenia","7":"product_cat-platobne-terminaly","8":"product_tag-price-range","10":"first","11":"onbackorder","12":"shipping-taxable","13":"purchasable","14":"product-type-simple"},"_links":{"self":[{"href":"https:\/\/be.portos.sk\/index.php\/wp-json\/wp\/v2\/product\/209","targetHints":{"allow":["GET"]}}],"collection":[{"href":"https:\/\/be.portos.sk\/index.php\/wp-json\/wp\/v2\/product"}],"about":[{"href":"https:\/\/be.portos.sk\/index.php\/wp-json\/wp\/v2\/types\/product"}],"wp:featuredmedia":[{"embeddable":true,"href":"https:\/\/be.portos.sk\/index.php\/wp-json\/wp\/v2\/media\/412"}],"wp:attachment":[{"href":"https:\/\/be.portos.sk\/index.php\/wp-json\/wp\/v2\/media?parent=209"}],"wp:term":[{"taxonomy":"product_brand","embeddable":true,"href":"https:\/\/be.portos.sk\/index.php\/wp-json\/wp\/v2\/product_brand?post=209"},{"taxonomy":"product_cat","embeddable":true,"href":"https:\/\/be.portos.sk\/index.php\/wp-json\/wp\/v2\/product_cat?post=209"},{"taxonomy":"product_tag","embeddable":true,"href":"https:\/\/be.portos.sk\/index.php\/wp-json\/wp\/v2\/product_tag?post=209"}],"curies":[{"name":"wp","href":"https:\/\/api.w.org\/{rel}","templated":true}]}}