{"id":256,"date":"2024-05-27T11:53:28","date_gmt":"2024-05-27T09:53:28","guid":{"rendered":"https:\/\/be.portos.sk\/?post_type=product&#038;p=256"},"modified":"2024-10-22T08:52:48","modified_gmt":"2024-10-22T06:52:48","slug":"portos-ekasa-s-uloziskom-chdu-lite","status":"publish","type":"product","link":"https:\/\/be.portos.sk\/index.php\/produkt\/portos-ekasa-s-uloziskom-chdu-lite\/","title":{"rendered":"Portos eKasa s \u00falo\u017eiskom CHDU Lite"},"content":{"rendered":"<h5>Popis<\/h5>\n<div class=\"content\">\n<p>Portos eKasa je \u0161ikovn\u00e9 rie\u0161enie pre komunik\u00e1ciu so syst\u00e9mom finan\u010dnej spr\u00e1vy eKasa.\u00a0Je 100% kompatibiln\u00e9 s pokladni\u010dn\u00fdm syst\u00e9mom PORTOS.<\/p>\n<ul>\n<li><span style=\"color: #000000;\">najr\u00fdchlej\u0161ia eKasa na trhu<\/span><\/li>\n<li><span style=\"color: #000000;\">nen\u00e1ro\u010dn\u00e9, bez\u00fadr\u017ebov\u00e9 zariadenie<\/span><\/li>\n<li><span style=\"color: #000000;\">podporuje tla\u010d grafick\u00e9ho loga<\/span><\/li>\n<li><span style=\"color: #000000;\">podporuje otv\u00e1ranie pokladni\u010dnej z\u00e1suvky<\/span><\/li>\n<li><span style=\"color: #000000;\">pripojite\u013en\u00e9 aj k tla\u010diarni nepodporuj\u00facej tla\u010d QR k\u00f3dov<\/span><\/li>\n<li><span style=\"color: #000000;\">kompatkn\u00e9 rozmery<\/span><\/li>\n<li><span style=\"color: #000000;\">robustn\u00e1 kon\u0161trukcia<\/span><\/li>\n<\/ul>\n<h5>Certifikovan\u00e9 finan\u010dnou spr\u00e1vou<\/h5>\n<p>Portos eKasa je jedn\u00fdm z prv\u00fdch certifikovan\u00fdch eKasa rie\u0161en\u00ed. Portos eKasa bola certifikovan\u00e1 u\u017e 22. 03. 2019. Ide o spo\u013eahliv\u00e9, stabiln\u00e9 a overen\u00e9 rie\u0161enie, ktor\u00e9 je nasaden\u00e9 na tis\u00edckach predajn\u00fdch miest.<\/p>\n<h5>Bleskov\u00e9 vytla\u010denie dokladu<\/h5>\n<p>Portos eKasa dok\u00e1\u017ee vytla\u010di\u0165 pokladni\u010dn\u00fd doklad u\u017e od 1 sekundy v\u010faka r\u00fdchlemu \u00falo\u017eisku CHDU Lite. Je tak vhodn\u00fd aj do najvy\u0165a\u017eenej\u0161\u00edch predajn\u00fdch miest s r\u00fdchlym ob\u010derstven\u00edm, \u010di do jed\u00e1ln\u00ed. Teda v\u0161ade, kde je ka\u017ed\u00fd moment vz\u00e1cny.<\/p>\n<h5>Pohodln\u00e9 vr\u00e1tenie tovaru<\/h5>\n<p>Pri vr\u00e1ten\u00ed tovaru Va\u0161im klientom v z\u00e1kone pribudla povinnos\u0165 v pokladnici povinne uv\u00e1dza\u0165 identifik\u00e1tor dokladu. V\u010faka syst\u00e9mu Portos eKasa ho viete ma\u0165 na doklade vytla\u010den\u00fd okrem QR k\u00f3du aj v podobe \u010diarov\u00e9ho k\u00f3du, ktor\u00fd obsluha jednoducho nasn\u00edma be\u017en\u00fdm sn\u00edma\u010dom \u010diarov\u00fdch k\u00f3dov.<\/p>\n<h5>Jednoduch\u0161ie to u\u017e nejde<\/h5>\n<p>Portos eKasa je najm\u00e4 softv\u00e9rov\u00e9 rie\u0161enie. To znamen\u00e1, \u017ee k po\u010d\u00edta\u010du sta\u010d\u00ed pripoji\u0165 USB k\u00e1blom chr\u00e1nen\u00e9 d\u00e1tov\u00e9 \u00falo\u017eisko. Oby\u010dajn\u00fa tla\u010diare\u0148 na \u00fa\u010dtenky zapoj\u00edte do \u00falo\u017eiska s\u00e9riov\u00fdm k\u00e1blom. \u017diadne \u010fal\u0161ie \u0161pecializovan\u00e9 zariadenia za stovky eur nie s\u00fa potrebn\u00e9.\u00a0\u00dalo\u017eisko je navy\u0161e \u00faplne bez\u00fadr\u017ebov\u00e9 zariadenie bez pohybliv\u00fdch dielov a nevy\u017eaduje servisn\u00e9 prehliadky.<\/p>\n<h5>Pripojenie<\/h5>\n<p>\u00dalo\u017eisko obsahuje dva konektory:<\/p>\n<ul>\n<li><span style=\"color: #000000;\">micro USB pre spojenie s po\u010d\u00edta\u010dom<\/span><\/li>\n<li><span style=\"color: #000000;\">9-pinov\u00fd s\u00e9riov\u00fd RS232 konektor pre spojenie s tla\u010diar\u0148ou<\/span><\/li>\n<\/ul>\n<p>V cene zariadenia nie je zahrnut\u00e1 aktiv\u00e1cia zariadenia (tzv. fi\u0161kaliz\u00e1cia) v hodnote 60 \u20ac. K zariadeniu je potrebn\u00e9 pripoji\u0165 tla\u010diare\u0148 so s\u00e9riov\u00fdm portom.<\/p>\n<\/div>\n","protected":false},"excerpt":{"rendered":"<div class=\"row\">\n<div class=\"col-12\">\n<div class=\"title\">\n<p>Najr\u00fdchlej\u0161ia eKasa na trhu. Tla\u010d dokladu u\u017e za 1 sekundu.<\/p>\n<\/div>\n<\/div>\n<\/div>\n","protected":false},"featured_media":428,"template":"","meta":[],"product_brand":[],"product_cat":[12,9],"product_tag":[37],"class_list":{"0":"post-256","1":"product","2":"type-product","3":"status-publish","4":"has-post-thumbnail","6":"product_cat-ekasa-zariadenia","7":"product_cat-hardverove-doplnky","8":"product_tag-price-range","10":"first","11":"instock","12":"shipping-taxable","13":"purchasable","14":"product-type-simple"},"_links":{"self":[{"href":"https:\/\/be.portos.sk\/index.php\/wp-json\/wp\/v2\/product\/256","targetHints":{"allow":["GET"]}}],"collection":[{"href":"https:\/\/be.portos.sk\/index.php\/wp-json\/wp\/v2\/product"}],"about":[{"href":"https:\/\/be.portos.sk\/index.php\/wp-json\/wp\/v2\/types\/product"}],"wp:featuredmedia":[{"embeddable":true,"href":"https:\/\/be.portos.sk\/index.php\/wp-json\/wp\/v2\/media\/428"}],"wp:attachment":[{"href":"https:\/\/be.portos.sk\/index.php\/wp-json\/wp\/v2\/media?parent=256"}],"wp:term":[{"taxonomy":"product_brand","embeddable":true,"href":"https:\/\/be.portos.sk\/index.php\/wp-json\/wp\/v2\/product_brand?post=256"},{"taxonomy":"product_cat","embeddable":true,"href":"https:\/\/be.portos.sk\/index.php\/wp-json\/wp\/v2\/product_cat?post=256"},{"taxonomy":"product_tag","embeddable":true,"href":"https:\/\/be.portos.sk\/index.php\/wp-json\/wp\/v2\/product_tag?post=256"}],"curies":[{"name":"wp","href":"https:\/\/api.w.org\/{rel}","templated":true}]}}