{"id":260,"date":"2024-05-28T10:44:49","date_gmt":"2024-05-28T08:44:49","guid":{"rendered":"https:\/\/be.portos.sk\/?post_type=product&#038;p=260"},"modified":"2024-10-22T08:50:03","modified_gmt":"2024-10-22T06:50:03","slug":"xprinter-xp-s260m","status":"publish","type":"product","link":"https:\/\/be.portos.sk\/index.php\/produkt\/xprinter-xp-s260m\/","title":{"rendered":"XPrinter XP-S260M"},"content":{"rendered":"<p><span style=\"color: #000000;\">Termotla\u010diare\u0148 XPrinter XP-S260M je cenovo dostupn\u00e1 tla\u010diare\u0148 s r\u00fdchlou tla\u010dou.<\/span><\/p>\n<ul>\n<li><span style=\"color: #000000;\">\u013dahk\u00e9 vlo\u017eenie a v\u00fdmena papierov\u00e9ho kot\u00fa\u010da<\/span><\/li>\n<li><span style=\"color: #000000;\">Obsahuje no\u017enice na odrezenie papiera<\/span><\/li>\n<li><span style=\"color: #000000;\">Podporuje slovensk\u00fd jazyk<\/span><\/li>\n<li><span style=\"color: #000000;\">Podporuje tla\u010d QR k\u00f3du<\/span><\/li>\n<li><span style=\"color: #000000;\">Elegantn\u00fd dizajn<\/span><\/li>\n<li><span style=\"color: #000000;\">Mo\u017enos\u0165 mont\u00e1\u017ee na stenu<\/span><\/li>\n<\/ul>\n<p><span style=\"color: #000000;\">Tla\u010diare\u0148 obsahuje v\u0161etky\u00a0najpou\u017e\u00edvanej\u0161ie\u00a0rozhrania:<\/span><\/p>\n<ul>\n<li><span style=\"color: #000000;\">USB<\/span><\/li>\n<li><span style=\"color: #000000;\">RS232 (S\u00e9riov\u00fd konektor)<\/span><\/li>\n<li><span style=\"color: #000000;\">LAN (Ethernet konektor)<\/span><\/li>\n<\/ul>\n<h5><span style=\"color: #000000;\">eKasa kompatibiln\u00e1<\/span><\/h5>\n<p><span style=\"color: #000000;\">V\u010faka RS232 konektoru a podpore tla\u010de slovensk\u00fdch znakov aj QR k\u00f3dov je vhodn\u00e1 aj ako\u00a0eKasa\u00a0tla\u010diare\u0148 pripojen\u00e1 k chr\u00e1nen\u00e9mu d\u00e1tov\u00e9mu \u00falo\u017eisku.<\/span><\/p>\n<h5><span style=\"color: #000000;\">V\u00fdrobca<\/span><\/h5>\n<p><span style=\"color: #000000;\">XPrinter<\/span><\/p>\n","protected":false},"excerpt":{"rendered":"<p>Cenovo dostupn\u00e1 tla\u010diare\u0148 s USB, s\u00e9riov\u00fdm aj Ethernet rozhran\u00edm. Vhodn\u00e1 ako eKasa.<\/p>\n","protected":false},"featured_media":427,"template":"","meta":[],"product_brand":[],"product_cat":[15],"product_tag":[37],"class_list":{"0":"post-260","1":"product","2":"type-product","3":"status-publish","4":"has-post-thumbnail","6":"product_cat-tlaciarne","7":"product_tag-price-range","9":"first","10":"onbackorder","11":"shipping-taxable","12":"purchasable","13":"product-type-simple"},"_links":{"self":[{"href":"https:\/\/be.portos.sk\/index.php\/wp-json\/wp\/v2\/product\/260","targetHints":{"allow":["GET"]}}],"collection":[{"href":"https:\/\/be.portos.sk\/index.php\/wp-json\/wp\/v2\/product"}],"about":[{"href":"https:\/\/be.portos.sk\/index.php\/wp-json\/wp\/v2\/types\/product"}],"wp:featuredmedia":[{"embeddable":true,"href":"https:\/\/be.portos.sk\/index.php\/wp-json\/wp\/v2\/media\/427"}],"wp:attachment":[{"href":"https:\/\/be.portos.sk\/index.php\/wp-json\/wp\/v2\/media?parent=260"}],"wp:term":[{"taxonomy":"product_brand","embeddable":true,"href":"https:\/\/be.portos.sk\/index.php\/wp-json\/wp\/v2\/product_brand?post=260"},{"taxonomy":"product_cat","embeddable":true,"href":"https:\/\/be.portos.sk\/index.php\/wp-json\/wp\/v2\/product_cat?post=260"},{"taxonomy":"product_tag","embeddable":true,"href":"https:\/\/be.portos.sk\/index.php\/wp-json\/wp\/v2\/product_tag?post=260"}],"curies":[{"name":"wp","href":"https:\/\/api.w.org\/{rel}","templated":true}]}}