{"id":265,"date":"2024-05-28T11:07:33","date_gmt":"2024-05-28T09:07:33","guid":{"rendered":"https:\/\/be.portos.sk\/?post_type=product&#038;p=265"},"modified":"2024-10-22T08:48:44","modified_gmt":"2024-10-22T06:48:44","slug":"opticon-opr-2001","status":"publish","type":"product","link":"https:\/\/be.portos.sk\/index.php\/produkt\/opticon-opr-2001\/","title":{"rendered":"Opticon OPR-2001"},"content":{"rendered":"<p><span style=\"color: #000000;\">Laserov\u00fd sn\u00edma\u010d s modern\u00fdm, ultra tenk\u00fdm dizajnom, je dod\u00e1van\u00fd aj so stojanom s nastavite\u013en\u00fdm sklonom sn\u00edma\u010da. Ide\u00e1lny pomocn\u00edk pri r\u00fdchlom vyh\u013ead\u00e1van\u00ed tovarov, alebo z\u00e1kazn\u00edckych kariet. D\u00e1 sa vyu\u017ei\u0165 aj pri prihlasovan\u00ed zamestnancov do pokladne pomocou karti\u010diek s \u010diarov\u00fdmi k\u00f3dmi.<\/span><\/p>\n<ul>\n<li><span style=\"color: #000000;\">100 nasn\u00edman\u00ed za sekundu<\/span><\/li>\n<li><span style=\"color: #000000;\">Sn\u00edmanie aj pri n\u00edzkom kontaste<\/span><\/li>\n<li><span style=\"color: #000000;\">M\u00f3d automatick\u00e9ho sn\u00edmania<\/span><\/li>\n<li><span style=\"color: #000000;\">Ergonomick\u00fd dizajn<\/span><\/li>\n<\/ul>\n","protected":false},"excerpt":{"rendered":"<p>Jednol\u00fa\u010dov\u00fd laserov\u00fd sn\u00edma\u010d \u010diarov\u00fdch k\u00f3dov v elegantnom preveden\u00ed.<\/p>\n","protected":false},"featured_media":426,"template":"","meta":[],"product_brand":[],"product_cat":[16],"product_tag":[37],"class_list":{"0":"post-265","1":"product","2":"type-product","3":"status-publish","4":"has-post-thumbnail","6":"product_cat-snimace-ciarovych-kodov","7":"product_tag-price-range","9":"first","10":"onbackorder","11":"shipping-taxable","12":"purchasable","13":"product-type-simple"},"_links":{"self":[{"href":"https:\/\/be.portos.sk\/index.php\/wp-json\/wp\/v2\/product\/265","targetHints":{"allow":["GET"]}}],"collection":[{"href":"https:\/\/be.portos.sk\/index.php\/wp-json\/wp\/v2\/product"}],"about":[{"href":"https:\/\/be.portos.sk\/index.php\/wp-json\/wp\/v2\/types\/product"}],"wp:featuredmedia":[{"embeddable":true,"href":"https:\/\/be.portos.sk\/index.php\/wp-json\/wp\/v2\/media\/426"}],"wp:attachment":[{"href":"https:\/\/be.portos.sk\/index.php\/wp-json\/wp\/v2\/media?parent=265"}],"wp:term":[{"taxonomy":"product_brand","embeddable":true,"href":"https:\/\/be.portos.sk\/index.php\/wp-json\/wp\/v2\/product_brand?post=265"},{"taxonomy":"product_cat","embeddable":true,"href":"https:\/\/be.portos.sk\/index.php\/wp-json\/wp\/v2\/product_cat?post=265"},{"taxonomy":"product_tag","embeddable":true,"href":"https:\/\/be.portos.sk\/index.php\/wp-json\/wp\/v2\/product_tag?post=265"}],"curies":[{"name":"wp","href":"https:\/\/api.w.org\/{rel}","templated":true}]}}