{"id":271,"date":"2024-05-28T11:17:53","date_gmt":"2024-05-28T09:17:53","guid":{"rendered":"https:\/\/be.portos.sk\/?post_type=product&#038;p=271"},"modified":"2024-10-22T08:46:29","modified_gmt":"2024-10-22T06:46:29","slug":"labau-fd-230","status":"publish","type":"product","link":"https:\/\/be.portos.sk\/index.php\/produkt\/labau-fd-230\/","title":{"rendered":"Labau FD-230"},"content":{"rendered":"<p><span style=\"color: #000000;\">Jednoduch\u00fd dizajn, stabiln\u00fd podstavec a r\u00fdchla in\u0161tal\u00e1cia. Obohatenie Va\u0161ej prev\u00e1dzky o z\u00e1kazn\u00edky displej je z\u00e1le\u017eitos\u0165ou sekundy.<\/span><\/p>\n<ul>\n<li><span style=\"color: #000000;\">Podpora slovenskej abecedy<\/span><\/li>\n<li><span style=\"color: #000000;\">Prisp\u00f4sobite\u013en\u00e1 v\u00fd\u0161ka v\u010faka dvom odn\u00edmate\u013en\u00fdm\u00a0\u010dastiam podstavca<\/span><\/li>\n<li><span style=\"color: #000000;\">Nakl\u00e1pate\u013en\u00fd sklon zobrazovacej \u010dasti<\/span><\/li>\n<li><span style=\"color: #000000;\">Dostupn\u00fd v \u010diernej farbe<\/span><\/li>\n<li><span style=\"color: #000000;\">Zelen\u00fd text (2 riadky po 20 znakov)<\/span><\/li>\n<\/ul>\n<p><span style=\"color: #000000;\">V syst\u00e9me PORTOS si m\u00f4\u017eete nastavi\u0165 vlastn\u00fa uv\u00edtaciu hl\u00e1\u0161ku, ktor\u00e1 sa zobraz\u00ed v pr\u00edpade, ak poklad\u0148a nevykon\u00e1va \u017eiadnu \u010dinnos\u0165.<\/span><\/p>\n","protected":false},"excerpt":{"rendered":"<p>Nakl\u00e1pate\u013en\u00fd z\u00e1kazn\u00edcky displej pripojite\u013en\u00fd cez USB rozhranie.<\/p>\n","protected":false},"featured_media":425,"template":"","meta":[],"product_brand":[],"product_cat":[17],"product_tag":[37],"class_list":{"0":"post-271","1":"product","2":"type-product","3":"status-publish","4":"has-post-thumbnail","6":"product_cat-zakaznicke-dispeje","7":"product_tag-price-range","9":"first","10":"onbackorder","11":"shipping-taxable","12":"purchasable","13":"product-type-simple"},"_links":{"self":[{"href":"https:\/\/be.portos.sk\/index.php\/wp-json\/wp\/v2\/product\/271","targetHints":{"allow":["GET"]}}],"collection":[{"href":"https:\/\/be.portos.sk\/index.php\/wp-json\/wp\/v2\/product"}],"about":[{"href":"https:\/\/be.portos.sk\/index.php\/wp-json\/wp\/v2\/types\/product"}],"wp:featuredmedia":[{"embeddable":true,"href":"https:\/\/be.portos.sk\/index.php\/wp-json\/wp\/v2\/media\/425"}],"wp:attachment":[{"href":"https:\/\/be.portos.sk\/index.php\/wp-json\/wp\/v2\/media?parent=271"}],"wp:term":[{"taxonomy":"product_brand","embeddable":true,"href":"https:\/\/be.portos.sk\/index.php\/wp-json\/wp\/v2\/product_brand?post=271"},{"taxonomy":"product_cat","embeddable":true,"href":"https:\/\/be.portos.sk\/index.php\/wp-json\/wp\/v2\/product_cat?post=271"},{"taxonomy":"product_tag","embeddable":true,"href":"https:\/\/be.portos.sk\/index.php\/wp-json\/wp\/v2\/product_tag?post=271"}],"curies":[{"name":"wp","href":"https:\/\/api.w.org\/{rel}","templated":true}]}}