{"id":279,"date":"2024-05-28T11:32:50","date_gmt":"2024-05-28T09:32:50","guid":{"rendered":"https:\/\/be.portos.sk\/?post_type=product&#038;p=279"},"modified":"2024-05-28T11:38:26","modified_gmt":"2024-05-28T09:38:26","slug":"dibal-cely-pi-100f","status":"publish","type":"product","link":"https:\/\/be.portos.sk\/index.php\/produkt\/dibal-cely-pi-100f\/","title":{"rendered":"Dibal CELY PI-100F"},"content":{"rendered":"<p><span style=\"color: #000000;\">Ak potrebujete kvalitn\u00e9ho a spo\u013eahliv\u00e9ho pomocn\u00edka pri v\u00e1\u017een\u00ed v\u00e1\u0161ho tovaru priamo do va\u0161ej aplik\u00e1cie je t\u00e1to v\u00e1ha CELY t\u00fdm spr\u00e1vnym rie\u0161en\u00edm.\u00a0V\u00e1ha je vhodn\u00e1 pre priamy predaj, alebo na predaj pomocou pokladni\u010dnej aplik\u00e1cie PORTOS s automatick\u00fdm pren\u00e1\u0161an\u00edm hmotnosti do po\u010d\u00edta\u010da.<\/span><\/p>\n<p><span style=\"color: #000000;\">Funkcie:<\/span><\/p>\n<ul>\n<li><span style=\"color: #000000;\">Tara<\/span><\/li>\n<li><span style=\"color: #000000;\">Nulovanie<\/span><\/li>\n<li><span style=\"color: #000000;\">Vo\u013eba podsvietenia displeja<\/span><\/li>\n<\/ul>\n<p><span style=\"color: #000000;\">V\u00e1ha obsahuje odn\u00edmate\u013en\u00fd\u00a0prieh\u013eadn\u00fd\u00a0kryt\u00a0proti vode a ne\u010distot\u00e1m.<\/span><\/p>\n","protected":false},"excerpt":{"rendered":"<p>Kvalitn\u00fd a spo\u013eahliv\u00fd pomocn\u00edk pri v\u00e1\u017een\u00ed tovaru priamo do pokladne.<\/p>\n","protected":false},"featured_media":280,"template":"","meta":[],"product_brand":[],"product_cat":[18],"product_tag":[37],"class_list":{"0":"post-279","1":"product","2":"type-product","3":"status-publish","4":"has-post-thumbnail","6":"product_cat-digitalne-vahy","7":"product_tag-price-range","9":"first","10":"onbackorder","11":"shipping-taxable","12":"purchasable","13":"product-type-simple"},"_links":{"self":[{"href":"https:\/\/be.portos.sk\/index.php\/wp-json\/wp\/v2\/product\/279","targetHints":{"allow":["GET"]}}],"collection":[{"href":"https:\/\/be.portos.sk\/index.php\/wp-json\/wp\/v2\/product"}],"about":[{"href":"https:\/\/be.portos.sk\/index.php\/wp-json\/wp\/v2\/types\/product"}],"wp:featuredmedia":[{"embeddable":true,"href":"https:\/\/be.portos.sk\/index.php\/wp-json\/wp\/v2\/media\/280"}],"wp:attachment":[{"href":"https:\/\/be.portos.sk\/index.php\/wp-json\/wp\/v2\/media?parent=279"}],"wp:term":[{"taxonomy":"product_brand","embeddable":true,"href":"https:\/\/be.portos.sk\/index.php\/wp-json\/wp\/v2\/product_brand?post=279"},{"taxonomy":"product_cat","embeddable":true,"href":"https:\/\/be.portos.sk\/index.php\/wp-json\/wp\/v2\/product_cat?post=279"},{"taxonomy":"product_tag","embeddable":true,"href":"https:\/\/be.portos.sk\/index.php\/wp-json\/wp\/v2\/product_tag?post=279"}],"curies":[{"name":"wp","href":"https:\/\/api.w.org\/{rel}","templated":true}]}}