{"id":287,"date":"2024-05-29T08:31:10","date_gmt":"2024-05-29T06:31:10","guid":{"rendered":"https:\/\/be.portos.sk\/?post_type=product&#038;p=287"},"modified":"2024-05-29T08:45:35","modified_gmt":"2024-05-29T06:45:35","slug":"215-palcovy-philips","status":"publish","type":"product","link":"https:\/\/be.portos.sk\/index.php\/produkt\/215-palcovy-philips\/","title":{"rendered":"21,5-palcov\u00fd Philips"},"content":{"rendered":"<p>Vynikaj\u00faci pomer cena : v\u00fdkon.\u00a0V\u010faka Full HD rozl\u00ed\u0161eniu\u00a01920\u00d71080 bodov s pomerom\u00a0str\u00e1n 16:9 budete ma\u0165 dostatok priestoru a komfortu pre pou\u017e\u00edvanie POROTS-u aj in\u00fdch aplik\u00e1cii. Monitor obsahuje VGA konektor pre spojenie s po\u010d\u00edta\u010dom a VESA \u0161tandard pre mont\u00e1\u017e monitoru napr\u00edklad na stenu, alebo kompatibiln\u00e9 stojany.\u00a0Svojimi kompaktn\u00fdmi rozmermi a n\u00edzkou hmotnos\u0165ou je monitor vhodn\u00fdm doplnkom\u00a0na va\u0161e predajn\u00e9 miesto, alebo do kancel\u00e1rie.<\/p>\n","protected":false},"excerpt":{"rendered":"<p>Nedotykov\u00fd monitor s Full HD rozl\u00ed\u0161en\u00edm.<\/p>\n","protected":false},"featured_media":288,"template":"","meta":[],"product_brand":[],"product_cat":[20],"product_tag":[37],"class_list":{"0":"post-287","1":"product","2":"type-product","3":"status-publish","4":"has-post-thumbnail","6":"product_cat-monitory","7":"product_tag-price-range","9":"first","10":"onbackorder","11":"shipping-taxable","12":"purchasable","13":"product-type-simple"},"_links":{"self":[{"href":"https:\/\/be.portos.sk\/index.php\/wp-json\/wp\/v2\/product\/287","targetHints":{"allow":["GET"]}}],"collection":[{"href":"https:\/\/be.portos.sk\/index.php\/wp-json\/wp\/v2\/product"}],"about":[{"href":"https:\/\/be.portos.sk\/index.php\/wp-json\/wp\/v2\/types\/product"}],"wp:featuredmedia":[{"embeddable":true,"href":"https:\/\/be.portos.sk\/index.php\/wp-json\/wp\/v2\/media\/288"}],"wp:attachment":[{"href":"https:\/\/be.portos.sk\/index.php\/wp-json\/wp\/v2\/media?parent=287"}],"wp:term":[{"taxonomy":"product_brand","embeddable":true,"href":"https:\/\/be.portos.sk\/index.php\/wp-json\/wp\/v2\/product_brand?post=287"},{"taxonomy":"product_cat","embeddable":true,"href":"https:\/\/be.portos.sk\/index.php\/wp-json\/wp\/v2\/product_cat?post=287"},{"taxonomy":"product_tag","embeddable":true,"href":"https:\/\/be.portos.sk\/index.php\/wp-json\/wp\/v2\/product_tag?post=287"}],"curies":[{"name":"wp","href":"https:\/\/api.w.org\/{rel}","templated":true}]}}