{"id":292,"date":"2024-05-29T08:38:11","date_gmt":"2024-05-29T06:38:11","guid":{"rendered":"https:\/\/be.portos.sk\/?post_type=product&#038;p=292"},"modified":"2024-10-22T08:41:45","modified_gmt":"2024-10-22T06:41:45","slug":"elio-1506a-156","status":"publish","type":"product","link":"https:\/\/be.portos.sk\/index.php\/produkt\/elio-1506a-156\/","title":{"rendered":"Elio 1506A 15,6&#8243;"},"content":{"rendered":"<p><span style=\"color: #000000;\">Dizajn s \u201enulov\u00fdm r\u00e1mom\u201c vytv\u00e1ra hladk\u00fd s\u00favisl\u00fd povrch, ktor\u00fd sa \u013eahko \u010dist\u00ed, v\u010faka \u010domu je monitor odolnej\u0161\u00ed.\u00a0Dotykov\u00fd monitor elio 1506A, je ide\u00e1lnou vo\u013ebou pre obchody, alebo re\u0161taur\u00e1cie a fran\u0161\u00edzy s vysokou prem\u00e1vkou.<\/span><\/p>\n<p><span style=\"color: #000000;\">Pre z\u00e1kladn\u00e9 ovl\u00e1danie dotykovej obrazovky nie s\u00fa potrebn\u00e9 \u017eiadne ovl\u00e1da\u010de, ale pre pokro\u010dil\u00e9 funkcie sa ovl\u00e1da\u010de r\u00fdchlo na\u010d\u00edtaj\u00fa pomocou \u013eahko ovl\u00e1date\u013en\u00fdch pokynov krok za krokom.<\/span><\/p>\n<ul>\n<li><span style=\"color: #000000;\">Cenovo v\u00fdhodn\u00fd<\/span><\/li>\n<li><span style=\"color: #000000;\">Modern\u00fd kompaktn\u00fd dizajn<\/span><\/li>\n<li><span style=\"color: #000000;\">\u013dahk\u00e9 \u010distenie<\/span><\/li>\n<li><span style=\"color: #000000;\">Navrhnut\u00fd pre pou\u017eitie na predajn\u00fdch miestach ako dotykov\u00e1 pokladnica<\/span><\/li>\n<li><span style=\"color: #000000;\">Ostr\u00fd obraz poskytuje jasnos\u0165 a jednoduchos\u0165 pre projekt, na ktorom pracujete.<\/span><\/li>\n<\/ul>\n","protected":false},"excerpt":{"rendered":"<p>Dotykov\u00fd LCD monitor s HD ready rozl\u00ed\u0161en\u00edm a kompaktn\u00fdm modern\u00fdm dizajnom.<\/p>\n","protected":false},"featured_media":422,"template":"","meta":[],"product_brand":[],"product_cat":[21],"product_tag":[37],"class_list":{"0":"post-292","1":"product","2":"type-product","3":"status-publish","4":"has-post-thumbnail","6":"product_cat-dotykove-monitory","7":"product_tag-price-range","9":"first","10":"onbackorder","11":"shipping-taxable","12":"purchasable","13":"product-type-simple"},"_links":{"self":[{"href":"https:\/\/be.portos.sk\/index.php\/wp-json\/wp\/v2\/product\/292","targetHints":{"allow":["GET"]}}],"collection":[{"href":"https:\/\/be.portos.sk\/index.php\/wp-json\/wp\/v2\/product"}],"about":[{"href":"https:\/\/be.portos.sk\/index.php\/wp-json\/wp\/v2\/types\/product"}],"wp:featuredmedia":[{"embeddable":true,"href":"https:\/\/be.portos.sk\/index.php\/wp-json\/wp\/v2\/media\/422"}],"wp:attachment":[{"href":"https:\/\/be.portos.sk\/index.php\/wp-json\/wp\/v2\/media?parent=292"}],"wp:term":[{"taxonomy":"product_brand","embeddable":true,"href":"https:\/\/be.portos.sk\/index.php\/wp-json\/wp\/v2\/product_brand?post=292"},{"taxonomy":"product_cat","embeddable":true,"href":"https:\/\/be.portos.sk\/index.php\/wp-json\/wp\/v2\/product_cat?post=292"},{"taxonomy":"product_tag","embeddable":true,"href":"https:\/\/be.portos.sk\/index.php\/wp-json\/wp\/v2\/product_tag?post=292"}],"curies":[{"name":"wp","href":"https:\/\/api.w.org\/{rel}","templated":true}]}}