{"id":299,"date":"2024-05-29T09:31:04","date_gmt":"2024-05-29T07:31:04","guid":{"rendered":"https:\/\/be.portos.sk\/?post_type=product&#038;p=299"},"modified":"2024-10-22T08:38:33","modified_gmt":"2024-10-22T06:38:33","slug":"repasovany-pocitac","status":"publish","type":"product","link":"https:\/\/be.portos.sk\/index.php\/produkt\/repasovany-pocitac\/","title":{"rendered":"Repasovan\u00fd po\u010d\u00edta\u010d"},"content":{"rendered":"<p><span style=\"color: #000000;\">Cenovo najdostupnej\u0161ia vo\u013eba v\u00fdkonn\u00e9ho stolov\u00e9ho po\u010d\u00edta\u010da. Po\u010d\u00edta\u010d je stavan\u00fd\u00a0tak, aby s preh\u013eadom zvl\u00e1dol v\u0161etky \u00fakony na va\u0161om predajnom mieste. Dod\u00e1van\u00fd je s nain\u0161talovan\u00fdm opera\u010dn\u00fdm syst\u00e9mom Windows 10.<\/span><\/p>\n<p><span style=\"color: #000000;\">Konkr\u00e9tne parametre zariadenia z\u00e1visia od aktu\u00e1lneho stavu skladov\u00fdch z\u00e1sob, garantujeme v\u0161ak najmenej tieto parametre:<\/span><\/p>\n<ul>\n<li><span style=\"color: #000000;\">Po\u010d\u00edta\u010d od niektor\u00e9ho z popredn\u00fdch v\u00fdrobcov<\/span><\/li>\n<li><span style=\"color: #000000;\">Procesor Intel i5<\/span><\/li>\n<li><span style=\"color: #000000;\">4GB opera\u010dnej pam\u00e4te RAM<\/span><\/li>\n<li><span style=\"color: #000000;\">S opera\u010dn\u00fdm syst\u00e9mom Windows 10 Home (alebo vy\u0161\u0161ou)<\/span><span style=\"color: #000000;\">Roz\u0161\u00edrenie na\u00a0 8GB RAM a SSD disk\u00a0 \u00a0+ 20\u20ac<\/span><\/li>\n<\/ul>\n<p><span style=\"color: #000000;\">Obr\u00e1zky v gal\u00e9rii s\u00fa ilustra\u010dn\u00e9.<\/span><\/p>\n","protected":false},"excerpt":{"rendered":"<p>V\u00fdkonn\u00fd stolov\u00fd po\u010d\u00edta\u010d s ro\u010dnou z\u00e1rukou.<\/p>\n","protected":false},"featured_media":420,"template":"","meta":[],"product_brand":[],"product_cat":[22],"product_tag":[37],"class_list":{"0":"post-299","1":"product","2":"type-product","3":"status-publish","4":"has-post-thumbnail","6":"product_cat-pocitace","7":"product_tag-price-range","9":"first","10":"onbackorder","11":"shipping-taxable","12":"purchasable","13":"product-type-simple"},"_links":{"self":[{"href":"https:\/\/be.portos.sk\/index.php\/wp-json\/wp\/v2\/product\/299","targetHints":{"allow":["GET"]}}],"collection":[{"href":"https:\/\/be.portos.sk\/index.php\/wp-json\/wp\/v2\/product"}],"about":[{"href":"https:\/\/be.portos.sk\/index.php\/wp-json\/wp\/v2\/types\/product"}],"wp:featuredmedia":[{"embeddable":true,"href":"https:\/\/be.portos.sk\/index.php\/wp-json\/wp\/v2\/media\/420"}],"wp:attachment":[{"href":"https:\/\/be.portos.sk\/index.php\/wp-json\/wp\/v2\/media?parent=299"}],"wp:term":[{"taxonomy":"product_brand","embeddable":true,"href":"https:\/\/be.portos.sk\/index.php\/wp-json\/wp\/v2\/product_brand?post=299"},{"taxonomy":"product_cat","embeddable":true,"href":"https:\/\/be.portos.sk\/index.php\/wp-json\/wp\/v2\/product_cat?post=299"},{"taxonomy":"product_tag","embeddable":true,"href":"https:\/\/be.portos.sk\/index.php\/wp-json\/wp\/v2\/product_tag?post=299"}],"curies":[{"name":"wp","href":"https:\/\/api.w.org\/{rel}","templated":true}]}}