{"id":308,"date":"2024-05-29T11:41:13","date_gmt":"2024-05-29T09:41:13","guid":{"rendered":"https:\/\/be.portos.sk\/?post_type=product&#038;p=308"},"modified":"2024-10-21T11:31:23","modified_gmt":"2024-10-21T09:31:23","slug":"portos-ekasa-s-uloziskom-chdu-lite-a-vstavanym-usb-kablom","status":"publish","type":"product","link":"https:\/\/be.portos.sk\/index.php\/produkt\/portos-ekasa-s-uloziskom-chdu-lite-a-vstavanym-usb-kablom\/","title":{"rendered":"Portos eKasa s \u00falo\u017eiskom CHDU Lite a vstavan\u00fdm USB k\u00e1blom"},"content":{"rendered":"<p><span style=\"color: #000000;\">Portos eKasa je \u0161ikovn\u00e9 rie\u0161enie pre komunik\u00e1ciu so syst\u00e9mom finan\u010dnej spr\u00e1vy eKasa.\u00a0Je 100% kompatibiln\u00e9 s pokladni\u010dn\u00fdm syst\u00e9mom PORTOS.<\/span><\/p>\n<ul>\n<li><span style=\"color: #000000;\">najr\u00fdchlej\u0161ia eKasa na trhu<\/span><\/li>\n<li><span style=\"color: #000000;\">nen\u00e1ro\u010dn\u00e9, bez\u00fadr\u017ebov\u00e9 zariadenie<\/span><\/li>\n<li><span style=\"color: #000000;\">podporuje tla\u010d grafick\u00e9ho loga<\/span><\/li>\n<li><span style=\"color: #000000;\">podporuje otv\u00e1ranie pokladni\u010dnej z\u00e1suvky<\/span><\/li>\n<li><span style=\"color: #000000;\">pripojite\u013en\u00e9 aj k tla\u010diarni nepodporuj\u00facej tla\u010d QR k\u00f3dov<\/span><\/li>\n<li><span style=\"color: #000000;\">kompatkn\u00e9 rozmery<\/span><\/li>\n<li><span style=\"color: #000000;\">robustn\u00e1 kon\u0161trukcia<\/span><\/li>\n<\/ul>\n<h5><span style=\"color: #000000;\">Certifikovan\u00e9 finan\u010dnou spr\u00e1vou<\/span><\/h5>\n<p><span style=\"color: #000000;\">Portos eKasa je jedn\u00fdm z prv\u00fdch certifikovan\u00fdch eKasa rie\u0161en\u00ed. Portos eKasa bola certifikovan\u00e1 u\u017e 22. 03. 2019. Ide o spo\u013eahliv\u00e9, stabiln\u00e9 a overen\u00e9 rie\u0161enie, ktor\u00e9 je nasaden\u00e9 na tis\u00edckach predajn\u00fdch miest.<\/span><\/p>\n<h5><span style=\"color: #000000;\">Bleskov\u00e9 vytla\u010denie dokladu<\/span><\/h5>\n<p><span style=\"color: #000000;\">Portos eKasa dok\u00e1\u017ee vytla\u010di\u0165 pokladni\u010dn\u00fd doklad u\u017e od 1 sekundy v\u010faka r\u00fdchlemu \u00falo\u017eisku CHDU Lite. Je tak vhodn\u00fd aj do najvy\u0165a\u017eenej\u0161\u00edch predajn\u00fdch miest s r\u00fdchlym ob\u010derstven\u00edm, \u010di do jed\u00e1ln\u00ed. Teda v\u0161ade, kde je ka\u017ed\u00fd moment vz\u00e1cny.<\/span><\/p>\n<h5><span style=\"color: #000000;\">Pohodln\u00e9 vr\u00e1tenie tovaru<\/span><\/h5>\n<p><span style=\"color: #000000;\">Pri vr\u00e1ten\u00ed tovaru Va\u0161im klientom v z\u00e1kone pribudla povinnos\u0165 v pokladnici povinne uv\u00e1dza\u0165 identifik\u00e1tor dokladu. V\u010faka syst\u00e9mu Portos eKasa ho viete ma\u0165 na doklade vytla\u010den\u00fd okrem QR k\u00f3du aj v podobe \u010diarov\u00e9ho k\u00f3du, ktor\u00fd obsluha jednoducho nasn\u00edma be\u017en\u00fdm sn\u00edma\u010dom \u010diarov\u00fdch k\u00f3dov.<\/span><\/p>\n<h5><span style=\"color: #000000;\">Jednoduch\u0161ie to u\u017e nejde<\/span><\/h5>\n<p><span style=\"color: #000000;\">Portos eKasa je najm\u00e4 softv\u00e9rov\u00e9 rie\u0161enie. To znamen\u00e1, \u017ee k po\u010d\u00edta\u010du sta\u010d\u00ed pripoji\u0165 USB k\u00e1blom chr\u00e1nen\u00e9 d\u00e1tov\u00e9 \u00falo\u017eisko. Oby\u010dajn\u00fa tla\u010diare\u0148 na \u00fa\u010dtenky zapoj\u00edte do \u00falo\u017eiska s\u00e9riov\u00fdm k\u00e1blom. \u017diadne \u010fal\u0161ie \u0161pecializovan\u00e9 zariadenia za stovky eur nie s\u00fa potrebn\u00e9.\u00a0\u00dalo\u017eisko je navy\u0161e \u00faplne bez\u00fadr\u017ebov\u00e9 zariadenie bez pohybliv\u00fdch dielov a nevy\u017eaduje servisn\u00e9 prehliadky.<\/span><\/p>\n<p>&nbsp;<\/p>\n<h5><span style=\"color: #000000;\">Pripojenie<\/span><\/h5>\n<p><span style=\"color: #000000;\">\u00dalo\u017eisko obsahuje dva konektory:<\/span><\/p>\n<ul>\n<li><span style=\"color: #000000;\">USB-A pre spojenie s po\u010d\u00edta\u010dom (vstavan\u00fd USB k\u00e1bel)<\/span><\/li>\n<li><span style=\"color: #000000;\">25-pinov\u00fd s\u00e9riov\u00fd RS232 konektor pre spojenie s tla\u010diar\u0148ou<\/span><\/li>\n<\/ul>\n<p><span style=\"color: #000000;\">V cene zariadenia nie je zahrnut\u00e1 aktiv\u00e1cia zariadenia (tzv. fiskaliz\u00e1cia) v hodnote 60 \u20ac. K zariadeniu je potrebn\u00e9 pripoji\u0165 tla\u010diare\u0148 so s\u00e9riov\u00fdm portom.<\/span><\/p>\n","protected":false},"excerpt":{"rendered":"<p>Najr\u00fdchlej\u0161ia eKasa na trhu. Mo\u017enos\u0165 zapojenia priamo do tla\u010diarne.<\/p>\n","protected":false},"featured_media":418,"template":"","meta":[],"product_brand":[],"product_cat":[12],"product_tag":[37],"class_list":{"0":"post-308","1":"product","2":"type-product","3":"status-publish","4":"has-post-thumbnail","6":"product_cat-ekasa-zariadenia","7":"product_tag-price-range","9":"first","10":"instock","11":"shipping-taxable","12":"purchasable","13":"product-type-simple"},"_links":{"self":[{"href":"https:\/\/be.portos.sk\/index.php\/wp-json\/wp\/v2\/product\/308","targetHints":{"allow":["GET"]}}],"collection":[{"href":"https:\/\/be.portos.sk\/index.php\/wp-json\/wp\/v2\/product"}],"about":[{"href":"https:\/\/be.portos.sk\/index.php\/wp-json\/wp\/v2\/types\/product"}],"wp:featuredmedia":[{"embeddable":true,"href":"https:\/\/be.portos.sk\/index.php\/wp-json\/wp\/v2\/media\/418"}],"wp:attachment":[{"href":"https:\/\/be.portos.sk\/index.php\/wp-json\/wp\/v2\/media?parent=308"}],"wp:term":[{"taxonomy":"product_brand","embeddable":true,"href":"https:\/\/be.portos.sk\/index.php\/wp-json\/wp\/v2\/product_brand?post=308"},{"taxonomy":"product_cat","embeddable":true,"href":"https:\/\/be.portos.sk\/index.php\/wp-json\/wp\/v2\/product_cat?post=308"},{"taxonomy":"product_tag","embeddable":true,"href":"https:\/\/be.portos.sk\/index.php\/wp-json\/wp\/v2\/product_tag?post=308"}],"curies":[{"name":"wp","href":"https:\/\/api.w.org\/{rel}","templated":true}]}}