{"id":318,"date":"2024-05-29T12:24:48","date_gmt":"2024-05-29T10:24:48","guid":{"rendered":"https:\/\/be.portos.sk\/?post_type=product&#038;p=318"},"modified":"2024-10-21T11:23:58","modified_gmt":"2024-10-21T09:23:58","slug":"sunmi-p2-smartpad","status":"publish","type":"product","link":"https:\/\/be.portos.sk\/index.php\/produkt\/sunmi-p2-smartpad\/","title":{"rendered":"Sunmi P2 Smartpad"},"content":{"rendered":"<p><span style=\"color: #000000;\">V\u00fdkonn\u00e9 zariadenie v modernom elegantnom tele, s ergonomickou\u00a0kl\u00e1vesnicou,r\u00fdchlym procesorom a dostato\u010dn\u00fdm v\u00fdkonom je odoln\u00e9 vo\u010di rozliat\u00fdm n\u00e1pojom. Termin\u00e1l je k pokladnici prip\u00e1jan\u00fd prostredn\u00edctvom Wi-FI, alebo ethernetov\u00fdm k\u00e1blom.\u00a0Inteligentn\u00fd &#8222;Pin Pad&#8220; je nasmerovan\u00fd\u00a0na z\u00e1kazn\u00edka a\u00a0obsluhe\u00a0pokladnice sa hl\u00e1senia zobrazovan\u00e9 na termin\u00e1li zrkadlia priamo v pokladnici PORTOS.<\/span><\/p>\n<h5><span style=\"color: #000000;\">Mno\u017estvo praktick\u00fdch funkci\u00ed v jednom \u0161ikovnom zariaden\u00ed<\/span><\/h5>\n<p><span style=\"color: #000000;\">Prij\u00edmajte karty VISA a Mastercard. Na obrazovke termin\u00e1lu viete jednoducho overi\u0165 podpis dr\u017eite\u013ea kreditnej karty.<\/span><\/p>\n<h5><span style=\"color: #000000;\">Apple Pay a Google Pay<\/span><\/h5>\n<p><span style=\"color: #000000;\">Platba mobilom, n\u00e1ramkom, alebo hodinkami. Umo\u017enite z\u00e1kazn\u00edkom plati\u0165 r\u00fdchlo ich najob\u013e\u00fabenej\u0161\u00edm sp\u00f4sobom.<\/span><\/p>\n<h5><span style=\"color: #000000;\">R\u00fdchla autoriz\u00e1cia transakcie<\/span><\/h5>\n<p><span style=\"color: #000000;\">Z\u00e1kazn\u00edci nemusia \u010daka\u0165 na dlh\u00fd proces platby, potvrdenie \u00faspe\u0161nej transakcie nabehne<strong>\u00a0do 2 sek\u00fand.<\/strong>\u00a0\u00dadaje o ka\u017edej uskuto\u010dnenej transakcie m\u00e1te doslova pod palcom.<\/span><\/p>\n<h5><span style=\"color: #000000;\">Cenov\u00e9 podmienky<\/span><\/h5>\n<p><span style=\"color: #000000;\">Termin\u00e1l je poskytovan\u00fd formou pren\u00e1jmu\u00a0od 12 do 14 \u20ac mesa\u010dne v z\u00e1vislosti od dosiahnut\u00e9ho obratu cez platobn\u00fd termin\u00e1l.<\/span><\/p>\n<p><span style=\"color: #000000;\">Servisn\u00fd poplatok za transakciu od 0,60%\u00a0MIF++.<\/span><\/p>\n","protected":false},"excerpt":{"rendered":"<p>Platobn\u00fd termin\u00e1l Sunmi P2 Smartpad.<\/p>\n","protected":false},"featured_media":415,"template":"","meta":[],"product_brand":[],"product_cat":[13],"product_tag":[],"class_list":{"0":"post-318","1":"product","2":"type-product","3":"status-publish","4":"has-post-thumbnail","6":"product_cat-platobne-terminaly","8":"first","9":"onbackorder","10":"shipping-taxable","11":"purchasable","12":"product-type-simple"},"_links":{"self":[{"href":"https:\/\/be.portos.sk\/index.php\/wp-json\/wp\/v2\/product\/318","targetHints":{"allow":["GET"]}}],"collection":[{"href":"https:\/\/be.portos.sk\/index.php\/wp-json\/wp\/v2\/product"}],"about":[{"href":"https:\/\/be.portos.sk\/index.php\/wp-json\/wp\/v2\/types\/product"}],"wp:featuredmedia":[{"embeddable":true,"href":"https:\/\/be.portos.sk\/index.php\/wp-json\/wp\/v2\/media\/415"}],"wp:attachment":[{"href":"https:\/\/be.portos.sk\/index.php\/wp-json\/wp\/v2\/media?parent=318"}],"wp:term":[{"taxonomy":"product_brand","embeddable":true,"href":"https:\/\/be.portos.sk\/index.php\/wp-json\/wp\/v2\/product_brand?post=318"},{"taxonomy":"product_cat","embeddable":true,"href":"https:\/\/be.portos.sk\/index.php\/wp-json\/wp\/v2\/product_cat?post=318"},{"taxonomy":"product_tag","embeddable":true,"href":"https:\/\/be.portos.sk\/index.php\/wp-json\/wp\/v2\/product_tag?post=318"}],"curies":[{"name":"wp","href":"https:\/\/api.w.org\/{rel}","templated":true}]}}