{"id":329,"date":"2024-05-29T12:57:29","date_gmt":"2024-05-29T10:57:29","guid":{"rendered":"https:\/\/be.portos.sk\/?post_type=product&#038;p=329"},"modified":"2024-10-21T11:12:15","modified_gmt":"2024-10-21T09:12:15","slug":"fiskalpro-n5","status":"publish","type":"product","link":"https:\/\/be.portos.sk\/index.php\/produkt\/fiskalpro-n5\/","title":{"rendered":"FiskalPRO N5"},"content":{"rendered":"<p>Modern\u00e9 pokladni\u010dn\u00e9 rie\u0161enie s Android aplik\u00e1ciou vhodn\u00fd pre ka\u017ed\u00fd typ pevnej prev\u00e1dzky, predaj tovaru a slu\u017eieb.<\/p>\n<p>Zariadenie N5 akceptuje v\u0161etky met\u00f3dy platieb kartou, mobilom a hodinkami.<\/p>\n<p>V\u00fdhodou je stabiln\u00e9 pripojenie na zdroj energie a internetu v\u010faka dokovaciemu syst\u00e9mu, 5,5\u2033 palcov\u00fd dotykov\u00fd farebn\u00fd displej a opera\u010dn\u00fd syst\u00e9m\u00a0Android 7.X.<\/p>\n<h5>Mo\u017enosti pripojenia<\/h5>\n<p>Umo\u017e\u0148uj\u00fa ma\u0165 stabilne pripojen\u00e9 jednak ku zdroju energie, ale aj k internetu a pr\u00eddavn\u00fdm zariadeniam, ako je napr\u00edklad pokladni\u010dn\u00e1 z\u00e1suvka alebo skener.<\/p>\n<p>N5 je stabiln\u00fdm rie\u0161en\u00edm s modern\u00fdm dotykov\u00fdm ovl\u00e1dan\u00edm pre ka\u017ed\u00e9ho obchodn\u00edka.<\/p>\n<h5>Kompaktn\u00fd dizajn<\/h5>\n<p>Dizajn rie\u0161enia N5 je navrhnut\u00e9 tak, aby sa s n\u00edm komfortne manipulovalo, ke\u010f ho dr\u017e\u00edte v ruke a z\u00e1rove\u0148 bolo stabiln\u00e9 pri manipul\u00e1cii, ke\u010f je polo\u017een\u00e9.<\/p>\n<p>V\u00e1\u017ei len 417 g a je plne prisp\u00f4soben\u00e9 prirodzen\u00e9mu a bezprobl\u00e9mov\u00e9mu uchopeniu.<\/p>\n","protected":false},"excerpt":{"rendered":"<p>Prenosn\u00fd platobn\u00fd termin\u00e1l a eKasa tla\u010diare\u0148.<\/p>\n","protected":false},"featured_media":413,"template":"","meta":[],"product_brand":[],"product_cat":[12,13],"product_tag":[38],"class_list":{"0":"post-329","1":"product","2":"type-product","3":"status-publish","4":"has-post-thumbnail","6":"product_cat-ekasa-zariadenia","7":"product_cat-platobne-terminaly","8":"product_tag-price-no","10":"first","11":"onbackorder","12":"shipping-taxable","13":"product-type-simple"},"_links":{"self":[{"href":"https:\/\/be.portos.sk\/index.php\/wp-json\/wp\/v2\/product\/329","targetHints":{"allow":["GET"]}}],"collection":[{"href":"https:\/\/be.portos.sk\/index.php\/wp-json\/wp\/v2\/product"}],"about":[{"href":"https:\/\/be.portos.sk\/index.php\/wp-json\/wp\/v2\/types\/product"}],"wp:featuredmedia":[{"embeddable":true,"href":"https:\/\/be.portos.sk\/index.php\/wp-json\/wp\/v2\/media\/413"}],"wp:attachment":[{"href":"https:\/\/be.portos.sk\/index.php\/wp-json\/wp\/v2\/media?parent=329"}],"wp:term":[{"taxonomy":"product_brand","embeddable":true,"href":"https:\/\/be.portos.sk\/index.php\/wp-json\/wp\/v2\/product_brand?post=329"},{"taxonomy":"product_cat","embeddable":true,"href":"https:\/\/be.portos.sk\/index.php\/wp-json\/wp\/v2\/product_cat?post=329"},{"taxonomy":"product_tag","embeddable":true,"href":"https:\/\/be.portos.sk\/index.php\/wp-json\/wp\/v2\/product_tag?post=329"}],"curies":[{"name":"wp","href":"https:\/\/api.w.org\/{rel}","templated":true}]}}