{"id":439,"date":"2024-10-23T10:03:44","date_gmt":"2024-10-23T08:03:44","guid":{"rendered":"https:\/\/be.portos.sk\/?post_type=product&#038;p=439"},"modified":"2024-10-23T10:06:03","modified_gmt":"2024-10-23T08:06:03","slug":"back-office","status":"publish","type":"product","link":"https:\/\/be.portos.sk\/index.php\/produkt\/back-office\/","title":{"rendered":"Back Office"},"content":{"rendered":"<h5>V\u0161etko, \u010do mana\u017e\u00e9r potrebuje.<\/h5>\n<p>V prostred\u00ed PORTOS BackOffice dok\u00e1\u017eete riadi\u0165 cel\u00fd syst\u00e9m. Od nastaven\u00ed, sledovania tr\u017eieb a\u017e po skladov\u00e9 hospod\u00e1rstvo.<\/p>\n<h5>Aj z pohodlia domova.<\/h5>\n<p>Pr\u00edstup do aplik\u00e1cie BackOffice je mo\u017en\u00e9 zriadi\u0165 aj na dia\u013eku. Sledova\u0165 v\u00fdkonnos\u0165 podniku m\u00f4\u017eete z domu, \u010di pracovn\u00fdch ciest.<\/p>\n","protected":false},"excerpt":{"rendered":"<p>Mana\u017e\u00e9rske rozhranie pre sledovanie v\u00fdkonnosti cel\u00e9ho podniku.<\/p>\n","protected":false},"featured_media":440,"template":"","meta":[],"product_brand":[],"product_cat":[39],"product_tag":[],"class_list":{"0":"post-439","1":"product","2":"type-product","3":"status-publish","4":"has-post-thumbnail","6":"product_cat-portos-aplikacie","8":"first","9":"instock","10":"shipping-taxable","11":"product-type-simple"},"_links":{"self":[{"href":"https:\/\/be.portos.sk\/index.php\/wp-json\/wp\/v2\/product\/439","targetHints":{"allow":["GET"]}}],"collection":[{"href":"https:\/\/be.portos.sk\/index.php\/wp-json\/wp\/v2\/product"}],"about":[{"href":"https:\/\/be.portos.sk\/index.php\/wp-json\/wp\/v2\/types\/product"}],"wp:featuredmedia":[{"embeddable":true,"href":"https:\/\/be.portos.sk\/index.php\/wp-json\/wp\/v2\/media\/440"}],"wp:attachment":[{"href":"https:\/\/be.portos.sk\/index.php\/wp-json\/wp\/v2\/media?parent=439"}],"wp:term":[{"taxonomy":"product_brand","embeddable":true,"href":"https:\/\/be.portos.sk\/index.php\/wp-json\/wp\/v2\/product_brand?post=439"},{"taxonomy":"product_cat","embeddable":true,"href":"https:\/\/be.portos.sk\/index.php\/wp-json\/wp\/v2\/product_cat?post=439"},{"taxonomy":"product_tag","embeddable":true,"href":"https:\/\/be.portos.sk\/index.php\/wp-json\/wp\/v2\/product_tag?post=439"}],"curies":[{"name":"wp","href":"https:\/\/api.w.org\/{rel}","templated":true}]}}