{"id":441,"date":"2024-10-23T10:11:23","date_gmt":"2024-10-23T08:11:23","guid":{"rendered":"https:\/\/be.portos.sk\/?post_type=product&#038;p=441"},"modified":"2024-10-23T10:11:23","modified_gmt":"2024-10-23T08:11:23","slug":"mobilny-casnik","status":"publish","type":"product","link":"https:\/\/be.portos.sk\/index.php\/produkt\/mobilny-casnik\/","title":{"rendered":"Mobiln\u00fd \u010da\u0161n\u00edk"},"content":{"rendered":"<h5>Cel\u00fd syst\u00e9m v jednej ruke<\/h5>\n<p>Obsluha z\u00e1kazn\u00edkov r\u00fdchlo a efekt\u00edvne, to je PORTOS Mobilny \u010da\u0161n\u00edk. Aplik\u00e1cia sl\u00fa\u017ei ako doplnok k pevnej pokladnici, v\u010faka ktor\u00e9mu m\u00e1te v\u0161etky potrebn\u00e9 \u00fakony na dlani.<\/p>\n<h5>Objedn\u00e1vky priamo od stola<\/h5>\n<p>Objedn\u00e1vku, ktor\u00fa\u00a0do mobiln\u00e9ho \u010da\u0161n\u00edka zad\u00e1te, sa okam\u017eite prenesie do cel\u00e9ho syst\u00e9mu PORTOS. Objedn\u00e1vka je tak v rovnakom momente doru\u010den\u00e1 do kuchyne, alebo za bar, tak\u017ee\u00a0jedl\u00e1 a n\u00e1poje sa m\u00f4\u017eu pripravova\u0165 okam\u017eite. Skr\u00e1tite t\u00fdm dobu pr\u00edpravy, \u010do ocenia najm\u00e4\u00a0Va\u0161i hostia a V\u00e1m sa to vr\u00e1ti v podobe vy\u0161\u0161\u00edch tr\u017eieb.<\/p>\n<h5>Dokonal\u00fd doplnok k pokladni<\/h5>\n<p>POROS Mobiln\u00fd \u010da\u0161n\u00edk\u00a0je napriek kompaktn\u00fdm rozmerom smartf\u00f3nu naozaj ve\u013ek\u00fdm pomocn\u00edkom. Priamo z aplik\u00e1cie dok\u00e1\u017eete vykona\u0165 v\u0161etky \u00fakony s \u00fa\u010dtom rovnako, ako na klasickej pokladni &#8211;\u00a0presunutie, spojenie, rozdelenie aj uzatvorenie \u00fa\u010dtu.<\/p>\n","protected":false},"excerpt":{"rendered":"<p>Plnohodnotn\u00e1 pokladnica vo va\u0161ej dlani. V\u010faka mobiln\u00e9mu \u010da\u0161n\u00edkovi obsl\u00fa\u017eite host\u00ed priamo pri stole.<\/p>\n","protected":false},"featured_media":442,"template":"","meta":[],"product_brand":[],"product_cat":[39],"product_tag":[],"class_list":{"0":"post-441","1":"product","2":"type-product","3":"status-publish","4":"has-post-thumbnail","6":"product_cat-portos-aplikacie","8":"first","9":"instock","10":"shipping-taxable","11":"purchasable","12":"product-type-simple"},"_links":{"self":[{"href":"https:\/\/be.portos.sk\/index.php\/wp-json\/wp\/v2\/product\/441","targetHints":{"allow":["GET"]}}],"collection":[{"href":"https:\/\/be.portos.sk\/index.php\/wp-json\/wp\/v2\/product"}],"about":[{"href":"https:\/\/be.portos.sk\/index.php\/wp-json\/wp\/v2\/types\/product"}],"wp:featuredmedia":[{"embeddable":true,"href":"https:\/\/be.portos.sk\/index.php\/wp-json\/wp\/v2\/media\/442"}],"wp:attachment":[{"href":"https:\/\/be.portos.sk\/index.php\/wp-json\/wp\/v2\/media?parent=441"}],"wp:term":[{"taxonomy":"product_brand","embeddable":true,"href":"https:\/\/be.portos.sk\/index.php\/wp-json\/wp\/v2\/product_brand?post=441"},{"taxonomy":"product_cat","embeddable":true,"href":"https:\/\/be.portos.sk\/index.php\/wp-json\/wp\/v2\/product_cat?post=441"},{"taxonomy":"product_tag","embeddable":true,"href":"https:\/\/be.portos.sk\/index.php\/wp-json\/wp\/v2\/product_tag?post=441"}],"curies":[{"name":"wp","href":"https:\/\/api.w.org\/{rel}","templated":true}]}}