{"id":443,"date":"2024-10-23T10:22:02","date_gmt":"2024-10-23T08:22:02","guid":{"rendered":"https:\/\/be.portos.sk\/?post_type=product&#038;p=443"},"modified":"2024-10-23T10:22:03","modified_gmt":"2024-10-23T08:22:03","slug":"bistro-sk","status":"publish","type":"product","link":"https:\/\/be.portos.sk\/index.php\/produkt\/bistro-sk\/","title":{"rendered":"Bistro.sk"},"content":{"rendered":"<p>V\u010faka prepojeniu aplik\u00e1cie PORTOS Poklad\u0148a a don\u00e1\u0161kov\u00e9ho port\u00e1lu Bistro.sk u\u0161etr\u00edte mno\u017estvo \u010dasu vybaven\u00edm objedn\u00e1vky.<\/p>\n<h5>\u00da\u010dtenka priamo do pokladne<\/h5>\n<p>U\u017e viac nemus\u00edte prepisova\u0165 objedn\u00e1vku do pokladnice, aby ste vyhotovili pokladni\u010dn\u00fd doklad. Objedn\u00e1vka sa z port\u00e1lu Bistro.sk kompletne prenesie do syst\u00e9mu PORTOS, kde \u010dak\u00e1 na va\u0161e potvrdenie. Po potvrden\u00ed objedn\u00e1vky m\u00f4\u017eete jedin\u00fdm kliknut\u00edm priamo vytla\u010di\u0165 pokladni\u010dn\u00fd doklad, alebo doklad iba nachysta\u0165 medzi otvoren\u00fdmi \u00fa\u010dtami, ak potrebujete objedn\u00e1vku napr\u00edklad \u010falej upravi\u0165.<\/p>\n<h5>Ide to aj bez termin\u00e1lu<\/h5>\n<p>V\u010faka prepojeniu s pokladnicou viac nemus\u00edte ma\u0165 na prev\u00e1dzke termin\u00e1l s tla\u010diar\u0148ou. \u010cas doru\u010denia zvol\u00edte priamo v syst\u00e9me PORTOS. Preferovan\u00e9 mo\u017enosti si dokonca m\u00f4\u017eete nastavi\u0165 pod\u013ea vlastn\u00fdch predst\u00e1v.<\/p>\n<h5>Sledovanie \u0161tatist\u00edk<\/h5>\n<p>Ka\u017ed\u00e1 objedn\u00e1vka z bistro.sk spracovan\u00e1 cez syst\u00e9m PORTOS sa zarad\u00ed do \u0161tatist\u00edk rovnako, ako be\u017ene vytvoren\u00e9 \u00fa\u010dtenky.\u00a0Vy tak m\u00f4\u017eete sledova\u0165, ako sa Va\u0161ej prev\u00e1dzke dar\u00ed naprie\u010d v\u0161etk\u00fdmi predajn\u00fdmi kan\u00e1lmi.<\/p>\n<h5>Prenos a\u017e do skladu v re\u00e1lnom \u010dase<\/h5>\n<p>Prepojenie je mo\u017en\u00e9 nastavi\u0165 tak, aby sa z predan\u00fdch tovarov odp\u00edsali zo skladu v\u0161etky spotrebovan\u00e9 suroviny. Od\u0165a\u017eenie skladu sa deje hne\u010f v momente vytla\u010denia pokladni\u010dn\u00e9ho dokladu.\u00a0Stav skladu je tak neust\u00e1le aktu\u00e1lny.<\/p>\n","protected":false},"excerpt":{"rendered":"<p>Prenos objedn\u00e1vok z najroz\u0161\u00edrenej\u0161ieho don\u00e1\u0161kov\u00e9ho port\u00e1lu.<\/p>\n","protected":false},"featured_media":445,"template":"","meta":[],"product_brand":[],"product_cat":[40],"product_tag":[],"class_list":{"0":"post-443","1":"product","2":"type-product","3":"status-publish","4":"has-post-thumbnail","6":"product_cat-integracie","8":"first","9":"instock","10":"shipping-taxable","11":"purchasable","12":"product-type-simple"},"_links":{"self":[{"href":"https:\/\/be.portos.sk\/index.php\/wp-json\/wp\/v2\/product\/443","targetHints":{"allow":["GET"]}}],"collection":[{"href":"https:\/\/be.portos.sk\/index.php\/wp-json\/wp\/v2\/product"}],"about":[{"href":"https:\/\/be.portos.sk\/index.php\/wp-json\/wp\/v2\/types\/product"}],"wp:featuredmedia":[{"embeddable":true,"href":"https:\/\/be.portos.sk\/index.php\/wp-json\/wp\/v2\/media\/445"}],"wp:attachment":[{"href":"https:\/\/be.portos.sk\/index.php\/wp-json\/wp\/v2\/media?parent=443"}],"wp:term":[{"taxonomy":"product_brand","embeddable":true,"href":"https:\/\/be.portos.sk\/index.php\/wp-json\/wp\/v2\/product_brand?post=443"},{"taxonomy":"product_cat","embeddable":true,"href":"https:\/\/be.portos.sk\/index.php\/wp-json\/wp\/v2\/product_cat?post=443"},{"taxonomy":"product_tag","embeddable":true,"href":"https:\/\/be.portos.sk\/index.php\/wp-json\/wp\/v2\/product_tag?post=443"}],"curies":[{"name":"wp","href":"https:\/\/api.w.org\/{rel}","templated":true}]}}