{"id":448,"date":"2024-10-23T10:43:46","date_gmt":"2024-10-23T08:43:46","guid":{"rendered":"https:\/\/be.portos.sk\/?post_type=product&#038;p=448"},"modified":"2024-10-23T10:43:47","modified_gmt":"2024-10-23T08:43:47","slug":"adaptee-gastro","status":"publish","type":"product","link":"https:\/\/be.portos.sk\/index.php\/produkt\/adaptee-gastro\/","title":{"rendered":"Adaptee Gastro"},"content":{"rendered":"<p>Z\u00e1kladn\u00fdm kame\u0148om syst\u00e9mu Adaptee Gastro je objedn\u00e1vkov\u00fd web, ktor\u00fd m\u00f4\u017eete vyu\u017ei\u0165 aj ako plnohodnotn\u00fd web pre v\u00e1\u0161 podnik, preto\u017ee prostredn\u00edctvom jednoduchej administr\u00e1cie m\u00f4\u017eete spravova\u0165 aj ostatn\u00e9 str\u00e1nky, ako s\u00fa napr\u00edklad fotky, texty o v\u00e1s, alebo treb\u00e1rs aj v\u00e1\u0161 blog.<\/p>\n<p>Ak u\u017e svoj web m\u00e1te, nemus\u00edte ho zahadzova\u0165, objedn\u00e1vky sa do\u0148 daj\u00fa zapracova\u0165! Pomocou chytr\u00e9ho widgetu, ktor\u00fd jednoducho umiestn\u00edte na v\u00e1\u0161 web.<\/p>\n<p>Adaptee Gastro je narhnut\u00e9 pre individi\u00e1lne pou\u017e\u00edvanie, nestanete sa tak s\u00fa\u010das\u0165ou katal\u00f3gu re\u0161taur\u00e1cii, ako je tomu pri inde. M\u00e1te v\u00e1\u0161 syst\u00e9m, ktor\u00fd pracuje iba pre v\u00e1s.<\/p>\n<h5>Pl\u00e1novan\u00e9 objedn\u00e1vky a\u017e na 7 dn\u00ed vopred<\/h5>\n<p>Objedn\u00e1vky m\u00f4\u017eete prij\u00edma\u0165 a\u017e na 7 dn\u00ed dopredu. Objedn\u00e1vky m\u00f4\u017eete navy\u0161e prij\u00edma\u0165 cel\u00fd de\u0148, alebo iba v r\u00e1mci otv\u00e1racej doby. Je iba na v\u00e1s,\u00a0ako syst\u00e9m nastav\u00edte.<\/p>\n<h5>Online sledovanie objedn\u00e1vky na mape<\/h5>\n<p>V\u010faka aplik\u00e1cii Adaptee Gastro Driver z\u00e1kazn\u00edk presne vid\u00ed, kde je jeho objedn\u00e1vka. Navy\u0161e automaticky dostane SMSku, \u017ee je objedn\u00e1vka u\u017e je za rohom. \u0160etr\u00edme t\u00fdm \u010das nielen kuri\u00e9rovi, ale aj z\u00e1kazn\u00edkovi. A kuri\u00e9r\u00a0nemus\u00ed ma\u0165 po vreck\u00e1ch \u00fa\u010dtenky s adresami, preto\u017ee v\u0161etko m\u00e1 vo svojom telef\u00f3ne.<\/p>\n<h5>Budujte vern\u00fdch z\u00e1kazn\u00edkov. Je to jednoduch\u0161ie, ako si mysl\u00edte<\/h5>\n<p>Na vernos\u0165 z\u00e1kazn\u00edkov mysl\u00edme na prvom mieste. S\u00fa\u010das\u0165ou Adaptee Gastro je kreditn\u00fd syst\u00e9m, v\u010faka ktor\u00e9mu m\u00f4\u017eete rozd\u00e1va\u0165 promo k\u00f3dy, alebo posiela\u0165 newslettre. A \u010do je super \u2014 v\u0161etky tieto s\u00fa\u010dasti je mo\u017en\u00e9 spoji\u0165\u00a0do jed\u00e9ho automatick\u00e9ho procesu. Pre\u010do to chcie\u0165? Ak u v\u00e1s z\u00e1kazn\u00edk napr\u00edklad mesiac nenak\u00fapil, syst\u00e9m mu automaticky po\u0161le k\u00f3d na z\u013eavu.<\/p>\n<h5>Rozvozov\u00e9 z\u00f3ny, presn\u00fd na\u0161ept\u00e1va\u010d adries<\/h5>\n<p>Rozv\u00e1\u017eate do r\u00f4znych z\u00f3n za r\u00f4zne \u010dasy a e\u0161te aj za r\u00f4zne ceny? V\u0161etko m\u00e1me vyrie\u0161en\u00e9. \u010ci u\u017e sa jedn\u00e1 o nastavenie minim\u00e1lnej hodnoty objedn\u00e1vky, definovanie z\u00f3n na mape,\u00a0alebo cien, nie je ni\u010d, \u010do by sa nedalo nastavi\u0165.<\/p>\n<h5>Pr\u00edlohy pri objednan\u00ed\u00a0\u2014 povinn\u00e9 aj nepovinn\u00e9<\/h5>\n<p>\u010ci u\u017e sa jedn\u00e1 o pizzu alebo \u010d\u00ednu, ur\u010dite je niekedy potrebn\u00e9 nie\u010do prihodi\u0165, alebo odobra\u0165. Adaptee Gastro rozozn\u00e1 povinn\u00e9 a nepovinn\u00e9 pr\u00edlohy. K\u00fdm z\u00e1kazn\u00edk nevyberie povinn\u00fa pr\u00edlohu, syst\u00e9m ho nepust\u00ed \u010falej a vy tak nemus\u00edte rie\u0161i\u0165, \u010di chcel barbecue om\u00e1\u010dku, alebo diabolsk\u00fa.<\/p>\n","protected":false},"excerpt":{"rendered":"<p>Objedn\u00e1vkov\u00fd web pre va\u0161u gastro prev\u00e1dzku<\/p>\n","protected":false},"featured_media":449,"template":"","meta":[],"product_brand":[],"product_cat":[40],"product_tag":[],"class_list":{"0":"post-448","1":"product","2":"type-product","3":"status-publish","4":"has-post-thumbnail","6":"product_cat-integracie","8":"first","9":"instock","10":"shipping-taxable","11":"purchasable","12":"product-type-simple"},"_links":{"self":[{"href":"https:\/\/be.portos.sk\/index.php\/wp-json\/wp\/v2\/product\/448","targetHints":{"allow":["GET"]}}],"collection":[{"href":"https:\/\/be.portos.sk\/index.php\/wp-json\/wp\/v2\/product"}],"about":[{"href":"https:\/\/be.portos.sk\/index.php\/wp-json\/wp\/v2\/types\/product"}],"wp:featuredmedia":[{"embeddable":true,"href":"https:\/\/be.portos.sk\/index.php\/wp-json\/wp\/v2\/media\/449"}],"wp:attachment":[{"href":"https:\/\/be.portos.sk\/index.php\/wp-json\/wp\/v2\/media?parent=448"}],"wp:term":[{"taxonomy":"product_brand","embeddable":true,"href":"https:\/\/be.portos.sk\/index.php\/wp-json\/wp\/v2\/product_brand?post=448"},{"taxonomy":"product_cat","embeddable":true,"href":"https:\/\/be.portos.sk\/index.php\/wp-json\/wp\/v2\/product_cat?post=448"},{"taxonomy":"product_tag","embeddable":true,"href":"https:\/\/be.portos.sk\/index.php\/wp-json\/wp\/v2\/product_tag?post=448"}],"curies":[{"name":"wp","href":"https:\/\/api.w.org\/{rel}","templated":true}]}}