{"id":450,"date":"2024-10-23T10:58:54","date_gmt":"2024-10-23T08:58:54","guid":{"rendered":"https:\/\/be.portos.sk\/?post_type=product&#038;p=450"},"modified":"2024-10-23T11:03:47","modified_gmt":"2024-10-23T09:03:47","slug":"qerko","status":"publish","type":"product","link":"https:\/\/be.portos.sk\/index.php\/produkt\/qerko\/","title":{"rendered":"Qerko"},"content":{"rendered":"<p>Qerko je mobiln\u00e1 aplik\u00e1cia ur\u010den\u00e1 pre platenie v re\u0161taur\u00e1cii.<\/p>\n<p>Z\u00e1kazn\u00edk naskenuje QR k\u00f3d a okrem neuverite\u013ene jednoduch\u00e9ho platenia si m\u00f4\u017ee doobjedna\u0165 z digit\u00e1lneho menu, alebo vyu\u017e\u00edva\u0165 vernostn\u00fd program.<\/p>\n<p>V\u00e1m tak nielen \u0161etr\u00ed n\u00e1klady, ale poskytuje mo\u017enos\u0165 na promovanie va\u0161ich produktov a pr\u00e1cu so z\u00e1kazn\u00edkmi vo forme zliav.<\/p>\n<p>Mobiln\u00e1 aplik\u00e1cia pre host\u00ed je k dispoz\u00edcii zadarmo na obchodoch Goole Play a App Store.<\/p>\n<p>Viac na\u00a0<strong><a class=\"button more\" href=\"http:\/\/qerko.com\/\" target=\"_blank\" rel=\"noopener\">qerko.com<\/a><\/strong>.<\/p>\n<p>&nbsp;<\/p>\n<h5>1 QR k\u00f3d, 1000 mo\u017enost\u00ed.<\/h5>\n<p>Digit\u00e1lne menu, platenie zo smartf\u00f3nu, vernostn\u00fd syst\u00e9m a marketingov\u00e1 platforma. Prepojen\u00e9 so syst\u00e9mom PORTOS.<\/p>\n<h5>Digit\u00e1lne menu<\/h5>\n<p>Z\u00e1kazn\u00edk sa posad\u00ed k stolu a m\u00f4\u017ee si naskenovan\u00edm QR k\u00f3du ihne\u010f zobrazi\u0165 jed\u00e1lny l\u00edstok v digit\u00e1lnej podobe. Bezkontaktne a bleskovo. Digit\u00e1lne menu je prepojen\u00e9 priamo s pokladnicou PORTOS, v\u0161etky zmeny sortimentu tak s\u00fa v Qerku v\u017edy aktu\u00e1lne.<\/p>\n<h5>Vernostn\u00fd program<\/h5>\n<p>Qerko urob\u00ed vern\u00fdch z\u00e1kazn\u00edkov aj z n\u00e1hodn\u00fdch okoloid\u00facich. Nie s\u00fa k tomu potrebn\u00e9 \u017eiadne plastov\u00e9 karti\u010dky ani tabu\u013eky v exceli. Voucher m\u00f4\u017ee hos\u0165 z\u00edska\u0165 aj uplatni\u0165 uplne automaticky a nijak t\u00fdm nezdr\u017euje person\u00e1l.<\/p>\n<h5>Platenie od stola<\/h5>\n<p>Va\u0161i hostia u\u017e nemusia po konzum\u00e1cii \u010daka\u0165 na platenie. Sta\u010d\u00ed naskenova\u0165 QR k\u00f3d, vybra\u0165 polo\u017eky a jednoducho zaplati\u0165. Obsluha sa v\u010faka prepojeniu s poklad\u0148ou PORTOS ihne\u010f dozvie, \u017ee \u00fa\u010det je zaplaten\u00fd.<\/p>\n<h5>Marketingov\u00e1 platforma<\/h5>\n<p>Bol z\u00e1kazn\u00edk s nie\u010dim nespokojn\u00fd? Qerko mu automaticky po\u0161le ospravedlnenie. K nej m\u00f4\u017ee re\u0161taur\u00e1cia automaticky prida\u0165 napr\u00edklad mal\u00fa z\u013eavu na \u010fal\u0161iu n\u00e1v\u0161tevu a u straten\u00e9ho klienta m\u00e1 odrazu druh\u00fa \u0161ancu.<\/p>\n<h5>\u0160etr\u00ed n\u00e1klady<\/h5>\n<p>Pri dne\u0161nej absencii pracovnej sily V\u00e1m Qerko a PORTOS spolo\u010dne u\u0161etria obrovsk\u00e9 mno\u017estvo \u010dasu a v\u010faka aplik\u00e1cii dok\u00e1\u017eete dlhodobo a d\u00f4sledne pracova\u0165 so z\u00e1kazn\u00edkmi.<\/p>\n","protected":false},"excerpt":{"rendered":"<div class=\"inner\">\n<p>Objedn\u00e1vanie a platenie zo smartf\u00f3nu va\u0161ich host\u00ed.<\/p>\n<\/div>\n","protected":false},"featured_media":451,"template":"","meta":[],"product_brand":[],"product_cat":[40],"product_tag":[],"class_list":{"0":"post-450","1":"product","2":"type-product","3":"status-publish","4":"has-post-thumbnail","6":"product_cat-integracie","8":"first","9":"instock","10":"shipping-taxable","11":"purchasable","12":"product-type-simple"},"_links":{"self":[{"href":"https:\/\/be.portos.sk\/index.php\/wp-json\/wp\/v2\/product\/450","targetHints":{"allow":["GET"]}}],"collection":[{"href":"https:\/\/be.portos.sk\/index.php\/wp-json\/wp\/v2\/product"}],"about":[{"href":"https:\/\/be.portos.sk\/index.php\/wp-json\/wp\/v2\/types\/product"}],"wp:featuredmedia":[{"embeddable":true,"href":"https:\/\/be.portos.sk\/index.php\/wp-json\/wp\/v2\/media\/451"}],"wp:attachment":[{"href":"https:\/\/be.portos.sk\/index.php\/wp-json\/wp\/v2\/media?parent=450"}],"wp:term":[{"taxonomy":"product_brand","embeddable":true,"href":"https:\/\/be.portos.sk\/index.php\/wp-json\/wp\/v2\/product_brand?post=450"},{"taxonomy":"product_cat","embeddable":true,"href":"https:\/\/be.portos.sk\/index.php\/wp-json\/wp\/v2\/product_cat?post=450"},{"taxonomy":"product_tag","embeddable":true,"href":"https:\/\/be.portos.sk\/index.php\/wp-json\/wp\/v2\/product_tag?post=450"}],"curies":[{"name":"wp","href":"https:\/\/api.w.org\/{rel}","templated":true}]}}