{"id":453,"date":"2024-10-23T11:07:22","date_gmt":"2024-10-23T09:07:22","guid":{"rendered":"https:\/\/be.portos.sk\/?post_type=product&#038;p=453"},"modified":"2024-10-23T11:07:22","modified_gmt":"2024-10-23T09:07:22","slug":"piknik","status":"publish","type":"product","link":"https:\/\/be.portos.sk\/index.php\/produkt\/piknik\/","title":{"rendered":"Piknik"},"content":{"rendered":"<p>Umo\u017enite z\u00e1kazn\u00edkom prij\u00edma\u0165 online objedn\u00e1vky napriamo, z v\u00e1\u0161ho webu, alebo apky. Namiesto don\u00e1\u0161kov\u00fdch port\u00e1lov budete tak propagova\u0165 vlastn\u00fa zna\u010dku a budova\u0165 vlastn\u00fd okruh st\u00e1lych z\u00e1kazn\u00edkov.\u00a0Praktick\u00fd a modern\u00fd dizajn zaru\u010duje pohodln\u00e9 objedn\u00e1vanie pre z\u00e1kazn\u00edkov, \u010di u\u017e z po\u010d\u00edta\u010da, alebo mobiln\u00e9ho telef\u00f3nu. A to aj bez\u00a0bez registr\u00e1cie.<\/p>\n<h5>Piknik spreh\u013eadn\u00ed a zjednodu\u0161\u00ed prij\u00edmanie objedn\u00e1vok<\/h5>\n<p>Piknik je ur\u010den\u00fd pre ka\u017ed\u00fa prev\u00e1dzku, ktor\u00e1 poskytuje rozvoz, alebo take-away a ktor\u00e1 chce zjednodu\u0161i\u0165 prij\u00edmanie objedn\u00e1vok. Miesto telefonick\u00fdch objedn\u00e1vok si va\u0161i klienti bud\u00fa m\u00f4c\u0165 objedna\u0165 pohodlne, online. A bez rizika, \u017ee sa V\u00e1m nedovolaj\u00fa.\u00a0Pre V\u00e1\u0161 person\u00e1l Piknik prin\u00e1\u0161a v\u00fdhody v \u00faspore \u010dasu, ktor\u00fd doposia\u013e str\u00e1vil prepisovan\u00edm telefonick\u00fdch objedn\u00e1vok.<\/p>\n<h5>Koniec prepisovaniu objedn\u00e1vok.<\/h5>\n<p>V\u010faka prepojeniu so syst\u00e9mom PORTOS sa objedn\u00e1vka z Pikniku prenesie priamo do pokladne, kde ju jedin\u00fdm kliknut\u00edm potvrd\u00edte a vytvor\u00edte z nej pokladni\u010dn\u00fd doklad. Alebo si m\u00f4\u017eete doklad iba nachysta\u0165\u00a0medzi otvoren\u00fdmi \u00fa\u010dtami a objedn\u00e1vku v pr\u00edpade potreby \u010falej upravi\u0165.<\/p>\n<h5>Vyzdvihnutie, don\u00e1\u0161ka alebo rezerv\u00e1cia<\/h5>\n<p>Okrem don\u00e1\u0161ky a vyzdvihnutia Piknik podporuje aj rezerv\u00e1cie. Klient uvedie po\u010det \u013eud\u00ed a \u010das. Objedn\u00e1vku m\u00f4\u017ee dokonca zaplati\u0165 aj vopred, online.<\/p>\n<h5>QR k\u00f3d na stole<\/h5>\n<p>Piknik rovnako umo\u017e\u0148uje prij\u00edma\u0165 objedn\u00e1vky na\u010d\u00edtan\u00edm QR k\u00f3du umiestnen\u00e9ho na stole. Vy tak pln\u00fd podnik host\u00ed zvl\u00e1dnete aj bez nedostatku \u010da\u0161n\u00edkov.<\/p>\n<h5>Vernostn\u00fd program pre z\u00e1kazn\u00edkov<\/h5>\n<p>Vytvorte si plne automatizovan\u00fd vlastn\u00fd vernostn\u00fd program a motivujte z\u00e1kazn\u00edkov, aby si od V\u00e1s objedn\u00e1vali \u010dastej\u0161ie a pravidelnej\u0161ie.<\/p>\n<p>Z ka\u017edej zrealizovanej objedn\u00e1vky sa prenesie ur\u010dit\u00e9 percento sumy do vernostn\u00fdch kreditov pou\u017eite\u013en\u00fdch na \u010fal\u0161iu objedn\u00e1vku. Platnos\u0165 kreditov si m\u00f4\u017eete nastavi\u0165. Pred koncom platnosti kreditov d\u00e1me z\u00e1kazn\u00edkovi vedie\u0165.<\/p>\n<h5>\u0160irok\u00e9 mo\u017enosti prisp\u00f4sobenia pr\u00e1ve pre va\u0161u prev\u00e1dzku<\/h5>\n<p>Pr\u00edlohy k jedl\u00e1m, don\u00e1\u0161kov\u00e9 z\u00f3ny, objedn\u00e1vanie denn\u00e9ho menu len v ur\u010dit\u00fdch \u010dasoch, obmedzenie vidite\u013enosti, alebo mo\u017enosti doru\u010denia jed\u00e1l pod\u013ea \u010dasu,&#8230; Piknik si viete v\u017edy prisp\u00f4sobi\u0165 presne tak, ako potrebujete.<\/p>\n<p>&nbsp;<\/p>\n<p>Viac na\u00a0<u><strong><a class=\"button more\" href=\"https:\/\/piknik.cc\/\" target=\"_blank\" rel=\"noopener\">www.piknik.cc<\/a><\/strong><\/u>.<\/p>\n","protected":false},"excerpt":{"rendered":"<div class=\"inner\">\n<p>Prij\u00edmajte objedn\u00e1vky priamo z Va\u0161ho webu.<\/p>\n<\/div>\n","protected":false},"featured_media":454,"template":"","meta":[],"product_brand":[],"product_cat":[40],"product_tag":[],"class_list":{"0":"post-453","1":"product","2":"type-product","3":"status-publish","4":"has-post-thumbnail","6":"product_cat-integracie","8":"first","9":"instock","10":"shipping-taxable","11":"purchasable","12":"product-type-simple"},"_links":{"self":[{"href":"https:\/\/be.portos.sk\/index.php\/wp-json\/wp\/v2\/product\/453","targetHints":{"allow":["GET"]}}],"collection":[{"href":"https:\/\/be.portos.sk\/index.php\/wp-json\/wp\/v2\/product"}],"about":[{"href":"https:\/\/be.portos.sk\/index.php\/wp-json\/wp\/v2\/types\/product"}],"wp:featuredmedia":[{"embeddable":true,"href":"https:\/\/be.portos.sk\/index.php\/wp-json\/wp\/v2\/media\/454"}],"wp:attachment":[{"href":"https:\/\/be.portos.sk\/index.php\/wp-json\/wp\/v2\/media?parent=453"}],"wp:term":[{"taxonomy":"product_brand","embeddable":true,"href":"https:\/\/be.portos.sk\/index.php\/wp-json\/wp\/v2\/product_brand?post=453"},{"taxonomy":"product_cat","embeddable":true,"href":"https:\/\/be.portos.sk\/index.php\/wp-json\/wp\/v2\/product_cat?post=453"},{"taxonomy":"product_tag","embeddable":true,"href":"https:\/\/be.portos.sk\/index.php\/wp-json\/wp\/v2\/product_tag?post=453"}],"curies":[{"name":"wp","href":"https:\/\/api.w.org\/{rel}","templated":true}]}}