{"id":455,"date":"2024-10-23T11:10:02","date_gmt":"2024-10-23T09:10:02","guid":{"rendered":"https:\/\/be.portos.sk\/?post_type=product&#038;p=455"},"modified":"2024-10-23T11:10:02","modified_gmt":"2024-10-23T09:10:02","slug":"vlastny-e-shop","status":"publish","type":"product","link":"https:\/\/be.portos.sk\/index.php\/produkt\/vlastny-e-shop\/","title":{"rendered":"Vlastn\u00fd e-shop"},"content":{"rendered":"<p>Prev\u00e1zkujete k Va\u0161emu predajn\u00e9mu miestu vlastn\u00fa web str\u00e1nku s mo\u017enos\u0165ou objednania tovaru formou rozvozu, osobn\u00e9ho vyzdvihnutia, alebo pon\u00fakate rezerv\u00e1ciu stolu? Syst\u00e9m PORTOS dok\u00e1\u017ee prij\u00edma\u0165 objedn\u00e1vky aj z Va\u0161ej str\u00e1nky, ktor\u00e1 mus\u00ed PORTOS-u poskytn\u00fa\u0165 \u00fadaje vo vhodnom form\u00e1te.<\/p>\n<h5>Potvrdenie objedn\u00e1vky a \u00fa\u010dtenka jedin\u00fdm kliknut\u00edm<\/h5>\n<p>Obsluha m\u00f4\u017ee ka\u017ed\u00fa z prijat\u00fdch objedn\u00e1vok zamietnu\u0165, alebo potvrdi\u0165. Pri potvrden\u00ed je navy\u0161e mo\u017en\u00e9 ur\u010di\u0165 po\u010det min\u00fat potrebn\u00fd na pr\u00edpravu (pri osobnom odbere), alebo doru\u010denie (pri dovoze) jedla k z\u00e1kazn\u00edkovi. Mo\u017enosti po\u010dtu min\u00fat, ktor\u00e9 sa pri prij\u00edman\u00ed objedn\u00e1vky zobrazia person\u00e1lu je mo\u017en\u00e9 plne prisp\u00f4sobi\u0165.\u00a0Potvrden\u00edm objedn\u00e1vky sa z\u00e1rove\u0148 automaticky vytvor\u00ed pokladni\u010dn\u00fd doklad syst\u00e9m ihne\u010f od\u0165a\u017e\u00ed suroviny zo skladu.<\/p>\n<h5>Ako prepoji\u0165\u00a0m\u00f4j eShop s PORTOS-om?<\/h5>\n<p>Za\u0161lite spr\u00e1vcovi va\u0161eho eShopu\u00a0<a class=\"button more\" href=\"https:\/\/developers.portos.sk\/integrations\/online-orders-api\" target=\"_blank\" rel=\"noopener\">podklady pre program\u00e1torov<\/a>, aby na va\u0161om webe pripravil rozhranie, ktor\u00fdm bude PORTOS z\u00edskava\u0165 objedn\u00e1vky. Podklady s\u00fa v anglickom jazyku, tak\u017ee im bud\u00fa rozumie\u0165 aj program\u00e1tori zo zahrani\u010dia. Komunika\u010dn\u00fd protokol je\u00a0pripraven\u00fd\u00a0tak, aby boli kladen\u00e9 \u010do najmen\u0161ie n\u00e1roky na doplnenie rozhrania na va\u0161om webe.<\/p>\n<p>A\u017e bude V\u00e1\u0161 eShop pripraven\u00fd, nastav\u00ed sa v\u0161etko potrebn\u00e9 na strane PORTOS-u a vy m\u00f4\u017eete vyu\u017e\u00edva\u0165 v\u00fdhody tejto integr\u00e1cie.<\/p>\n","protected":false},"excerpt":{"rendered":"<div class=\"inner\">\n<p>Univerz\u00e1lny konektor pre prenos objedn\u00e1vok z vlastn\u00e9ho e-shopu.<\/p>\n<\/div>\n","protected":false},"featured_media":456,"template":"","meta":[],"product_brand":[],"product_cat":[40],"product_tag":[],"class_list":{"0":"post-455","1":"product","2":"type-product","3":"status-publish","4":"has-post-thumbnail","6":"product_cat-integracie","8":"first","9":"instock","10":"shipping-taxable","11":"purchasable","12":"product-type-simple"},"_links":{"self":[{"href":"https:\/\/be.portos.sk\/index.php\/wp-json\/wp\/v2\/product\/455","targetHints":{"allow":["GET"]}}],"collection":[{"href":"https:\/\/be.portos.sk\/index.php\/wp-json\/wp\/v2\/product"}],"about":[{"href":"https:\/\/be.portos.sk\/index.php\/wp-json\/wp\/v2\/types\/product"}],"wp:featuredmedia":[{"embeddable":true,"href":"https:\/\/be.portos.sk\/index.php\/wp-json\/wp\/v2\/media\/456"}],"wp:attachment":[{"href":"https:\/\/be.portos.sk\/index.php\/wp-json\/wp\/v2\/media?parent=455"}],"wp:term":[{"taxonomy":"product_brand","embeddable":true,"href":"https:\/\/be.portos.sk\/index.php\/wp-json\/wp\/v2\/product_brand?post=455"},{"taxonomy":"product_cat","embeddable":true,"href":"https:\/\/be.portos.sk\/index.php\/wp-json\/wp\/v2\/product_cat?post=455"},{"taxonomy":"product_tag","embeddable":true,"href":"https:\/\/be.portos.sk\/index.php\/wp-json\/wp\/v2\/product_tag?post=455"}],"curies":[{"name":"wp","href":"https:\/\/api.w.org\/{rel}","templated":true}]}}