{"id":457,"date":"2024-10-23T11:12:30","date_gmt":"2024-10-23T09:12:30","guid":{"rendered":"https:\/\/be.portos.sk\/?post_type=product&#038;p=457"},"modified":"2024-10-23T11:13:00","modified_gmt":"2024-10-23T09:13:00","slug":"woocommerce","status":"publish","type":"product","link":"https:\/\/be.portos.sk\/index.php\/produkt\/woocommerce\/","title":{"rendered":"WooCommerce"},"content":{"rendered":"<p>WooCommerce\u00a0je bezplatn\u00e1 eShop platforma, ktor\u00e1 umo\u017e\u0148uje r\u00fdchlej\u0161ie a efekt\u00edvnej\u0161ie vytvori\u0165 z be\u017enej prezenta\u010dnej webstr\u00e1nky pr\u00e1ve E-shop. Je kompatibiln\u00e1 s\u00a0 mnoh\u00fdmi WordPress \u0161abl\u00f3nami a\u00a0v\u00e4\u010d\u0161inou ich roz\u0161\u00edren\u00ed. T\u00e1to nadstavba patr\u00ed medzi naj\u010dastej\u0161ie pou\u017e\u00edvan\u00e9 e-commerce platformy a pou\u017e\u00edva sa na cca 28% v\u0161etk\u00fdch E-shopov na svete.<\/p>\n<h5>\u010co v\u0161etko WooCommerce pon\u00faka<\/h5>\n<p>Woo je vhodn\u00fdm rie\u0161en\u00edm pre internetov\u00fd obchod ak\u00e9hoko\u013evek zamerania a ve\u013ekosti.\u00a0Pomocou tohto pluginu vytvor\u00edte e-shop \u0161it\u00fd presne na mieru bez oh\u013eadu na to, \u010di pred\u00e1vate m\u00f3dne odevy, hra\u010dky, knihy, lieky a\u00a0zdravotn\u00edcke pom\u00f4cky, slu\u017eby, elektroniku alebo digit\u00e1lne produkty.<\/p>\n<p>Jeho nain\u0161talovan\u00edm k\u00a0va\u0161ej str\u00e1nke z\u00edskate bohat\u00fd v\u00fdber funkci\u00ed na vytvorenie plne funk\u010dn\u00e9ho online obchodu. Pon\u00faka rie\u0161enie na v\u0161etky potrebn\u00e9 detaily.<\/p>\n<h5>Na \u010do sl\u00fa\u017ei prepojenie so syst\u00e9mom WooCommerce?<\/h5>\n<p><strong>Prenos objedn\u00e1vok<\/strong><\/p>\n<p>Automatick\u00e9 s\u0165ahovanie skompletizovan\u00fdch (uhraden\u00fdch a expedovan\u00fdch) objedn\u00e1vok zo syst\u00e9mu WooCommerce. Z ka\u017edej objedn\u00e1vky je vytvoren\u00fd skladov\u00fd pohyb \u2013\u00a0<i>v\u00fddajka<\/i>, \u010d\u00edm sa pon\u00ed\u017eia skladov\u00e9 zostatky na skladov\u00fdch kart\u00e1ch. Z objedn\u00e1vky sa netvor\u00ed fakt\u00fara, nako\u013eko sa po\u010d\u00edta, \u017ee faktur\u00e1cia je rie\u0161en\u00e1 priamo v syst\u00e9me WooCommerce.<\/p>\n<p id=\"synchronizacia-skladovych-zostatkov\"><strong>Synchroniz\u00e1cia skladov\u00fdch zostatkov<\/strong><\/p>\n<p>Po tom, ako sa prenes\u00fa v\u0161etky objedn\u00e1vky, prepojenie zabezpe\u010d\u00ed, \u017ee v\u0161etky produkty zo syst\u00e9mu WooCommerce maj\u00fa nastaven\u00fd skladov\u00fd zostatok rovn\u00fd sp\u00e1rovan\u00e9mu tovaru z Portosu.<\/p>\n","protected":false},"excerpt":{"rendered":"<div class=\"inner\">\n<p>Prepojenie s ob\u013e\u00fabenou bezplatnou eShop-ovou platformou WooCommerce.<\/p>\n<\/div>\n","protected":false},"featured_media":458,"template":"","meta":[],"product_brand":[],"product_cat":[40],"product_tag":[],"class_list":{"0":"post-457","1":"product","2":"type-product","3":"status-publish","4":"has-post-thumbnail","6":"product_cat-integracie","8":"first","9":"instock","10":"shipping-taxable","11":"purchasable","12":"product-type-simple"},"_links":{"self":[{"href":"https:\/\/be.portos.sk\/index.php\/wp-json\/wp\/v2\/product\/457","targetHints":{"allow":["GET"]}}],"collection":[{"href":"https:\/\/be.portos.sk\/index.php\/wp-json\/wp\/v2\/product"}],"about":[{"href":"https:\/\/be.portos.sk\/index.php\/wp-json\/wp\/v2\/types\/product"}],"wp:featuredmedia":[{"embeddable":true,"href":"https:\/\/be.portos.sk\/index.php\/wp-json\/wp\/v2\/media\/458"}],"wp:attachment":[{"href":"https:\/\/be.portos.sk\/index.php\/wp-json\/wp\/v2\/media?parent=457"}],"wp:term":[{"taxonomy":"product_brand","embeddable":true,"href":"https:\/\/be.portos.sk\/index.php\/wp-json\/wp\/v2\/product_brand?post=457"},{"taxonomy":"product_cat","embeddable":true,"href":"https:\/\/be.portos.sk\/index.php\/wp-json\/wp\/v2\/product_cat?post=457"},{"taxonomy":"product_tag","embeddable":true,"href":"https:\/\/be.portos.sk\/index.php\/wp-json\/wp\/v2\/product_tag?post=457"}],"curies":[{"name":"wp","href":"https:\/\/api.w.org\/{rel}","templated":true}]}}