{"id":459,"date":"2024-10-23T11:16:08","date_gmt":"2024-10-23T09:16:08","guid":{"rendered":"https:\/\/be.portos.sk\/?post_type=product&#038;p=459"},"modified":"2024-10-23T11:18:17","modified_gmt":"2024-10-23T09:18:17","slug":"kros-omega","status":"publish","type":"product","link":"https:\/\/be.portos.sk\/index.php\/produkt\/kros-omega\/","title":{"rendered":"Kros Omega"},"content":{"rendered":"<p>V\u010faka prepojeniu so siln\u00fdm skladov\u00fdm a ekonomick\u00fdm softv\u00e9rom KROS Omega z\u00edskate skvel\u00fd preh\u013ead naprie\u010d celou sie\u0165ou Va\u0161ich predajn\u00fdch miest.<\/p>\n<h5>Prenos tovarov<\/h5>\n<p>Syst\u00e9m PORTOS udr\u017eiava zoznam tovarov aj skladov\u00e9 zostatky synchronizovan\u00fd v syst\u00e9me KROS Omega. Ak v aplik\u00e1cii KROS Omega vznikne nov\u00fd tovar, alebo sa existuj\u00facemu tovaru zmen\u00ed n\u00e1zov, cena, alebo \u010doko\u013evek in\u00e9, syst\u00e9m PORTOS si v\u0161etky potrebn\u00e9 inform\u00e1cie prevezme a aktualizuje.<\/p>\n<p>Sortiment tak evidujete na jedinom mieste &#8211;\u00a0v aplik\u00e1cii KROS Omega. PORTOS sa postar\u00e1 o v\u0161etko ostatn\u00e9 tak aby ste v aplik\u00e1cii PORTOS Poklad\u0148a mali v\u017edy aktu\u00e1lny cenn\u00edk.<\/p>\n<h5>Prenos skladov\u00fdch zostatkov<\/h5>\n<p>Ak v syst\u00e9me KROS Omega naskladn\u00edte, alebo vyskladn\u00edte tovar, syst\u00e9m PORTOS si prevezme aktu\u00e1lne skladov\u00e9 zostatky. V\u010faka tomuto prepojeniu je prenos tovaru medzi r\u00f4znymi skladmi naozaj jednoduch\u00fd.\u00a0 Vyu\u017ei\u0165 ho m\u00f4\u017eete pri prenose tovaru z jednej predajne na druh\u00fa, alebo pri prenose tovaru z centr\u00e1lneho skladu na predaj\u0148u a nasp\u00e4\u0165.<\/p>\n<h5>Preh\u013eadn\u00e1 synchroniz\u00e1cia<\/h5>\n<p>Pri synchroniz\u00e1cii m\u00e1te k dispoz\u00edcii preh\u013ead posledn\u00fdch prenesen\u00fdch denn\u00fdch uz\u00e1vierok spolu s dosiahnut\u00fdm obratom.<\/p>\n","protected":false},"excerpt":{"rendered":"<div class=\"inner\">\n<p>Integr\u00e1cia so siln\u00fdm skladov\u00fdm a ekonomick\u00fdm softv\u00e9rom.<\/p>\n<\/div>\n","protected":false},"featured_media":460,"template":"","meta":[],"product_brand":[],"product_cat":[40],"product_tag":[],"class_list":{"0":"post-459","1":"product","2":"type-product","3":"status-publish","4":"has-post-thumbnail","6":"product_cat-integracie","8":"first","9":"instock","10":"shipping-taxable","11":"purchasable","12":"product-type-simple"},"_links":{"self":[{"href":"https:\/\/be.portos.sk\/index.php\/wp-json\/wp\/v2\/product\/459","targetHints":{"allow":["GET"]}}],"collection":[{"href":"https:\/\/be.portos.sk\/index.php\/wp-json\/wp\/v2\/product"}],"about":[{"href":"https:\/\/be.portos.sk\/index.php\/wp-json\/wp\/v2\/types\/product"}],"wp:featuredmedia":[{"embeddable":true,"href":"https:\/\/be.portos.sk\/index.php\/wp-json\/wp\/v2\/media\/460"}],"wp:attachment":[{"href":"https:\/\/be.portos.sk\/index.php\/wp-json\/wp\/v2\/media?parent=459"}],"wp:term":[{"taxonomy":"product_brand","embeddable":true,"href":"https:\/\/be.portos.sk\/index.php\/wp-json\/wp\/v2\/product_brand?post=459"},{"taxonomy":"product_cat","embeddable":true,"href":"https:\/\/be.portos.sk\/index.php\/wp-json\/wp\/v2\/product_cat?post=459"},{"taxonomy":"product_tag","embeddable":true,"href":"https:\/\/be.portos.sk\/index.php\/wp-json\/wp\/v2\/product_tag?post=459"}],"curies":[{"name":"wp","href":"https:\/\/api.w.org\/{rel}","templated":true}]}}