{"id":461,"date":"2024-10-23T11:17:52","date_gmt":"2024-10-23T09:17:52","guid":{"rendered":"https:\/\/be.portos.sk\/?post_type=product&#038;p=461"},"modified":"2024-10-23T11:17:52","modified_gmt":"2024-10-23T09:17:52","slug":"decibar","status":"publish","type":"product","link":"https:\/\/be.portos.sk\/index.php\/produkt\/decibar\/","title":{"rendered":"Decibar"},"content":{"rendered":"<p>Decibar je \u0161ikovn\u00fd syst\u00e9m pre ur\u00fdchlenie invent\u00fary alkoholu vo Va\u0161om podniku.<\/p>\n<p>Unik\u00e1tne patentovan\u00e9 zariadenie, kombinuj\u00face v\u00e1hu a sn\u00edma\u010d \u010diarov\u00fdch k\u00f3dov, V\u00e1m u\u0161etr\u00ed mno\u017estvo \u010dasu a navy\u0161e v\u00fdrazne spresn\u00ed invent\u00faru.<\/p>\n<p>Viac, ako 450 Decibarov sl\u00fa\u017ei v hoteloch, re\u0161taur\u00e1ciach, baroch a in\u00fdch prev\u00e1dzkach v \u010ceskej republike, na Slovensku, v Po\u013esku, Rak\u00fasku, Nemecku, v Kosove a dokonca aj v Keni.<\/p>\n<p>Po nasn\u00edman\u00ed flia\u0161 dok\u00e1\u017eete naimportova\u0165 CSV s\u00fabor priamo do invent\u00fary v aplik\u00e1cii\u00a0PORTOS BackOffice.<\/p>\n","protected":false},"excerpt":{"rendered":"<div class=\"inner\">\n<p>Rie\u0161enie pre ur\u00fdchlenie invent\u00fary alkoholu.<\/p>\n<\/div>\n","protected":false},"featured_media":462,"template":"","meta":[],"product_brand":[],"product_cat":[40],"product_tag":[],"class_list":{"0":"post-461","1":"product","2":"type-product","3":"status-publish","4":"has-post-thumbnail","6":"product_cat-integracie","8":"first","9":"instock","10":"shipping-taxable","11":"purchasable","12":"product-type-simple"},"_links":{"self":[{"href":"https:\/\/be.portos.sk\/index.php\/wp-json\/wp\/v2\/product\/461","targetHints":{"allow":["GET"]}}],"collection":[{"href":"https:\/\/be.portos.sk\/index.php\/wp-json\/wp\/v2\/product"}],"about":[{"href":"https:\/\/be.portos.sk\/index.php\/wp-json\/wp\/v2\/types\/product"}],"wp:featuredmedia":[{"embeddable":true,"href":"https:\/\/be.portos.sk\/index.php\/wp-json\/wp\/v2\/media\/462"}],"wp:attachment":[{"href":"https:\/\/be.portos.sk\/index.php\/wp-json\/wp\/v2\/media?parent=461"}],"wp:term":[{"taxonomy":"product_brand","embeddable":true,"href":"https:\/\/be.portos.sk\/index.php\/wp-json\/wp\/v2\/product_brand?post=461"},{"taxonomy":"product_cat","embeddable":true,"href":"https:\/\/be.portos.sk\/index.php\/wp-json\/wp\/v2\/product_cat?post=461"},{"taxonomy":"product_tag","embeddable":true,"href":"https:\/\/be.portos.sk\/index.php\/wp-json\/wp\/v2\/product_tag?post=461"}],"curies":[{"name":"wp","href":"https:\/\/api.w.org\/{rel}","templated":true}]}}