{"id":465,"date":"2024-10-24T10:23:26","date_gmt":"2024-10-24T08:23:26","guid":{"rendered":"https:\/\/be.portos.sk\/?post_type=product&#038;p=465"},"modified":"2024-10-24T10:24:08","modified_gmt":"2024-10-24T08:24:08","slug":"kiosk-stojany","status":"publish","type":"product","link":"https:\/\/be.portos.sk\/index.php\/produkt\/kiosk-stojany\/","title":{"rendered":"Kiosk stojany"},"content":{"rendered":"<p>Pokro\u010dil\u00fd samoobslu\u017en\u00fd kioskov\u00fd syst\u00e9m, ktor\u00fd umo\u017e\u0148uje samoobslu\u017en\u00e9 objedn\u00e1vanie, platenie.<\/p>\n","protected":false},"excerpt":{"rendered":"<p>Pokro\u010dil\u00fd samoobslu\u017en\u00fd kioskov\u00fd syst\u00e9m, ktor\u00fd umo\u017e\u0148uje samoobslu\u017en\u00e9 objedn\u00e1vanie, platenie.<\/p>\n","protected":false},"featured_media":467,"template":"","meta":[],"product_brand":[],"product_cat":[41],"product_tag":[],"class_list":{"0":"post-465","1":"product","2":"type-product","3":"status-publish","4":"has-post-thumbnail","6":"product_cat-kiosk-stojany","8":"first","9":"instock","10":"shipping-taxable","11":"purchasable","12":"product-type-simple"},"_links":{"self":[{"href":"https:\/\/be.portos.sk\/index.php\/wp-json\/wp\/v2\/product\/465","targetHints":{"allow":["GET"]}}],"collection":[{"href":"https:\/\/be.portos.sk\/index.php\/wp-json\/wp\/v2\/product"}],"about":[{"href":"https:\/\/be.portos.sk\/index.php\/wp-json\/wp\/v2\/types\/product"}],"wp:featuredmedia":[{"embeddable":true,"href":"https:\/\/be.portos.sk\/index.php\/wp-json\/wp\/v2\/media\/467"}],"wp:attachment":[{"href":"https:\/\/be.portos.sk\/index.php\/wp-json\/wp\/v2\/media?parent=465"}],"wp:term":[{"taxonomy":"product_brand","embeddable":true,"href":"https:\/\/be.portos.sk\/index.php\/wp-json\/wp\/v2\/product_brand?post=465"},{"taxonomy":"product_cat","embeddable":true,"href":"https:\/\/be.portos.sk\/index.php\/wp-json\/wp\/v2\/product_cat?post=465"},{"taxonomy":"product_tag","embeddable":true,"href":"https:\/\/be.portos.sk\/index.php\/wp-json\/wp\/v2\/product_tag?post=465"}],"curies":[{"name":"wp","href":"https:\/\/api.w.org\/{rel}","templated":true}]}}