{"id":473,"date":"2024-10-25T08:24:18","date_gmt":"2024-10-25T06:24:18","guid":{"rendered":"https:\/\/be.portos.sk\/?post_type=product&#038;p=473"},"modified":"2024-10-25T08:32:14","modified_gmt":"2024-10-25T06:32:14","slug":"termo-pokladnicne-pasky-80mm","status":"publish","type":"product","link":"https:\/\/be.portos.sk\/index.php\/produkt\/termo-pokladnicne-pasky-80mm\/","title":{"rendered":"Termo pokladni\u010dn\u00e9 p\u00e1sky 80mm"},"content":{"rendered":"<p>Cena za 1 kus. 10 ks p\u00e1sok v balen\u00ed<\/p>\n","protected":false},"excerpt":{"rendered":"<p><span style=\"font-size: 11.6667px;\">10 ks p\u00e1sok v balen\u00ed<\/span><\/p>\n","protected":false},"featured_media":474,"template":"","meta":[],"product_brand":[],"product_cat":[42],"product_tag":[],"class_list":{"0":"post-473","1":"product","2":"type-product","3":"status-publish","4":"has-post-thumbnail","6":"product_cat-spotrebny-material","8":"first","9":"instock","10":"shipping-taxable","11":"purchasable","12":"product-type-simple"},"_links":{"self":[{"href":"https:\/\/be.portos.sk\/index.php\/wp-json\/wp\/v2\/product\/473","targetHints":{"allow":["GET"]}}],"collection":[{"href":"https:\/\/be.portos.sk\/index.php\/wp-json\/wp\/v2\/product"}],"about":[{"href":"https:\/\/be.portos.sk\/index.php\/wp-json\/wp\/v2\/types\/product"}],"wp:featuredmedia":[{"embeddable":true,"href":"https:\/\/be.portos.sk\/index.php\/wp-json\/wp\/v2\/media\/474"}],"wp:attachment":[{"href":"https:\/\/be.portos.sk\/index.php\/wp-json\/wp\/v2\/media?parent=473"}],"wp:term":[{"taxonomy":"product_brand","embeddable":true,"href":"https:\/\/be.portos.sk\/index.php\/wp-json\/wp\/v2\/product_brand?post=473"},{"taxonomy":"product_cat","embeddable":true,"href":"https:\/\/be.portos.sk\/index.php\/wp-json\/wp\/v2\/product_cat?post=473"},{"taxonomy":"product_tag","embeddable":true,"href":"https:\/\/be.portos.sk\/index.php\/wp-json\/wp\/v2\/product_tag?post=473"}],"curies":[{"name":"wp","href":"https:\/\/api.w.org\/{rel}","templated":true}]}}