{"id":475,"date":"2024-10-25T08:31:53","date_gmt":"2024-10-25T06:31:53","guid":{"rendered":"https:\/\/be.portos.sk\/?post_type=product&#038;p=475"},"modified":"2024-10-25T08:35:24","modified_gmt":"2024-10-25T06:35:24","slug":"termo-pokladnicne-pasky-57mm","status":"publish","type":"product","link":"https:\/\/be.portos.sk\/index.php\/produkt\/termo-pokladnicne-pasky-57mm\/","title":{"rendered":"Termo pokladni\u010dn\u00e9 p\u00e1sky 57mm"},"content":{"rendered":"<p>Cena za 1 kus<\/p>\n","protected":false},"excerpt":{"rendered":"<p>Cena za 1 kus<\/p>\n","protected":false},"featured_media":477,"template":"","meta":[],"product_brand":[],"product_cat":[42],"product_tag":[],"class_list":{"0":"post-475","1":"product","2":"type-product","3":"status-publish","4":"has-post-thumbnail","6":"product_cat-spotrebny-material","8":"first","9":"instock","10":"shipping-taxable","11":"purchasable","12":"product-type-simple"},"_links":{"self":[{"href":"https:\/\/be.portos.sk\/index.php\/wp-json\/wp\/v2\/product\/475","targetHints":{"allow":["GET"]}}],"collection":[{"href":"https:\/\/be.portos.sk\/index.php\/wp-json\/wp\/v2\/product"}],"about":[{"href":"https:\/\/be.portos.sk\/index.php\/wp-json\/wp\/v2\/types\/product"}],"wp:featuredmedia":[{"embeddable":true,"href":"https:\/\/be.portos.sk\/index.php\/wp-json\/wp\/v2\/media\/477"}],"wp:attachment":[{"href":"https:\/\/be.portos.sk\/index.php\/wp-json\/wp\/v2\/media?parent=475"}],"wp:term":[{"taxonomy":"product_brand","embeddable":true,"href":"https:\/\/be.portos.sk\/index.php\/wp-json\/wp\/v2\/product_brand?post=475"},{"taxonomy":"product_cat","embeddable":true,"href":"https:\/\/be.portos.sk\/index.php\/wp-json\/wp\/v2\/product_cat?post=475"},{"taxonomy":"product_tag","embeddable":true,"href":"https:\/\/be.portos.sk\/index.php\/wp-json\/wp\/v2\/product_tag?post=475"}],"curies":[{"name":"wp","href":"https:\/\/api.w.org\/{rel}","templated":true}]}}