{"id":478,"date":"2024-11-06T09:16:12","date_gmt":"2024-11-06T08:16:12","guid":{"rendered":"https:\/\/be.portos.sk\/?post_type=product&#038;p=478"},"modified":"2024-11-06T09:30:23","modified_gmt":"2024-11-06T08:30:23","slug":"all-in-one-shuttle-12-p20u","status":"publish","type":"product","link":"https:\/\/be.portos.sk\/index.php\/produkt\/all-in-one-shuttle-12-p20u\/","title":{"rendered":"All-In-One Shuttle 12&#8243; P20U"},"content":{"rendered":"<p>Roz\u0161\u00edrenie SSD na 240 GB +20\u20ac<\/p>\n<p>All-in-one P20U Shuttle XPC s multi-dotykov\u00fdm displejom 11,6 &#8222;je umiestnen\u00fd ako priestorovo \u00fasporn\u00fd pokladni\u010dn\u00fd po\u010d\u00edta\u010d, alebo ovl\u00e1dacie zariadenie pre prehr\u00e1vanie, alebo automatiz\u00e1ciu m\u00e9di\u00ed. Nastavite\u013en\u00fd stojan umo\u017e\u0148uje flexibiln\u00e9 zobrazenie a pracovn\u00e9 uhly. M\u00f4\u017ee by\u0165 namontovan\u00fd na pr\u00edslu\u0161n\u00e9 stojany, alebo dr\u017eiaky VESA je chr\u00e1nen\u00fd pred striekaj\u00facou vodou a prachom pod\u013ea stup\u0148a krytia IP54. Odpojite\u013en\u00e1 k\u00e1blov\u00e1 zbern\u00e1 skrinka na dne pom\u00e1ha zabr\u00e1ni\u0165 neporiadku.V\u010faka pas\u00edvnemu chladeniu je syst\u00e9m prakticky bezhlu\u010dn\u00fd , bez\u00fadr\u017ebov\u00fd a schv\u00e1len\u00fd pre nepretr\u017eit\u00fa prev\u00e1dzku.<\/p>\n<ul>\n<li><span style=\"color: #000000;\">Kompaktn\u00e9 rozmery<\/span><\/li>\n<li><span style=\"color: #000000;\">Obsahuje 2 vstavan\u00e9\u00a0s\u00e9riov\u00e9\u00a0porty<\/span><\/li>\n<li><span style=\"color: #000000;\">Vstavan\u00e1 \u010d\u00edta\u010dka SD kariet<\/span><\/li>\n<li><span style=\"color: #000000;\">Podporuje VESA mont\u00e1\u017e<\/span><\/li>\n<li><span style=\"color: #000000;\">Vodeodoln\u00fd (IP54)<\/span><\/li>\n<\/ul>\n<h5>Bez ventil\u00e1tora<\/h5>\n<p>Pas\u00edvny chladiaci syst\u00e9m, v\u00f4bec \u017eiadny ventil\u00e1tor. Ide\u00e1lny na pou\u017eitie v prostrediach citliv\u00fdch na hluk. Bezvzduchov\u00fd, bezpra\u0161n\u00fd a prakticky bez\u00fadr\u017ebov\u00fd.<\/p>\n<h5>24\/7 non stop prev\u00e1dzka<\/h5>\n<p>Toto zariadenie je schv\u00e1len\u00e9 na nepretr\u017eit\u00fa prev\u00e1dzku 24 hod\u00edn denne.<\/p>\n<h5>IP54 ochrana<\/h5>\n<p>Predn\u00fd panel je chr\u00e1nen\u00fd proti prachu a pred vodou pod\u013ea triedy ochrany IP54.<\/p>\n<h5>Dotykov\u00e1 obrazovka<\/h5>\n<p>Funkcia dotykov\u00e9ho displeja podporuje vstup prsta. Kapacitn\u00fd dotykov\u00fd panel s 10-bodov\u00fdm multi-touch. Stylusov\u00e9 pero nie je podporovan\u00e9.<\/p>\n<h5>Opera\u010dn\u00fd syst\u00e9m:<\/h5>\n<p>Dod\u00e1van\u00fd bez opera\u010dn\u00e9ho syst\u00e9mu. Je kompatibiln\u00fd s Windows 10 (64-bitov\u00e9) a\u00a0Linux (64-bitov\u00fd, nepodporuje pr\u00edslu\u0161enstvo NFC).<\/p>\n<h5>Processor<\/h5>\n<p>Model: Intel Celeron 3865U (ULV)<br \/>\nArchitekt\u00fara na \u010dipovom syst\u00e9me (SoC): \u017eiadna \u010dipov\u00e1 sada nie je potrebn\u00e1<br \/>\nJadr\u00e1 \/ vl\u00e1kna: 2\/2<br \/>\nClock rate:\u00a01,8 GHz<br \/>\nRiadiaca jednotka: DDR4-2133 Dual Channel (1,2 V)<br \/>\nV\u00fdkon TDP: maxim\u00e1lne 15 W<br \/>\nPodporuje 64-bitov\u00e9, VT-x (EPT), VT-d, Enhanced SpeedStep, NX bit, AES-NI, SSE 4.1 \/ 4.2<\/p>\n<h5>Integrovan\u00e1 grafick\u00e1 karta<\/h5>\n<p>Grafick\u00e1 karta Intel HD 610<br \/>\nFrekvencia hod\u00edn GPU: 300 ~ 900 MHz<br \/>\nVykon\u00e1vacie jednotky (E\u00da): 12<br \/>\nPodporuje DirectX 12<br \/>\nPodporuje pln\u00e9 dek\u00f3dovanie H264, H265 8\/10 bitov, VP8 \/ 9, VC-1, AVC<br \/>\nPodporuje technol\u00f3giu Quick Sync Video a Clear Video HD<\/p>\n<h5>Pam\u00e4\u0165<\/h5>\n<p>Podporuje DDR4-2133 (PC4-17000) SDRAM pri 1,2 V<br \/>\nPodporuje maxim\u00e1lne 16 GB na modul DIMM, maxim\u00e1lna celkov\u00e1 ve\u013ekos\u0165: 32 GB<\/p>\n<h5>Pevn\u00fd disk \/ SSD<\/h5>\n<p>Podporuje jeden pevn\u00fd disk SATA, alebo jednu SSD jednotku SATA vo form\u00e1te 6,35 cm \/ 2,5 &#8220;<br \/>\nRozhranie SATA 3.0 podporuje r\u00fdchlos\u0165 prenosu d\u00e1t a\u017e 600 MB \/ s (6 Gbit \/ s)<br \/>\nPodporuje jednu jednotku s v\u00fd\u0161kou a\u017e 9,5 mm<\/p>\n<h5>\u010c\u00edta\u010dka pam\u00e4\u0165ov\u00fdch kariet<\/h5>\n<p>Integrovan\u00e1 \u010d\u00edta\u010dka kariet podporuje pam\u00e4\u0165ov\u00e9 karty SD, SDHC a SDXC<\/p>\n","protected":false},"excerpt":{"rendered":"<p>Vodeodoln\u00fd kompaktn\u00fd All-in-one po\u010d\u00edta\u010d s dotykov\u00fdm displejom, RAM 8 GB, 120GB SSD diskom a s\u00e9riov\u00fdm portom.<\/p>\n","protected":false},"featured_media":479,"template":"","meta":[],"product_brand":[],"product_cat":[23],"product_tag":[],"class_list":{"0":"post-478","1":"product","2":"type-product","3":"status-publish","4":"has-post-thumbnail","6":"product_cat-all-in-one-pocitace","8":"first","9":"instock","10":"shipping-taxable","11":"purchasable","12":"product-type-simple"},"_links":{"self":[{"href":"https:\/\/be.portos.sk\/index.php\/wp-json\/wp\/v2\/product\/478","targetHints":{"allow":["GET"]}}],"collection":[{"href":"https:\/\/be.portos.sk\/index.php\/wp-json\/wp\/v2\/product"}],"about":[{"href":"https:\/\/be.portos.sk\/index.php\/wp-json\/wp\/v2\/types\/product"}],"wp:featuredmedia":[{"embeddable":true,"href":"https:\/\/be.portos.sk\/index.php\/wp-json\/wp\/v2\/media\/479"}],"wp:attachment":[{"href":"https:\/\/be.portos.sk\/index.php\/wp-json\/wp\/v2\/media?parent=478"}],"wp:term":[{"taxonomy":"product_brand","embeddable":true,"href":"https:\/\/be.portos.sk\/index.php\/wp-json\/wp\/v2\/product_brand?post=478"},{"taxonomy":"product_cat","embeddable":true,"href":"https:\/\/be.portos.sk\/index.php\/wp-json\/wp\/v2\/product_cat?post=478"},{"taxonomy":"product_tag","embeddable":true,"href":"https:\/\/be.portos.sk\/index.php\/wp-json\/wp\/v2\/product_tag?post=478"}],"curies":[{"name":"wp","href":"https:\/\/api.w.org\/{rel}","templated":true}]}}