{"id":504,"date":"2024-11-07T11:21:37","date_gmt":"2024-11-07T10:21:37","guid":{"rendered":"https:\/\/be.portos.sk\/?post_type=product&#038;p=504"},"modified":"2024-11-07T11:24:22","modified_gmt":"2024-11-07T10:24:22","slug":"pc-all-in-one-shuttle-xpc-p51u-15-6","status":"publish","type":"product","link":"https:\/\/be.portos.sk\/index.php\/produkt\/pc-all-in-one-shuttle-xpc-p51u-15-6\/","title":{"rendered":"PC All-In-One Shuttle XPC P51U 15.6&#8243;"},"content":{"rendered":"<p>Roz\u0161\u00edrenie na 480\u00a0GB SSD\u00a0+ 30\u20ac<\/p>\n<p>Rada po\u010d\u00edta\u010dov typu v\u0161etko-v-jednom od spolo\u010dnosti Shuttle zatia\u013e obsahuje modely s tromi r\u00f4znymi ve\u013ekos\u0165ami obrazovky: 11,6 &#8222;, 15,6&#8220; a 19,5 &#8222;.<\/p>\n<p>Zariadenie P51U typu&#8220; v\u0161etko v jednom &#8222;Shuttle XPC s kapacitnou 15,6&#8220; dotykovou obrazovkou pon\u00faka rozl\u00ed\u0161enie Full HD. Procesor Intel Ultra-Low-Voltage (ULV) zais\u0165uje vysok\u00fd v\u00fdpo\u010dtov\u00fd v\u00fdkon a z\u00e1rove\u0148 udr\u017euje n\u00edzku spotrebu energie. V\u010faka pas\u00edvnemu chladeniu je syst\u00e9m prakticky nehlu\u010dn\u00fd, bez\u00fadr\u017ebov\u00fd a schv\u00e1len\u00fd pre nepretr\u017eit\u00fa prev\u00e1dzku 24\/7. Obzvl\u00e1\u0161\u0165 vhodn\u00e9 pre vertik\u00e1lne aplik\u00e1cie je umiestnenie konektorov v spodnej \u010dasti a \u010deln\u00fd panel vyhovuj\u00faci krytiu IP54, ktor\u00fd je chr\u00e1nen\u00fd proti prachu a striekaj\u00facej vode.<\/p>\n<p>&nbsp;<\/p>\n<p>&nbsp;<\/p>\n<p><img decoding=\"async\" src=\"http:\/\/www.axis-distribution.sk\/Data\/1379\/UserFiles\/shuttle\/2.jpg\" alt=\"\" \/><\/p>\n<p>&nbsp;<\/p>\n<p><img decoding=\"async\" src=\"http:\/\/www.axis-distribution.sk\/Data\/1379\/UserFiles\/shuttle\/1.jpg\" alt=\"\" \/><\/p>\n<p>&nbsp;<\/p>\n<ul>\n<li><span style=\"color: #000000;\">Bez ventil\u00e1tora a tich\u00fd<\/span><br \/>\n<span style=\"color: #000000;\">Pas\u00edvne chladenie, absol\u00fatne bez zvuku<\/span><br \/>\n<span style=\"color: #000000;\">Perfektn\u00e9 pre prostredie citliv\u00e9 na hluk<\/span><br \/>\n<span style=\"color: #000000;\">Bez ventil\u00e1tora, bez prachu, prakticky bez\u00fadr\u017ebov\u00fd<\/span><\/li>\n<li><span style=\"color: #000000;\">24\/7 nonstop prev\u00e1dzka<\/span><br \/>\n<span style=\"color: #000000;\">Zariadenie je schv\u00e1len\u00e9 pre nepretr\u017eit\u00fa prev\u00e1dzku.<\/span><br \/>\n<span style=\"color: #000000;\">Po\u017eiadavky:<\/span><br \/>\n<span style=\"color: #000000;\">&#8211; Zaru\u010den\u00e1 vo\u013en\u00e1 cirkul\u00e1cia vzduchu medzi po\u010d\u00edta\u010dom.<\/span><br \/>\n<span style=\"color: #000000;\">&#8211; Vetracie otvory musia by\u0165 \u010dist\u00e9.<\/span><br \/>\n<span style=\"color: #000000;\">&#8211; Ak je vlo\u017een\u00fd HDD alebo SSD, tak mus\u00ed by\u0165 schv\u00e1len\u00fd v\u00fdrobcom.<\/span><\/li>\n<li><span style=\"color: #000000;\">IP54 ochrana<\/span><br \/>\n<span style=\"color: #000000;\">Predn\u00fd panel je chr\u00e1nen\u00fd vo\u010di prachu a vode pod\u013ea triedy ochrany IP54<\/span><\/li>\n<li><span style=\"color: #000000;\">Vlastnosti<\/span><br \/>\n<span style=\"color: #000000;\">Farba: \u010dierna<\/span><br \/>\n<span style=\"color: #000000;\">Rozmery: 393.6 \u00d7 272.5 \u00d7 39.8 mm (W \u00d7 H \u00d7 D)<\/span><br \/>\n<span style=\"color: #000000;\">100 mm VESA mont\u00e1\u017e<\/span><br \/>\n<span style=\"color: #000000;\">Otvor pre z\u00e1mok Kensington<\/span><br \/>\n<span style=\"color: #000000;\">V\u00e1ha: 3.25 kg net, 4.5 kg gross<\/span><\/li>\n<li><span style=\"color: #000000;\">Opera\u010dn\u00fd syst\u00e9m.<\/span><br \/>\n<span style=\"color: #000000;\">Kompatibiln\u00fd s:<\/span><br \/>\n<span style=\"color: #000000;\">&#8211; Windows ( 64-bit)<\/span><br \/>\n<span style=\"color: #000000;\">&#8211; Linux (64-bit)<\/span><\/li>\n<li><span style=\"color: #000000;\">Dotykov\u00e1 obrazovka<\/span><br \/>\n<span style=\"color: #000000;\">Dotykov\u00e1 obrazovka podporuj\u00faca dotyk<\/span><br \/>\n<span style=\"color: #000000;\">Kapacitn\u00fd dotykov\u00fd displej s 10-point multi-touch<\/span><br \/>\n<span style=\"color: #000000;\">Podpora dotykou pomocou r (PVC, cotton, cotton\/linen)<\/span><br \/>\n<span style=\"color: #000000;\">Dotykov\u00e9 pero nie je podporovan\u00e9<\/span><\/li>\n<li><span style=\"color: #000000;\">39.6 cm display (15.6&#8243;)<\/span><br \/>\n<span style=\"color: #000000;\">39.6 cm \/ 15.6&#8243; LC display, IPS technology<\/span><br \/>\n<span style=\"color: #000000;\">Ratio: 16:9 wide-screen panel<\/span><br \/>\n<span style=\"color: #000000;\">Rozl\u00ed\u0161enie: 1920 \u00d7 1080 = 2 Megapixel (Full HD \/ 1080p)<\/span><br \/>\n<span style=\"color: #000000;\">Brightness: 250 cd\/sqm<\/span><\/li>\n<li><span style=\"color: #000000;\">Processor<\/span><br \/>\n<span style=\"color: #000000;\">Model: Intel Celeron 4205U (ULV)<\/span><br \/>\n<span style=\"color: #000000;\">System-on-a-chip architecture (SoC) with integrated memory and graphics controller: no chipset required<\/span><br \/>\n<span style=\"color: #000000;\">FCBGA1528 package &#8211; directly soldered onto the mainboard<\/span><br \/>\n<span style=\"color: #000000;\">Code name: Whiskey Lake U (8th Generation Intel Core)<\/span><br \/>\n<span style=\"color: #000000;\">Cores \/ Threads: 2 \/ 2<\/span><br \/>\n<span style=\"color: #000000;\">Clock rate: 1.8 GHz<\/span><br \/>\n<span style=\"color: #000000;\">L1\/L2\/L3 Cache: 128 kB \/ 512 kB \/ 2048 kB<\/span><br \/>\n<span style=\"color: #000000;\">TDP wattage: 15 W maximum<\/span><br \/>\n<span style=\"color: #000000;\">Manufacturing process: 3rd-generation enhanced 14nm++<\/span><br \/>\n<span style=\"color: #000000;\">Maximum Tjunction Temperature: 100 \u00b0C<\/span><br \/>\n<span style=\"color: #000000;\">Podpora 64-bit, VT-x (EPT), VT-d, Enhanced SpeedStep, NX bit, AES-NI, SSE 4.1\/4.2<\/span><\/li>\n<li><span style=\"color: #000000;\">Integrovan\u00e1 grafika<\/span><br \/>\n<span style=\"color: #000000;\">Intel HD Graphics 610<\/span><br \/>\n<span style=\"color: #000000;\">GPU clock frequency: 300~900 MHz<\/span><br \/>\n<span style=\"color: #000000;\">Execution Units (EUs): 12<\/span><br \/>\n<span style=\"color: #000000;\">Podpora DirectX 12<\/span><br \/>\n<span style=\"color: #000000;\">Podpora full H264, H265 8\/10 bit, VP8\/9, VC-1, AVC hardware decoding<\/span><br \/>\n<span style=\"color: #000000;\">Podpora Quick Sync Video a Clear Video HD technol\u00f3gie<\/span><\/li>\n<li><span style=\"color: #000000;\">A\u017e 3 displeje s\u00fa\u010dasne<\/span><br \/>\n<span style=\"color: #000000;\">Dva video porty umo\u017e\u0148uj\u00fa pripojenie a\u017e dvoch \u010fal\u0161\u00edch displejov:<\/span><br \/>\n<span style=\"color: #000000;\">1) HDMI 1.4b supports 1920 \u00d7 1080 @ 60 Hz or 3840 \u00d7 2160 @ 30 Hz<\/span><br \/>\n<span style=\"color: #000000;\">2) VGA \/ D-Sub analog video supports 1920 \u00d7 1080 @ 60 Hz<\/span><br \/>\n<span style=\"color: #000000;\">Multi-Monitoring modes as follow:<\/span><br \/>\n<span style=\"color: #000000;\">Clone mode: All displays show the same content at 1920 \u00d7 1080.<\/span><br \/>\n<span style=\"color: #000000;\">Extended mode: All displays show different content.<\/span><\/li>\n<li><span style=\"color: #000000;\">BIOS<\/span><br \/>\n<span style=\"color: #000000;\">AMI BIOS in 8 MByte EEPROM with SPI interface<\/span><br \/>\n<span style=\"color: #000000;\">Supports Power-on-after-power-fail \/ always on<\/span><br \/>\n<span style=\"color: #000000;\">Supports Wake-on-LAN (WOL) from S3, S4, S5 ACPI states<\/span><br \/>\n<span style=\"color: #000000;\">Supports hardware monitoring and Watchdog function<\/span><br \/>\n<span style=\"color: #000000;\">Supports Firmware TPM v2.0 function<\/span><\/li>\n<li><span style=\"color: #000000;\">Pam\u00e4\u0165<\/span><br \/>\n<span style=\"color: #000000;\">2\u00d7 SO-DIMM slot with 260 pins<\/span><br \/>\n<span style=\"color: #000000;\">Podpora DDR4-2133 (PC4-17000) SDRAM at 1.2 V<\/span><br \/>\n<span style=\"color: #000000;\">Kompatibiln\u00e9 s DDR4-2400\/2666 pam\u00e4\u0165ov\u00fdmi modulmi<\/span><br \/>\n<span style=\"color: #000000;\">Supports Dual Channel mode<\/span><br \/>\n<span style=\"color: #000000;\">Supports a maximum of 32 GB per DIMM,\u00a0 maximum capacity: 64 GB<\/span><br \/>\n<span style=\"color: #000000;\">Supports two unbuffered DIMM modules (no ECC or registered)<\/span><\/li>\n<li><span style=\"color: #000000;\">2.5&#8243; Hard disk drive \/ SSD<\/span><br \/>\n<span style=\"color: #000000;\">Podpora jedn\u00e9ho SATA hard disk alebo jedn\u00e9ho SATA SSD drive in 6.35 cm \/ 2.5&#8243; format<\/span><br \/>\n<span style=\"color: #000000;\">The SATA 3.0 rozhranie podporuje r\u00fdchlos\u0165 prenosu d\u00e1t a\u017e do 600 MB\/s of data transfer speed (6 Gbit\/s)<\/span><br \/>\n<span style=\"color: #000000;\">Podpora jedn\u00e9ho disku with up to 9.5 mm in height<\/span><br \/>\n<span style=\"color: #000000;\">SATA k\u00e1bel predin\u0161talovan\u00fd<\/span><\/li>\n<\/ul>\n<p><span style=\"color: #000000;\"><img decoding=\"async\" src=\"http:\/\/www.axis-distribution.sk\/Data\/1379\/UserFiles\/shuttle\/4.jpg\" alt=\"\" \/><\/span><\/p>\n<p>&nbsp;<\/p>\n<ul>\n<li><span style=\"color: #000000;\">M.2-2280 Slot<\/span><br \/>\n<span style=\"color: #000000;\">The M.2 2280 BM slot provides the following interfaces:<\/span><br \/>\n<span style=\"color: #000000;\">&#8211; PCI-Express Gen. 2.0 X4<\/span><br \/>\n<span style=\"color: #000000;\">&#8211; SATA v3.0 (max. 6 Gbps)<\/span><br \/>\n<span style=\"color: #000000;\">It supports M.2 cards with a width of 22 mm<\/span><br \/>\n<span style=\"color: #000000;\">and a length of 42, 60 or 80 mm (type 2242, 2260, 2280).<\/span><br \/>\n<span style=\"color: #000000;\">Supports M.2 SATA SSDs (with B+M key) and M.2 PCIe NVMe-SSDs (with M key)<\/span><\/li>\n<li><span style=\"color: #000000;\">Card Reader<\/span><br \/>\n<span style=\"color: #000000;\">Integrated card reader supports SD, SDHC and SDXC memory cards<\/span><\/li>\n<li><span style=\"color: #000000;\">Webcam<\/span><br \/>\n<span style=\"color: #000000;\">Integrated Full-HD 2.0 Megapixel (1920 \u00d7 1080) camera<\/span><\/li>\n<li><span style=\"color: #000000;\">Microphone and speakers<\/span><br \/>\n<span style=\"color: #000000;\">Front panel with integrated Electret Condenser Microphone and<\/span><br \/>\n<span style=\"color: #000000;\">2\u00d7 2 W speakers<\/span><\/li>\n<li><span style=\"color: #000000;\">Integrated Audio<\/span><br \/>\n<span style=\"color: #000000;\">Realtek ALC269 Audio Codec<\/span><br \/>\n<span style=\"color: #000000;\">Two analog audio connectors (3.5 mm) on the bottom side:<\/span><br \/>\n<span style=\"color: #000000;\">1) Line-out (head-phones)<\/span><br \/>\n<span style=\"color: #000000;\">2) Microphone input<\/span><br \/>\n<span style=\"color: #000000;\">Digital Audio is supported via HDMI.<\/span><\/li>\n<li><span style=\"color: #000000;\">Wired Network<\/span><br \/>\n<span style=\"color: #000000;\">Intel i211 Ethernet Controller with MAC, PHY and PCIe interface<\/span><br \/>\n<span style=\"color: #000000;\">Supports 10 \/ 100 \/ 1.000 MBit\/s operation<\/span><br \/>\n<span style=\"color: #000000;\">Supports WAKE ON LAN (WOL) from S3, S4 modes<\/span><br \/>\n<span style=\"color: #000000;\">Supports network boot by Preboot eXecution Environment (PXE)<\/span><\/li>\n<li><span style=\"color: #000000;\">Wireless Network (WLAN &amp; BT)<\/span><br \/>\n<span style=\"color: #000000;\">Model: AzureWave AW-CB209NF<\/span><br \/>\n<span style=\"color: #000000;\">Chipset: Realtek RTL8821CE<\/span><br \/>\n<span style=\"color: #000000;\">M.2-2230 (NGFF) expansion card<\/span><br \/>\n<span style=\"color: #000000;\">Connected with two internal antennas (via IPEX4)<\/span><br \/>\n<span style=\"color: #000000;\">Supports WiFi IEEE 802.11b\/g\/n\/ac in the 2.4\/5 GHz band, 1T1R<\/span><br \/>\n<span style=\"color: #000000;\">Max. 72.2 \/ 150 Mbps using 20 \/ 40 MHz bandwidth in n-mode<\/span><br \/>\n<span style=\"color: #000000;\">Max. 433.3 Mbps using 80 MHz bandwidth in ac-mode<\/span><br \/>\n<span style=\"color: #000000;\">Supports Bluetooth 4.2 in the 2.4 GHz band (BT 4.0 under Linux)<\/span><\/li>\n<li><span style=\"color: #000000;\">Front LEDs<\/span><br \/>\n<span style=\"color: #000000;\">Power LED (blue)<\/span><br \/>\n<span style=\"color: #000000;\">Hard disk LED (orange)<\/span><br \/>\n<span style=\"color: #000000;\">Battery LED (red)<\/span><\/li>\n<li><span style=\"color: #000000;\">Konektory na \u013eavej strane<\/span><br \/>\n<span style=\"color: #000000;\">Power button<\/span><br \/>\n<span style=\"color: #000000;\">2\u00d7 USB 3.2 Gen 1 (5 Gbit\/s)<\/span><br \/>\n<span style=\"color: #000000;\">SD card reader<\/span><br \/>\n<span style=\"color: #000000;\">Hole with power button<\/span><\/li>\n<li><span style=\"color: #000000;\">Konektory na bo\u010dnej strane<\/span><br \/>\n<span style=\"color: #000000;\">HDMI 1.4b (podpora digital video a digital audio)<\/span><br \/>\n<span style=\"color: #000000;\">VGA connector (D-Sub 15 pol., analog video)<\/span><br \/>\n<span style=\"color: #000000;\">2\u00d7 USB 3.2 Gen 1 (5 Gbit\/s)<\/span><br \/>\n<span style=\"color: #000000;\">2\u00d7 USB 2.0<\/span><br \/>\n<span style=\"color: #000000;\">2\u00d7 COM\/serial (D-Sub)<\/span><br \/>\n<span style=\"color: #000000;\">Gigabit Network (LAN, RJ45)<\/span><br \/>\n<span style=\"color: #000000;\">Audio Line-out\/headphones (3.5 mm jack)<\/span><br \/>\n<span style=\"color: #000000;\">Microphone input (3.5 mm jack)<\/span><br \/>\n<span style=\"color: #000000;\">DC input for external power adapter (5.5\/2.5 mm)<\/span><br \/>\n<span style=\"color: #000000;\">2\u00d7 Perforation for optional WLAN\/LTE antennas (diameter: 7 mm)<\/span><\/li>\n<li><span style=\"color: #000000;\">Konektory na doske<\/span><br \/>\n<span style=\"color: #000000;\">Internal USB 2.0 type A connector for a USB stick<\/span><br \/>\n<span style=\"color: #000000;\">Serial ATA (6 Gbps) data\/power combo connector<\/span><br \/>\n<span style=\"color: #000000;\">3\u00d7 USB 2.0 header (all occupied)<\/span><br \/>\n<span style=\"color: #000000;\">Microphone connector (2-pin, occupied)<\/span><br \/>\n<span style=\"color: #000000;\">Speakers connector (4-pin, occupied)<\/span><br \/>\n<span style=\"color: #000000;\">eDP connector (Embedded DisplayPort) &#8211; occupied by the display<\/span><br \/>\n<span style=\"color: #000000;\">LPC connector (occupied)<\/span><br \/>\n<span style=\"color: #000000;\">I\u00b2C connector for optional NFC accessory<\/span><br \/>\n<span style=\"color: #000000;\">CMOS battery connector (2-pin occupied)<\/span><br \/>\n<span style=\"color: #000000;\">System battery connector (14-pin, the battery is optional)<\/span><\/li>\n<\/ul>\n<p>&nbsp;<\/p>\n<p><span style=\"color: #000000;\"><img decoding=\"async\" src=\"http:\/\/www.axis-distribution.sk\/Data\/1379\/UserFiles\/shuttle\/3.jpg\" alt=\"\" \/><\/span><\/p>\n<p>&nbsp;<\/p>\n<ul>\n<li><span style=\"color: #000000;\">Opening holes for optional antennas<\/span><br \/>\n<span style=\"color: #000000;\">The chassis features two perforated 7 mm holes<\/span><br \/>\n<span style=\"color: #000000;\">for optional antennas mounted with an (RP-)SMA connector<\/span><br \/>\n<span style=\"color: #000000;\">for a wireless network such as WLAN or WWAN (e.g. LTE)<\/span><\/li>\n<li><span style=\"color: #000000;\">Nap\u00e1jaci adapt\u00e9r<\/span><br \/>\n<span style=\"color: #000000;\">External 65 W power adapter (fanless)<\/span><br \/>\n<span style=\"color: #000000;\">Input: 100~240 V AC, 50\/60 Hz, max. 1.6 A<\/span><br \/>\n<span style=\"color: #000000;\">Output: 19 V DC, max. 3.42 A, max. 65 W<\/span><\/li>\n<li><span style=\"color: #000000;\">DC Input connector<\/span><br \/>\n<span style=\"color: #000000;\">DC Input Connector: 5.5 \/ 2.5 mm (outer\/inner diameter)<\/span><br \/>\n<span style=\"color: #000000;\">The DC-input of the computer supports an external<\/span><br \/>\n<span style=\"color: #000000;\">power source with either 12V \u00b15 % or 19V \u00b1 5%.<\/span><\/li>\n<li><span style=\"color: #000000;\">Pr\u00edslu\u0161enstvo<\/span><br \/>\n<span style=\"color: #000000;\">Quick Guide<\/span><br \/>\n<span style=\"color: #000000;\">Driver DVD<\/span><br \/>\n<span style=\"color: #000000;\">2\u00d7 bracket to install a 2.5&#8243; drive<\/span><br \/>\n<span style=\"color: #000000;\">External Power Adapter (65W \/ 19V)<\/span><br \/>\n<span style=\"color: #000000;\">Power cord<\/span><br \/>\n<span style=\"color: #000000;\">Screws<\/span><\/li>\n<li><span style=\"color: #000000;\">Volite\u013en\u00e9 pr\u00edslu\u0161enstvo<\/span><br \/>\n<span style=\"color: #000000;\">1)\u00a0COM port adapter PCP21 alebo 2\u00d7 PCP11\u00a0poskytuj\u00faci \u010fal\u0161ie dva s\u00e9riov\u00e9 porty na pravej strane.<\/span><br \/>\n<span style=\"color: #000000;\">2)\u00a0WLAN s dvoma extern\u00fdmi ant\u00e9nami WLN-M:\u00a0podpora IEEE 802.11ac and BT 4.0<\/span><br \/>\n<span style=\"color: #000000;\">Ak chcete pou\u017e\u00edva\u0165 toto pr\u00edslu\u0161enstvo mus\u00ed by\u0165 p\u00f4vodn\u00fd WLAN modul odstr\u00e1nen\u00fd.<\/span><br \/>\n<span style=\"color: #000000;\">3)\u00a0NFC modul\u00a0(iba na po\u017eiadanie)<\/span><\/li>\n<li><span style=\"color: #000000;\">Prev\u00e1dzkov\u00e9 podmienky<\/span><br \/>\n<span style=\"color: #000000;\">Prev\u00e1dzkov\u00e1 teplota: 0~40 \u00b0C<\/span><br \/>\n<span style=\"color: #000000;\">Vlhkos\u0165: 10~90 %<\/span><\/li>\n<li><span style=\"color: #000000;\">Certifik\u00e1cia<\/span><br \/>\n<span style=\"color: #000000;\">EMI: CE, RED, FCC, RCM, VCCI<\/span><br \/>\n<span style=\"color: #000000;\">Safety: CB, ETL<\/span><br \/>\n<span style=\"color: #000000;\">Other compliances: RoHS, ErP Lot3, Energy Star<\/span><\/li>\n<li><span style=\"color: #000000;\">Conformity<\/span><br \/>\n<span style=\"color: #000000;\">Toto\u00a0 zariadenie je klasifikovan\u00e9 ako informa\u010dn\u00e9 zariadenie (ITE), v triede B a je ur\u010den\u00e9 na dom\u00e1ce pou\u017eitie, alebo v kancel\u00e1rii. Zna\u010dka CE schva\u013euje zhodu so smernicami E\u00da:<\/span><br \/>\n<span style=\"color: #000000;\">(1) 2014\/30\/EU relating to electromagnetic compatibility (EMC),<\/span><br \/>\n<span style=\"color: #000000;\">(2) 2014\/35\/EU relating to Electrical Equipment designed for use within certain voltage limits (LVD),<\/span><br \/>\n<span style=\"color: #000000;\">(3) 2009\/125\/EU relating to ecodesign requirements for energy-related products (ErP),<\/span><br \/>\n<span style=\"color: #000000;\">(4) 2014\/53\/EU related to Radio and Telecommunications Terminal Equipment (RED)<\/span><\/li>\n<\/ul>\n","protected":false},"excerpt":{"rendered":"<p>Zariadenie P51U typu&#8220; v\u0161etko v jednom &#8222;Shuttle XPC s 15,6&#8220; dotykovou obrazovkou Full HD, 8 GB RAM, 240 GB SSD.<\/p>\n","protected":false},"featured_media":505,"template":"","meta":[],"product_brand":[],"product_cat":[23],"product_tag":[],"class_list":{"0":"post-504","1":"product","2":"type-product","3":"status-publish","4":"has-post-thumbnail","6":"product_cat-all-in-one-pocitace","8":"first","9":"instock","10":"shipping-taxable","11":"purchasable","12":"product-type-simple"},"_links":{"self":[{"href":"https:\/\/be.portos.sk\/index.php\/wp-json\/wp\/v2\/product\/504","targetHints":{"allow":["GET"]}}],"collection":[{"href":"https:\/\/be.portos.sk\/index.php\/wp-json\/wp\/v2\/product"}],"about":[{"href":"https:\/\/be.portos.sk\/index.php\/wp-json\/wp\/v2\/types\/product"}],"wp:featuredmedia":[{"embeddable":true,"href":"https:\/\/be.portos.sk\/index.php\/wp-json\/wp\/v2\/media\/505"}],"wp:attachment":[{"href":"https:\/\/be.portos.sk\/index.php\/wp-json\/wp\/v2\/media?parent=504"}],"wp:term":[{"taxonomy":"product_brand","embeddable":true,"href":"https:\/\/be.portos.sk\/index.php\/wp-json\/wp\/v2\/product_brand?post=504"},{"taxonomy":"product_cat","embeddable":true,"href":"https:\/\/be.portos.sk\/index.php\/wp-json\/wp\/v2\/product_cat?post=504"},{"taxonomy":"product_tag","embeddable":true,"href":"https:\/\/be.portos.sk\/index.php\/wp-json\/wp\/v2\/product_tag?post=504"}],"curies":[{"name":"wp","href":"https:\/\/api.w.org\/{rel}","templated":true}]}}