{"id":511,"date":"2024-11-08T09:12:04","date_gmt":"2024-11-08T08:12:04","guid":{"rendered":"https:\/\/be.portos.sk\/?post_type=product&#038;p=511"},"modified":"2024-11-08T09:26:59","modified_gmt":"2024-11-08T08:26:59","slug":"all-in-one-shuttle-p92u-195","status":"publish","type":"product","link":"https:\/\/be.portos.sk\/index.php\/produkt\/all-in-one-shuttle-p92u-195\/","title":{"rendered":"All-In-One Shuttle P92U 19,5&#8243;"},"content":{"rendered":"<p>Roz\u0161\u00edrenie na 240 GB SSD + 20\u20ac<\/p>\n<div class=\"content\">\n<p>Roz\u0161\u00edrenie VESA stojan: + 50\u20ac<\/p>\n<p>Shuttle XPC all-in-one P92U (Procesor Intel &#8222;Celeron 5205U&#8220; \/ 8 GB RAM \/ 128 GBB SSD ) je All-in-One PC s kapacitnou dotykovou obrazovkou v 19,5-palcovom form\u00e1te. Procesor Intel &#8222;Comet Lake-U&#8220; Ultra-Low-Voltage poskytuje vysok\u00fd v\u00fdpo\u010dtov\u00fd v\u00fdkon a z\u00e1rove\u0148 udr\u017euje spotrebu energie na n\u00edzkej \u00farovni. V\u010faka pas\u00edvnemu chladeniu je syst\u00e9m prakticky bezhlu\u010dn\u00fd, bez\u00fadr\u017ebov\u00fd a schv\u00e1len\u00fd pre nonstop prev\u00e1dzku 24\/7. Obzvl\u00e1\u0161\u0165 vhodn\u00e9 pre vertik\u00e1lne aplik\u00e1cie je usporiadanie konektorov v spodnej \u010dasti a predn\u00fd panel v s\u00falade s IP54, ktor\u00fd je chr\u00e1nen\u00fd proti prachu a striekaj\u00facej vode.<\/p>\n<h5>Bez ventil\u00e1torov a tich\u00fd<\/h5>\n<p>Pas\u00edvne chladenie, v\u00f4bec \u017eiadny zvuk od ventil\u00e1tora<br \/>\nIde\u00e1lne\u00a0pre pou\u017eitie v\u00a0prostrediach, citliv\u00fdch\u00a0na\u00a0hluk<br \/>\nBez\u00a0ventil\u00e1torov,\u00a0bez\u00a0prachu,\u00a0a\u00a0preto\u00a0je\u00a0prakticky\u00a0a\u00a0bez\u00fadr\u017ebov\u00fd<\/p>\n<h5>Vhodn\u00fd pre non-stop prev\u00e1dzku<\/h5>\n<p>Tento\u00a0po\u010d\u00edta\u010d je doporu\u010den\u00fd pre\u00a0trval\u00fa non-stop prev\u00e1dzku\u00a024\/7 za splnenia t\u00fdchto po\u017eiadaviek:<\/p>\n<ul>\n<li><span style=\"color: #000000;\">Mus\u00ed by\u0165 zaru\u010den\u00e1\u00a0vo\u013en\u00e1\u00a0cirkul\u00e1cia\u00a0vzduchu\u00a0okolo\u00a0PC<\/span><\/li>\n<li><span style=\"color: #000000;\">Ventila\u010dn\u00e9\u00a0otvory musia\u00a0by\u0165 vy\u010disten\u00e9<\/span><\/li>\n<li><span style=\"color: #000000;\">Ak\u00a0je in\u0161talovan\u00fd\u00a0pevn\u00fd\u00a0disk,\u00a0mus\u00ed by\u0165 tie\u017e\u00a0doporu\u010den\u00fd v\u00fdrobcom pre\u00a0trval\u00fa prev\u00e1dzku<\/span><\/li>\n<\/ul>\n<h5>P54 krytie (ochrana)<\/h5>\n<p>Predn\u00fd\u00a0panel je\u00a0prachotesn\u00fd\u00a0a\u00a0chr\u00e1nen\u00fd\u00a0pred striekaj\u00facou\u00a0vodou\u00a0v\u00a0s\u00falade\u00a0s\u00a0kryt\u00edm\u00a0IP54.<\/p>\n<h5>Opera\u010dn\u00fd syst\u00e9m<\/h5>\n<p>Tento\u00a0syst\u00e9m je\u00a0dod\u00e1van\u00fd\u00a0bez\u00a0opera\u010dn\u00e9ho\u00a0syst\u00e9mu. Je\u00a0kompatibiln\u00fd\u00a0s\u00a0Windows 10\u00a064-bit, alebo Linux, 64 Bit.\u00a0Windows 7 nie je podporovan\u00fd.<\/p>\n<h5>Dotykov\u00e1 obrazovka<\/h5>\n<p>Kapacitn\u00e1 dotykov\u00e1 obrazovka so schopnos\u0165ou sledova\u0165 10 dotykov naraz.<\/p>\n<h5>A\u017e tri\u00a0displeje\u00a0s\u00fa\u010dasne<\/h5>\n<p>Dva\u00a0video\u00a0v\u00fdstupy: HDMI v1.4 a D-Sub (VGA)<\/p>\n<p>1) HDMI 1.4b podporuje Full HD rozl\u00ed\u0161enie 1920 x 1080 pri frekvencii\u00a060 Hz, alebo rozl\u00ed\u0161enie\u00a03840 x 2160 pri frekvencii\u00a030 Hz.<br \/>\n2) VGA \/ D-Sub analog video podporuje rozl\u00ed\u0161enie 1920 x 1080 pri frekvencii 60 Hz.<\/p>\n<h5>\u010c\u00edta\u010dka pam\u00e4\u0165ov\u00fdch kariet<\/h5>\n<p>Integrovan\u00e1\u00a0\u010d\u00edta\u010dka\u00a0kariet\u00a0podporuje\u00a0SD,\u00a0SDHC\u00a0a\u00a0SDXC\u00a0pam\u00e4\u0165ov\u00e9\u00a0flash\u00a0karty<\/p>\n<h5>Konektory<\/h5>\n<p>Na \u013eavej strane:<\/p>\n<ul>\n<li><span style=\"color: #000000;\">Vyp\u00edna\u010d<\/span><\/li>\n<li><span style=\"color: #000000;\">2x USB 2.0 porty<\/span><\/li>\n<li><span style=\"color: #000000;\">\u010c\u00edta\u010dka SD kariet<\/span><\/li>\n<li><span style=\"color: #000000;\">Otvor s tla\u010didlom nap\u00e1jania<\/span><\/li>\n<\/ul>\n<p>Na spodnej strane:<\/p>\n<ul>\n<li><span style=\"color: #000000;\">HDMI 1.4 (podpora digit\u00e1lneho videa a digit\u00e1lneho audia)<\/span><\/li>\n<li><span style=\"color: #000000;\">2x USB 3.0 porty<\/span><\/li>\n<li><span style=\"color: #000000;\">2x USB 2.0 porty<\/span><\/li>\n<li><span style=\"color: #000000;\">Gigabit Network (LAN, RJ45)<\/span><\/li>\n<li><span style=\"color: #000000;\">Audio Line-out \/head phone (3.5 mm jack socket)<\/span><\/li>\n<li><span style=\"color: #000000;\">Vstup mikrof\u00f3nu (3.5 mm jack socket)<\/span><\/li>\n<li><span style=\"color: #000000;\">DC vstup pre extern\u00fd nap\u00e1jac\u00ed adapt\u00e9r (5.5 \/ 2.5 mm)<\/span><\/li>\n<li><span style=\"color: #000000;\">Perfor\u00e1cia\u00a0pre volite\u013en\u00fa TV\/3G ant\u00e9nu (diameter: 9 mm)<\/span><\/li>\n<li><span style=\"color: #000000;\">Volite\u013en\u00e9: 2x COM\/serial (RJ45), DIO (RJ11) pre pokladni\u010dn\u00fa z\u00e1suvku (assessory POS01)<\/span><\/li>\n<\/ul>\n<p>Na zadnej strane:<\/p>\n<ul>\n<li><span style=\"color: #000000;\">VGA konektor (D-Sub 15 pol., analog video)<\/span><\/li>\n<li><span style=\"color: #000000;\">Volite\u013en\u00e9: 2x COM\/serial (D-Sub), 1x LPT\/parallel (accessory: PCL71 or POS01)<\/span><\/li>\n<\/ul>\n<h5>Nap\u00e1janie<\/h5>\n<p>Extern\u00fd 65 W nap\u00e1jac\u00ed adapt\u00e9r (fanless)<br \/>\nVstup: 100~240 V AC, 50\/60 Hz, max. 1.6 A<br \/>\nV\u00fdstup: 19 V DC, max. 3.42 A, max. 65 W<br \/>\nDC Konektor: 5.5 \/ 2.5 mm (vonkaj\u0161\u00ed\/vn\u00fatorn\u00fd priemer)<\/p>\n<h5>Pr\u00edslu\u0161enstvo<\/h5>\n<p>Pou\u017e\u00edvate\u013esk\u00e1 pr\u00edru\u010dka<br \/>\nDVD s ovl\u00e1da\u010dmi<br \/>\nNap\u00e1jac\u00ed adapt\u00e9r (65W \/ 19V)<br \/>\nNap\u00e1jac\u00ed k\u00e1bel<br \/>\nSkrutky<\/p>\n<h5>Volite\u013en\u00e9<\/h5>\n<p>PCL71:\u00a0COM \/ LPT adapt\u00e9r:<\/p>\n<ul>\n<li><span style=\"color: #000000;\">1x Parallel (25p D-Sub)<\/span><\/li>\n<li><span style=\"color: #000000;\">2x Serial RS232 (9p D-Sub) podpora 0 \/ 5 \/ 12V<\/span><\/li>\n<\/ul>\n<p>POS01:\u00a0COM \/ LPT adapt\u00e9r:<\/p>\n<ul>\n<li><span style=\"color: #000000;\">1x Parallel (25p D-Sub)<\/span><\/li>\n<li><span style=\"color: #000000;\">2x Serial RS232 (9p D-Sub) podpora 0 \/ 5 \/ 12V<\/span><\/li>\n<li><span style=\"color: #000000;\">2x Serial RS232 (8p RJ45)<\/span><\/li>\n<li><span style=\"color: #000000;\">1x DIO\/RJ11 konektor pre pokladni\u010dn\u00fa z\u00e1suvku 12 \/ 24V<\/span><\/li>\n<\/ul>\n<h5>Prev\u00e1dzkov\u00e9 podmienky<\/h5>\n<p>Prev\u00e1dzkov\u00e1 teplota: 0~40\u00b0C<br \/>\nVlhkos\u0165: 10~9<\/p>\n<\/div>\n","protected":false},"excerpt":{"rendered":"<p>Vodeodoln\u00fd All-in-one po\u010d\u00edta\u010d s ve\u013ek\u00fdm dotykov\u00fdm displejom a 8 GB RAM a SSD diskom 120GB. Celeron 5205U<\/p>\n","protected":false},"featured_media":512,"template":"","meta":[],"product_brand":[],"product_cat":[23],"product_tag":[],"class_list":{"0":"post-511","1":"product","2":"type-product","3":"status-publish","4":"has-post-thumbnail","6":"product_cat-all-in-one-pocitace","8":"first","9":"instock","10":"shipping-taxable","11":"purchasable","12":"product-type-simple"},"_links":{"self":[{"href":"https:\/\/be.portos.sk\/index.php\/wp-json\/wp\/v2\/product\/511","targetHints":{"allow":["GET"]}}],"collection":[{"href":"https:\/\/be.portos.sk\/index.php\/wp-json\/wp\/v2\/product"}],"about":[{"href":"https:\/\/be.portos.sk\/index.php\/wp-json\/wp\/v2\/types\/product"}],"wp:featuredmedia":[{"embeddable":true,"href":"https:\/\/be.portos.sk\/index.php\/wp-json\/wp\/v2\/media\/512"}],"wp:attachment":[{"href":"https:\/\/be.portos.sk\/index.php\/wp-json\/wp\/v2\/media?parent=511"}],"wp:term":[{"taxonomy":"product_brand","embeddable":true,"href":"https:\/\/be.portos.sk\/index.php\/wp-json\/wp\/v2\/product_brand?post=511"},{"taxonomy":"product_cat","embeddable":true,"href":"https:\/\/be.portos.sk\/index.php\/wp-json\/wp\/v2\/product_cat?post=511"},{"taxonomy":"product_tag","embeddable":true,"href":"https:\/\/be.portos.sk\/index.php\/wp-json\/wp\/v2\/product_tag?post=511"}],"curies":[{"name":"wp","href":"https:\/\/api.w.org\/{rel}","templated":true}]}}