{"id":532,"date":"2024-11-08T11:34:14","date_gmt":"2024-11-08T10:34:14","guid":{"rendered":"https:\/\/be.portos.sk\/?post_type=product&#038;p=532"},"modified":"2024-11-08T11:45:31","modified_gmt":"2024-11-08T10:45:31","slug":"elio-pos-d1-mini","status":"publish","type":"product","link":"https:\/\/be.portos.sk\/index.php\/produkt\/elio-pos-d1-mini\/","title":{"rendered":"Elio POS D1 mini"},"content":{"rendered":"<p>All-in-one elio D1 mini je ve\u013emi \u0161ikovn\u00e9, multifunk\u010dn\u00e9 zariadenie, ktor\u00e9 sl\u00fa\u017ei ako komplexn\u00fd pokladni\u010dn\u00fd syst\u00e9m.<\/p>\n<p>S\u00fa\u010dasti zariadenia:<\/p>\n<ul>\n<li><span style=\"color: #000000;\">kapacitn\u00e1 dotykov\u00e1 obrazovka s uhloprie\u010dkou o ve\u013ekosti\u00a011,6&#8243;<\/span><\/li>\n<li><span style=\"color: #000000;\">vstavan\u00e1\u00a0tla\u010diare\u0148 so \u0161\u00edrkou kot\u00fa\u010dika\u00a058, alebo 80mm<\/span><\/li>\n<li><span style=\"color: #000000;\">dvojriadkov\u00fd\u00a0z\u00e1kazn\u00edcky\u00a0diplej<\/span><\/li>\n<li><span style=\"color: #000000;\"><strong>mo\u017enos\u0165 prepoji\u0165 \u00falo\u017eisko priamo na s\u00e9riov\u00fd port vstavanej tla\u010diarne<\/strong><\/span><\/li>\n<\/ul>\n<p>\u010ea\u013e\u0161ie v\u00fdhody syst\u00e9mu:<\/p>\n<ul>\n<li><span style=\"color: #000000;\">Ve\u013eky v\u00fdkon v malom tele &#8211; procesor CPU Intel Celeron J1900, frekvencia 1.99GHz,\u00a04GB RAM DDR3, 64GB SSD disk<\/span><\/li>\n<li><span style=\"color: #000000;\">Rozl\u00ed\u0161enie 1366&#215;768, alebo 1920&#215;1080<\/span><\/li>\n<li><span style=\"color: #000000;\">podpora sn\u00edma\u010da \u010diarov\u00fdch k\u00f3dov (volite\u013en\u00fd doplnok)<\/span><\/li>\n<li><span style=\"color: #000000;\">vstavan\u00e1 tla\u010diare\u0148 58mm, alebo 80mm za priplatok 70\u20ac<\/span><\/li>\n<li><span style=\"color: #000000;\">v\u00fdborn\u00fd pomer kvalita a cena<\/span><\/li>\n<li><span style=\"color: #000000;\">vstavan\u00e1 s\u00e9riov\u00e1 tla\u010diare\u0148 vhodn\u00e1 pre pripojenie chr\u00e1nen\u00e9ho d\u00e1tov\u00e9ho \u00falo\u017eiska (CHD\u00da) potrebn\u00e9ho k syst\u00e9mu eKasa<\/span><\/li>\n<\/ul>\n<h5>11.6 &#8220; dotykov\u00fd POS syst\u00e9m<\/h5>\n<p>Tvar elio D1 mini je in\u0161pirovan\u00fd delf\u00ednmi. \u0160t\u00fdl zariadenia je jednoduch\u00fd a efekt\u00edvny.\u00a0Dod\u00e1va\u00a0produktu jedine\u010dnos\u0165.<\/p>\n<p>Okraj je vyroben\u00fd z kovu, v\u010faka \u010domu je v\u00fdrobok odoln\u00fd a oblas\u0165 obsluhy je intuit\u00edvnej\u0161ia.<\/p>\n<h5>Dostupn\u00e9 modely<\/h5>\n<ul>\n<li><span style=\"color: #000000;\">z\u00e1kladn\u00fd model s 58mm tla\u010diar\u0148ou za 610 \u20ac\u00a0<\/span><\/li>\n<li><span style=\"color: #000000;\">model s 80mm tla\u010diar\u0148ou za 680 \u20ac<\/span><\/li>\n<\/ul>\n","protected":false},"excerpt":{"rendered":"<p>All-in-one POS s dotykovou obrazovkou 11,6&#8243;, vstavanou tla\u010diar\u0148ou, dvojriadkov\u00fdm z\u00e1kazn\u00edckym diplejom a priamo pripojite\u013en\u00fdm eKasa \u00falo\u017eiskom.<\/p>\n","protected":false},"featured_media":533,"template":"","meta":[],"product_brand":[],"product_cat":[23],"product_tag":[],"class_list":{"0":"post-532","1":"product","2":"type-product","3":"status-publish","4":"has-post-thumbnail","6":"product_cat-all-in-one-pocitace","8":"first","9":"instock","10":"shipping-taxable","11":"purchasable","12":"product-type-simple"},"_links":{"self":[{"href":"https:\/\/be.portos.sk\/index.php\/wp-json\/wp\/v2\/product\/532","targetHints":{"allow":["GET"]}}],"collection":[{"href":"https:\/\/be.portos.sk\/index.php\/wp-json\/wp\/v2\/product"}],"about":[{"href":"https:\/\/be.portos.sk\/index.php\/wp-json\/wp\/v2\/types\/product"}],"wp:featuredmedia":[{"embeddable":true,"href":"https:\/\/be.portos.sk\/index.php\/wp-json\/wp\/v2\/media\/533"}],"wp:attachment":[{"href":"https:\/\/be.portos.sk\/index.php\/wp-json\/wp\/v2\/media?parent=532"}],"wp:term":[{"taxonomy":"product_brand","embeddable":true,"href":"https:\/\/be.portos.sk\/index.php\/wp-json\/wp\/v2\/product_brand?post=532"},{"taxonomy":"product_cat","embeddable":true,"href":"https:\/\/be.portos.sk\/index.php\/wp-json\/wp\/v2\/product_cat?post=532"},{"taxonomy":"product_tag","embeddable":true,"href":"https:\/\/be.portos.sk\/index.php\/wp-json\/wp\/v2\/product_tag?post=532"}],"curies":[{"name":"wp","href":"https:\/\/api.w.org\/{rel}","templated":true}]}}