{"id":540,"date":"2024-11-08T12:01:22","date_gmt":"2024-11-08T11:01:22","guid":{"rendered":"https:\/\/be.portos.sk\/?post_type=product&#038;p=540"},"modified":"2024-11-08T12:25:50","modified_gmt":"2024-11-08T11:25:50","slug":"posiflex-ps-3316e-156-palcovy-sirokouhly-dotykovy-terminal","status":"publish","type":"product","link":"https:\/\/be.portos.sk\/index.php\/produkt\/posiflex-ps-3316e-156-palcovy-sirokouhly-dotykovy-terminal\/","title":{"rendered":"Posiflex PS-3316E 15,6-palcov\u00fd \u0161irokouhl\u00fd dotykov\u00fd termin\u00e1l"},"content":{"rendered":"<h5>Posiflex PS-3316E 15,6-palcov\u00fd \u0161irokouhl\u00fd dotykov\u00fd termin\u00e1l s Windows 10<\/h5>\n<p>15,6-palcov\u00fd \u0161irokouhl\u00fd dotykov\u00fd termin\u00e1l FAN-FREE ( bez ventil\u00e1tora), nov\u00fd procesor Intel J1900 (1M Cache , 2,00GHz \/ 2,42 GHz BURST), 4 GB RAM \/ 60GB SSD \/ WINDOWS 10. Koncipovan\u00fd ako &#8222;\u0161pi\u010dka&#8220; pre predajn\u00e9 poz\u00edcie.<\/p>\n<p>PS-3415 je 15,6 &#8220; \u0161irokouhl\u00fd s pas\u00edvnym chladen\u00edm dotykov\u00fd POS termin\u00e1l so v\u0161etk\u00fdmi z\u00e1kladn\u00fdmi funkciami a mo\u017enos\u0165ami uspokoji\u0165 predajn\u00e9 miesta v\u0161etk\u00fdch ve\u013ekost\u00ed, predstavuje jednu z mo\u017enost\u00ed najlep\u0161\u00edch hodn\u00f4t v entry-level segmentu POS termin\u00e1lov.<\/p>\n<h5>\u0160t\u00edhly a flexibiln\u00fd<\/h5>\n<p>Zjednodu\u0161en\u00fd dizajn je vybaven\u00fd sklopnou z\u00e1klad\u0148ou;\u00a0PS-3415E poskytuje pou\u017e\u00edvate\u013eom neporovnate\u013en\u00fa flexibilitu na nastavenie obrazovky na v\u00fd\u0161ku a uhol v z\u00e1vislosti od aplik\u00e1cie.<\/p>\n<h5>Roz\u0161\u00edrite\u013en\u00fd a elegantn\u00fd<\/h5>\n<p>Je navrhnut\u00fd tak, aby lep\u0161ie riadil perif\u00e9rne pripojenie t\u00fdm, \u017ee oddel\u00ed cel\u00fa sadu portov do hornej a spodnej \u010dasti termin\u00e1lu. PS-3415E zais\u0165uje pekn\u00fa a spo\u013eahliv\u00fa perif\u00e9rnu kabel\u00e1\u017e.<\/p>\n","protected":false},"excerpt":{"rendered":"<p>15,6-palcov\u00fd \u0161irokouhl\u00fd dotykov\u00fd, Intel J1900 (1M Cache , 2,00GHz \/ 2,42 GHz BURST), 4 GB RAM \/ 60GB SSD \/ WIN 10.<\/p>\n","protected":false},"featured_media":541,"template":"","meta":[],"product_brand":[],"product_cat":[23],"product_tag":[],"class_list":{"0":"post-540","1":"product","2":"type-product","3":"status-publish","4":"has-post-thumbnail","6":"product_cat-all-in-one-pocitace","8":"first","9":"instock","10":"shipping-taxable","11":"purchasable","12":"product-type-simple"},"_links":{"self":[{"href":"https:\/\/be.portos.sk\/index.php\/wp-json\/wp\/v2\/product\/540","targetHints":{"allow":["GET"]}}],"collection":[{"href":"https:\/\/be.portos.sk\/index.php\/wp-json\/wp\/v2\/product"}],"about":[{"href":"https:\/\/be.portos.sk\/index.php\/wp-json\/wp\/v2\/types\/product"}],"wp:featuredmedia":[{"embeddable":true,"href":"https:\/\/be.portos.sk\/index.php\/wp-json\/wp\/v2\/media\/541"}],"wp:attachment":[{"href":"https:\/\/be.portos.sk\/index.php\/wp-json\/wp\/v2\/media?parent=540"}],"wp:term":[{"taxonomy":"product_brand","embeddable":true,"href":"https:\/\/be.portos.sk\/index.php\/wp-json\/wp\/v2\/product_brand?post=540"},{"taxonomy":"product_cat","embeddable":true,"href":"https:\/\/be.portos.sk\/index.php\/wp-json\/wp\/v2\/product_cat?post=540"},{"taxonomy":"product_tag","embeddable":true,"href":"https:\/\/be.portos.sk\/index.php\/wp-json\/wp\/v2\/product_tag?post=540"}],"curies":[{"name":"wp","href":"https:\/\/api.w.org\/{rel}","templated":true}]}}