{"id":551,"date":"2024-11-11T09:19:52","date_gmt":"2024-11-11T08:19:52","guid":{"rendered":"https:\/\/be.portos.sk\/?post_type=product&#038;p=551"},"modified":"2024-11-11T09:31:18","modified_gmt":"2024-11-11T08:31:18","slug":"dibal-g-325","status":"publish","type":"product","link":"https:\/\/be.portos.sk\/index.php\/produkt\/dibal-g-325\/","title":{"rendered":"DIBAL G-325"},"content":{"rendered":"<p>V\u00e1hu je mo\u017en\u00e9 spoji\u0165 so syst\u00e9mom PORTOS tak, aby sa preniesla inform\u00e1cia o v\u00e1he priamo do pokladnice. Podporovan\u00fd je aj re\u017eim vo\u013eby v\u00e1\u017een\u00e9ho tovaru priamo na v\u00e1he.<\/p>\n<p>S po\u010d\u00edta\u010dom sa prep\u00e1ja cez RS232 rozhranie.<\/p>\n<p>Funkcie:<\/p>\n<ul>\n<li><span style=\"color: #000000;\">Tara<\/span><\/li>\n<li><span style=\"color: #000000;\">Fix\u00e1cia tary a ceny<\/span><\/li>\n<li><span style=\"color: #000000;\">Nulovanie<\/span><\/li>\n<li><span style=\"color: #000000;\">Pam\u00e4\u0165 na 100 tovarov (9&#215;2 priamych tovarov)<\/span><\/li>\n<li><span style=\"color: #000000;\">Vo\u013eba podsvietenia displeja (vypnut\u00fd, zapnut\u00fd, alebo automatick\u00fd)<\/span><\/li>\n<\/ul>\n<p>Podporuje v\u0161etky najpou\u017e\u00edvanej\u0161ie komunika\u010dn\u00e9 protokoly pre prenos inform\u00e1cii do po\u010d\u00edta\u010da.<\/p>\n<h3>Dostupn\u00e9 varianty<\/h3>\n<ul>\n<li><span style=\"color: #000000;\">Model bez bat\u00e9rie: 300\u00a0\u20ac<\/span><\/li>\n<li><span style=\"color: #000000;\">Model s bat\u00e9riou: 320 \u20ac<\/span><\/li>\n<\/ul>\n","protected":false},"excerpt":{"rendered":"<p>V\u00e1ha s v\u00fdpo\u010dtom ceny a displejom na st\u013apiku alebo priamo na v\u00e1he.<\/p>\n","protected":false},"featured_media":552,"template":"","meta":[],"product_brand":[],"product_cat":[18],"product_tag":[],"class_list":{"0":"post-551","1":"product","2":"type-product","3":"status-publish","4":"has-post-thumbnail","6":"product_cat-digitalne-vahy","8":"first","9":"instock","10":"shipping-taxable","11":"purchasable","12":"product-type-simple"},"_links":{"self":[{"href":"https:\/\/be.portos.sk\/index.php\/wp-json\/wp\/v2\/product\/551","targetHints":{"allow":["GET"]}}],"collection":[{"href":"https:\/\/be.portos.sk\/index.php\/wp-json\/wp\/v2\/product"}],"about":[{"href":"https:\/\/be.portos.sk\/index.php\/wp-json\/wp\/v2\/types\/product"}],"wp:featuredmedia":[{"embeddable":true,"href":"https:\/\/be.portos.sk\/index.php\/wp-json\/wp\/v2\/media\/552"}],"wp:attachment":[{"href":"https:\/\/be.portos.sk\/index.php\/wp-json\/wp\/v2\/media?parent=551"}],"wp:term":[{"taxonomy":"product_brand","embeddable":true,"href":"https:\/\/be.portos.sk\/index.php\/wp-json\/wp\/v2\/product_brand?post=551"},{"taxonomy":"product_cat","embeddable":true,"href":"https:\/\/be.portos.sk\/index.php\/wp-json\/wp\/v2\/product_cat?post=551"},{"taxonomy":"product_tag","embeddable":true,"href":"https:\/\/be.portos.sk\/index.php\/wp-json\/wp\/v2\/product_tag?post=551"}],"curies":[{"name":"wp","href":"https:\/\/api.w.org\/{rel}","templated":true}]}}