{"id":555,"date":"2024-11-11T09:34:44","date_gmt":"2024-11-11T08:34:44","guid":{"rendered":"https:\/\/be.portos.sk\/?post_type=product&#038;p=555"},"modified":"2024-11-11T09:39:14","modified_gmt":"2024-11-11T08:39:14","slug":"dibal-dpos-400","status":"publish","type":"product","link":"https:\/\/be.portos.sk\/index.php\/produkt\/dibal-dpos-400\/","title":{"rendered":"DIBAL DPOS-400"},"content":{"rendered":"<p>V\u00e1hu je mo\u017en\u00e9 spoji\u0165 so syst\u00e9mom PORTOS tak, aby sa preniesla inform\u00e1cia o v\u00e1he priamo do pokladnice.<\/p>\n<p>Funkcie:<\/p>\n<ul>\n<li><span style=\"color: #000000;\">Tara<\/span><\/li>\n<li><span style=\"color: #000000;\">Nulovanie<\/span><\/li>\n<li><span style=\"color: #000000;\">Vo\u013eba podsvietenia displeja (vypnut\u00fd, zapnut\u00fd, alebo automatick\u00fd)<\/span><\/li>\n<\/ul>\n<p>Voliteln\u00e9 pr\u00edslu\u0161enstvo:<\/p>\n<ul>\n<li><span style=\"color: #000000;\">druh\u00e9ho displeja montovate\u013en\u00e9ho na z\u00e1klad\u0148u, alebo na stojane<\/span><\/li>\n<li><span style=\"color: #000000;\">doska z tvrden\u00e9ho skla<\/span><\/li>\n<\/ul>\n<p>Podporuje v\u0161etky najpou\u017e\u00edvanej\u0161ie komunika\u010dn\u00e9 protokoly pre prenos inform\u00e1cii do po\u010d\u00edta\u010da.<\/p>\n<h3>Dostupn\u00e9 varianty<\/h3>\n<ul>\n<li><span style=\"color: #000000;\">Z\u00e1kladn\u00fd model bez st\u013apika: 520\u20ac<\/span><\/li>\n<li><span style=\"color: #000000;\">Model s displejom na st\u013apiku:\u00a0540\u20ac\u00a0<\/span><\/li>\n<li><span style=\"color: #000000;\">Model s objstrann\u00fdm displejom na st\u013apiku:\u00a0580\u20ac<\/span><\/li>\n<\/ul>\n","protected":false},"excerpt":{"rendered":"<div class=\"row\">\n<div class=\"col-12\">\n<div class=\"title\">\n<p>V\u00e1ha vhodn\u00e1 na zabudovanie do pokladni\u010dn\u00fdch pultov s modern\u00fdm dizajnom.<\/p>\n<\/div>\n<\/div>\n<\/div>\n","protected":false},"featured_media":556,"template":"","meta":[],"product_brand":[],"product_cat":[18],"product_tag":[],"class_list":{"0":"post-555","1":"product","2":"type-product","3":"status-publish","4":"has-post-thumbnail","6":"product_cat-digitalne-vahy","8":"first","9":"instock","10":"shipping-taxable","11":"purchasable","12":"product-type-simple"},"_links":{"self":[{"href":"https:\/\/be.portos.sk\/index.php\/wp-json\/wp\/v2\/product\/555","targetHints":{"allow":["GET"]}}],"collection":[{"href":"https:\/\/be.portos.sk\/index.php\/wp-json\/wp\/v2\/product"}],"about":[{"href":"https:\/\/be.portos.sk\/index.php\/wp-json\/wp\/v2\/types\/product"}],"wp:featuredmedia":[{"embeddable":true,"href":"https:\/\/be.portos.sk\/index.php\/wp-json\/wp\/v2\/media\/556"}],"wp:attachment":[{"href":"https:\/\/be.portos.sk\/index.php\/wp-json\/wp\/v2\/media?parent=555"}],"wp:term":[{"taxonomy":"product_brand","embeddable":true,"href":"https:\/\/be.portos.sk\/index.php\/wp-json\/wp\/v2\/product_brand?post=555"},{"taxonomy":"product_cat","embeddable":true,"href":"https:\/\/be.portos.sk\/index.php\/wp-json\/wp\/v2\/product_cat?post=555"},{"taxonomy":"product_tag","embeddable":true,"href":"https:\/\/be.portos.sk\/index.php\/wp-json\/wp\/v2\/product_tag?post=555"}],"curies":[{"name":"wp","href":"https:\/\/api.w.org\/{rel}","templated":true}]}}