{"id":564,"date":"2024-11-11T09:49:47","date_gmt":"2024-11-11T08:49:47","guid":{"rendered":"https:\/\/be.portos.sk\/?post_type=product&#038;p=564"},"modified":"2024-11-11T10:04:39","modified_gmt":"2024-11-11T09:04:39","slug":"asus-vt168n-156","status":"publish","type":"product","link":"https:\/\/be.portos.sk\/index.php\/produkt\/asus-vt168n-156\/","title":{"rendered":"Asus VT168N 15,6&#8243;"},"content":{"rendered":"<p>Asus VT168N je 15,6&#8243;dotykov\u00e9\u00a0zariadenie s rozl\u00ed\u0161en\u00edm 1366 x 768 a pomerom str\u00e1n 16: 9. Flexibiln\u00fd\u00a0monitor m\u00f4\u017eete nakl\u00e1\u0148a\u0165 od -5 a\u017e do 30 stup\u0148ov, alebo pripevni\u0165 na stenu pomocou VESA dr\u017eiaku. Dotykov\u00e9 zariadenie m\u00f4\u017eete pou\u017e\u00edva\u0165 ako pokladni\u010dn\u00fd po\u010d\u00edta\u010d, alebo ako druh\u00fd monitor.<\/p>\n<p>Tenk\u00e9 elegantn\u00e9 prevedenie s dr\u017eiakom VESA (75 mm x 75 mm). Filter modr\u00e9ho svetla a technol\u00f3gie Flicker-Free zni\u017euj\u00fa \u00fanavu o\u010d\u00ed aj pri dlhodobom pou\u017e\u00edvan\u00ed.\u00a0Toto zariadenie bolo \u00faspe\u0161ne otestovan\u00e9 pre pou\u017eitie so syst\u00e9mom Windows 10.<\/p>\n<ul>\n<li><span style=\"color: #000000;\">HD ready rozl\u00ed\u0161enie (1366 x 768)<\/span><\/li>\n<li><span style=\"color: #000000;\">Mno\u017estvo konektorov (DVI, VGA, UodSB)<\/span><\/li>\n<li><span style=\"color: #000000;\">Montovate\u013en\u00fd na VESA stojany<\/span><\/li>\n<li><span style=\"color: #000000;\">Kompatibiln\u00fd s opera\u010dn\u00fdm syst\u00e9mom Windows 10<\/span><\/li>\n<\/ul>\n","protected":false},"excerpt":{"rendered":"<div class=\"row\">\n<div class=\"col-12\">\n<div class=\"title\">\n<p>Dotykov\u00fd LCD monitor s HD ready rozl\u00ed\u0161en\u00edm a leskl\u00fdm TN displejom.<\/p>\n<\/div>\n<\/div>\n<\/div>\n","protected":false},"featured_media":566,"template":"","meta":[],"product_brand":[],"product_cat":[21],"product_tag":[],"class_list":{"0":"post-564","1":"product","2":"type-product","3":"status-publish","4":"has-post-thumbnail","6":"product_cat-dotykove-monitory","8":"first","9":"instock","10":"shipping-taxable","11":"purchasable","12":"product-type-simple"},"_links":{"self":[{"href":"https:\/\/be.portos.sk\/index.php\/wp-json\/wp\/v2\/product\/564","targetHints":{"allow":["GET"]}}],"collection":[{"href":"https:\/\/be.portos.sk\/index.php\/wp-json\/wp\/v2\/product"}],"about":[{"href":"https:\/\/be.portos.sk\/index.php\/wp-json\/wp\/v2\/types\/product"}],"wp:featuredmedia":[{"embeddable":true,"href":"https:\/\/be.portos.sk\/index.php\/wp-json\/wp\/v2\/media\/566"}],"wp:attachment":[{"href":"https:\/\/be.portos.sk\/index.php\/wp-json\/wp\/v2\/media?parent=564"}],"wp:term":[{"taxonomy":"product_brand","embeddable":true,"href":"https:\/\/be.portos.sk\/index.php\/wp-json\/wp\/v2\/product_brand?post=564"},{"taxonomy":"product_cat","embeddable":true,"href":"https:\/\/be.portos.sk\/index.php\/wp-json\/wp\/v2\/product_cat?post=564"},{"taxonomy":"product_tag","embeddable":true,"href":"https:\/\/be.portos.sk\/index.php\/wp-json\/wp\/v2\/product_tag?post=564"}],"curies":[{"name":"wp","href":"https:\/\/api.w.org\/{rel}","templated":true}]}}