{"id":572,"date":"2024-11-11T10:08:04","date_gmt":"2024-11-11T09:08:04","guid":{"rendered":"https:\/\/be.portos.sk\/?post_type=product&#038;p=572"},"modified":"2024-11-11T10:25:38","modified_gmt":"2024-11-11T09:25:38","slug":"iiyama-prolite-215-full-hd","status":"publish","type":"product","link":"https:\/\/be.portos.sk\/index.php\/produkt\/iiyama-prolite-215-full-hd\/","title":{"rendered":"iiyama ProLite 21,5&#8243; Full HD"},"content":{"rendered":"<p>21,5&#8243; monitor iiyama ProLite je vybaven\u00fd TN panelom s detailn\u00fdm Full HD rozl\u00ed\u0161en\u00edm a n\u00edzkou dobou odozvy 2 ms. Displej disponuje\u00a02-bodovou optickou dotykovou technol\u00f3giou,\u00a0ktor\u00e1 umo\u017en\u00ed \u013eah\u0161ie prech\u00e1dza\u0165 web, dokumenty, \u010di pribl\u00ed\u017ei\u0165 a ot\u00e1\u010da\u0165 fotografie pomocou dotyku rovnako ako na tablete.<\/p>\n<ul>\n<li><span style=\"color: #000000;\">Full HD rozl\u00ed\u0161enie (1920\u00d71080)<\/span><\/li>\n<li><span style=\"color: #000000;\">VESA kompatibiln\u00fd<\/span><\/li>\n<li><span style=\"color: #000000;\">Optick\u00e1 dotykov\u00e1 technol\u00f3gia<\/span><\/li>\n<li><span style=\"color: #000000;\">Nastavite\u013en\u00fd n\u00e1klon<\/span><\/li>\n<li><span style=\"color: #000000;\">Integrovan\u00fd USB hub na \u013eahk\u00e9 zapojenie elektroniky<\/span><\/li>\n<li><span style=\"color: #000000;\">Automatick\u00e1 \u00faprava jasu pod\u013ea osvetlenia v miestnosti<\/span><\/li>\n<li><span style=\"color: #000000;\">N\u00edzka doba odozvy (2 ms)<\/span><\/li>\n<\/ul>\n<h3>2-bodov\u00e1 optick\u00e1 dotykov\u00e1 technol\u00f3gia<\/h3>\n<p>T\u00e1to technol\u00f3gia vyu\u017e\u00edva \u0161peci\u00e1lne kamery, v\u010faka ktor\u00fdm je dotyk ur\u010den\u00fd s vysokou presnos\u0165ou, aj ke\u010f je svetlo blokovan\u00e9 prstom, alebo stylusom. Ide o technol\u00f3giu, ktor\u00e1 nespolieha na prekrytie substr\u00e1tu, tak\u017ee\u00a0je nemo\u017en\u00e9 dotykov\u00fa obrazovku fyzicky opotrebova\u0165.\u00a0V skuto\u010dnosti nie je potrebn\u00e9 pri ovl\u00e1dan\u00ed dot\u00fdka\u0165 sa priamo sa displeja.<\/p>\n","protected":false},"excerpt":{"rendered":"<p>Dotykov\u00fd LCD monitor s Full HD rozl\u00ed\u0161en\u00edm a matn\u00fdm TN displejom.<\/p>\n","protected":false},"featured_media":573,"template":"","meta":[],"product_brand":[],"product_cat":[21],"product_tag":[],"class_list":{"0":"post-572","1":"product","2":"type-product","3":"status-publish","4":"has-post-thumbnail","6":"product_cat-dotykove-monitory","8":"first","9":"instock","10":"shipping-taxable","11":"purchasable","12":"product-type-simple"},"_links":{"self":[{"href":"https:\/\/be.portos.sk\/index.php\/wp-json\/wp\/v2\/product\/572","targetHints":{"allow":["GET"]}}],"collection":[{"href":"https:\/\/be.portos.sk\/index.php\/wp-json\/wp\/v2\/product"}],"about":[{"href":"https:\/\/be.portos.sk\/index.php\/wp-json\/wp\/v2\/types\/product"}],"wp:featuredmedia":[{"embeddable":true,"href":"https:\/\/be.portos.sk\/index.php\/wp-json\/wp\/v2\/media\/573"}],"wp:attachment":[{"href":"https:\/\/be.portos.sk\/index.php\/wp-json\/wp\/v2\/media?parent=572"}],"wp:term":[{"taxonomy":"product_brand","embeddable":true,"href":"https:\/\/be.portos.sk\/index.php\/wp-json\/wp\/v2\/product_brand?post=572"},{"taxonomy":"product_cat","embeddable":true,"href":"https:\/\/be.portos.sk\/index.php\/wp-json\/wp\/v2\/product_cat?post=572"},{"taxonomy":"product_tag","embeddable":true,"href":"https:\/\/be.portos.sk\/index.php\/wp-json\/wp\/v2\/product_tag?post=572"}],"curies":[{"name":"wp","href":"https:\/\/api.w.org\/{rel}","templated":true}]}}