{"id":585,"date":"2024-11-11T10:41:06","date_gmt":"2024-11-11T09:41:06","guid":{"rendered":"https:\/\/be.portos.sk\/?post_type=product&#038;p=585"},"modified":"2024-11-11T10:43:52","modified_gmt":"2024-11-11T09:43:52","slug":"posiflex-tm-7117n-b-17","status":"publish","type":"product","link":"https:\/\/be.portos.sk\/index.php\/produkt\/posiflex-tm-7117n-b-17\/","title":{"rendered":"Posiflex TM-7117N-B 17&#8243;"},"content":{"rendered":"<p>17&#8243; dotykov\u00fd monitor, ktor\u00fd m\u00e1 spo\u013eahliv\u00fa ochranu proti poliatiu, vhodn\u00fd najm\u00e4 na pou\u017eitie v re\u0161taur\u00e1ciach, alebo bufetoch, kde s\u00fa kladen\u00e9 vysok\u00e9 n\u00e1roky na jednoduch\u00e9 a presn\u00e9 pou\u017eitie.<\/p>\n<ul>\n<li><span style=\"color: #000000;\">stabiln\u00fd dotykov\u00fd syst\u00e9m, ktor\u00fd predstavuje obrazovku bez hojdania aj pri stla\u010den\u00ed v jej rohoch<\/span><\/li>\n<li><span style=\"color: #000000;\">vysokokvalitn\u00fd 17&#8243; LCD panel<\/span><\/li>\n<li><span style=\"color: #000000;\">vertik\u00e1lny\u00a0n\u00e1klon\u00a0v rozsahu 15\u00b0 a\u017e 70\u00b0<\/span><\/li>\n<li><span style=\"color: #000000;\">pripojenie zariaden\u00ed pomocou dvoch USB portov<\/span><\/li>\n<li><span style=\"color: #000000;\">vysokoodoln\u00fd dotykov\u00fd panel s dlhou \u017eivotnos\u0165ou, ktor\u00fd znesie viac ako 35-mili\u00f3nov dotykov na rovnak\u00e9 miesto<\/span><\/li>\n<li><span style=\"color: #000000;\">vodeodoln\u00e1 kon\u0161trukcia umo\u017e\u0148uje jednoduch\u00e9 umytie zariadenia<\/span><\/li>\n<li><span style=\"color: #000000;\">funkcie dotykov\u00e9ho ovl\u00e1dania (\u013eav\u00e9\/prav\u00e9 tla\u010d\u00edtko, dvojklik, drag &amp; drop)<\/span><\/li>\n<li><span style=\"color: #000000;\">prisp\u00f4sobite\u013en\u00e1 hlasitos\u0165 zvuku pri dotyku<\/span><\/li>\n<\/ul>\n","protected":false},"excerpt":{"rendered":"<p>Dotykov\u00fd LCD monitor s ochranou proti poliatiu.<\/p>\n","protected":false},"featured_media":579,"template":"","meta":[],"product_brand":[],"product_cat":[21],"product_tag":[],"class_list":{"0":"post-585","1":"product","2":"type-product","3":"status-publish","4":"has-post-thumbnail","6":"product_cat-dotykove-monitory","8":"first","9":"instock","10":"shipping-taxable","11":"purchasable","12":"product-type-simple"},"_links":{"self":[{"href":"https:\/\/be.portos.sk\/index.php\/wp-json\/wp\/v2\/product\/585","targetHints":{"allow":["GET"]}}],"collection":[{"href":"https:\/\/be.portos.sk\/index.php\/wp-json\/wp\/v2\/product"}],"about":[{"href":"https:\/\/be.portos.sk\/index.php\/wp-json\/wp\/v2\/types\/product"}],"wp:featuredmedia":[{"embeddable":true,"href":"https:\/\/be.portos.sk\/index.php\/wp-json\/wp\/v2\/media\/579"}],"wp:attachment":[{"href":"https:\/\/be.portos.sk\/index.php\/wp-json\/wp\/v2\/media?parent=585"}],"wp:term":[{"taxonomy":"product_brand","embeddable":true,"href":"https:\/\/be.portos.sk\/index.php\/wp-json\/wp\/v2\/product_brand?post=585"},{"taxonomy":"product_cat","embeddable":true,"href":"https:\/\/be.portos.sk\/index.php\/wp-json\/wp\/v2\/product_cat?post=585"},{"taxonomy":"product_tag","embeddable":true,"href":"https:\/\/be.portos.sk\/index.php\/wp-json\/wp\/v2\/product_tag?post=585"}],"curies":[{"name":"wp","href":"https:\/\/api.w.org\/{rel}","templated":true}]}}