{"id":586,"date":"2024-11-11T10:48:37","date_gmt":"2024-11-11T09:48:37","guid":{"rendered":"https:\/\/be.portos.sk\/?post_type=product&#038;p=586"},"modified":"2024-11-11T10:54:38","modified_gmt":"2024-11-11T09:54:38","slug":"posiflex-tm-3110u-10","status":"publish","type":"product","link":"https:\/\/be.portos.sk\/index.php\/produkt\/posiflex-tm-3110u-10\/","title":{"rendered":"Posiflex TM-3110U 10"},"content":{"rendered":"<div class=\"content\">\n<p>Kompaktny 9,7&#8243; bezokrajov\u00fd dotykov\u00fd monitor, ktor\u00fd m\u00e1 spo\u013eahliv\u00fa ochranu proti poliatiu, \u010do ocen\u00edte najm\u00e4 v pou\u017eit\u00ed v re\u0161taur\u00e1ciach, alebo bufetoch.\u00a0Vhodn\u00e9 vy\u017eitie aj ako pr\u00eddavn\u00fd dotykov\u00fd monitor.<\/p>\n<ul>\n<li><span style=\"color: #000000;\">Bezokrajov\u00fd dotykov\u00fd monitor pre \u013eahk\u00fa \u00fadr\u017ebu<\/span><\/li>\n<li><span style=\"color: #000000;\">9,7 &#8222;TFT LCD panel<\/span><\/li>\n<li><span style=\"color: #000000;\">Rozl\u00ed\u0161enie do 1024 x 768<\/span><\/li>\n<li><span style=\"color: #000000;\">Kapacitn\u00fd\u00a0dotykov\u00fd panel<\/span><\/li>\n<li><span style=\"color: #000000;\">Dostupn\u00fd v \u010diernej, alebo bielej farbe<\/span><\/li>\n<\/ul>\n<\/div>\n","protected":false},"excerpt":{"rendered":"<p>Kompaktn\u00fd bezokrajov\u00fd dotykov\u00fd monitor s ochranou proti poliatiu.<\/p>\n","protected":false},"featured_media":587,"template":"","meta":[],"product_brand":[],"product_cat":[21],"product_tag":[],"class_list":{"0":"post-586","1":"product","2":"type-product","3":"status-publish","4":"has-post-thumbnail","6":"product_cat-dotykove-monitory","8":"first","9":"instock","10":"shipping-taxable","11":"purchasable","12":"product-type-simple"},"_links":{"self":[{"href":"https:\/\/be.portos.sk\/index.php\/wp-json\/wp\/v2\/product\/586","targetHints":{"allow":["GET"]}}],"collection":[{"href":"https:\/\/be.portos.sk\/index.php\/wp-json\/wp\/v2\/product"}],"about":[{"href":"https:\/\/be.portos.sk\/index.php\/wp-json\/wp\/v2\/types\/product"}],"wp:featuredmedia":[{"embeddable":true,"href":"https:\/\/be.portos.sk\/index.php\/wp-json\/wp\/v2\/media\/587"}],"wp:attachment":[{"href":"https:\/\/be.portos.sk\/index.php\/wp-json\/wp\/v2\/media?parent=586"}],"wp:term":[{"taxonomy":"product_brand","embeddable":true,"href":"https:\/\/be.portos.sk\/index.php\/wp-json\/wp\/v2\/product_brand?post=586"},{"taxonomy":"product_cat","embeddable":true,"href":"https:\/\/be.portos.sk\/index.php\/wp-json\/wp\/v2\/product_cat?post=586"},{"taxonomy":"product_tag","embeddable":true,"href":"https:\/\/be.portos.sk\/index.php\/wp-json\/wp\/v2\/product_tag?post=586"}],"curies":[{"name":"wp","href":"https:\/\/api.w.org\/{rel}","templated":true}]}}