{"id":597,"date":"2024-11-12T08:40:42","date_gmt":"2024-11-12T07:40:42","guid":{"rendered":"https:\/\/be.portos.sk\/?post_type=product&#038;p=597"},"modified":"2024-11-12T08:47:37","modified_gmt":"2024-11-12T07:47:37","slug":"hotovostny-automat-ci-5","status":"publish","type":"product","link":"https:\/\/be.portos.sk\/index.php\/produkt\/hotovostny-automat-ci-5\/","title":{"rendered":"Hotovostn\u00fd automat CI-5"},"content":{"rendered":"<p>V\u010faka hotovostn\u00e9mu automatu m\u00f4\u017eete prij\u00edma\u0165 hotovos\u0165 od kupuj\u00facich hygienicky, bezpe\u010dne a \u00faplne bez omylov. Zv\u00fd\u0161ite produktivitu a obsl\u00fa\u017eite viac z\u00e1kazn\u00edkov. Odmenou tak bud\u00fa nielen spokojnej\u0161\u00ed z\u00e1kazn\u00edci, ale aj rast\u00face tr\u017eby.<\/p>\n<p>Platba s hotovostn\u00fdm automatom je r\u00fdchlej\u0161ia, v\u010faka mo\u017enosti vlo\u017ei\u0165 viacero bankoviek \u010di minc\u00ed\u00a0naraz. Automat hotovos\u0165 rozpozn\u00e1, deteguje falzifik\u00e1ty a v momente vr\u00e1ti v\u00fddavok.<\/p>\n<p>CI-5\u00a0je \u013eahko integrovate\u013en\u00e1 do predajn\u00e9ho pultu. V\u010faka kompaktn\u00fdm re\u017eimom je mo\u017en\u00e9 zariadenie polo\u017ei\u0165 aj na pult.<\/p>\n<p>&nbsp;<\/p>\n<h5>V\u00fdhody hotovostn\u00e9ho automatu<\/h5>\n<ul>\n<li><span style=\"color: #000000;\">Minimalizuje riziko ch\u00fdb pri pr\u00e1ci s hotovos\u0165ou<\/span><\/li>\n<li><span style=\"color: #000000;\">Minimalizuje riziko kr\u00e1de\u017ee zo strany zamestnancov<\/span><\/li>\n<li><span style=\"color: #000000;\">V\u00fdrazne r\u00fdchlej\u0161ia platba oproti re\u017eimu, kedy s hotovos\u0165ou manipuluje obsluha<\/span><\/li>\n<li><span style=\"color: #000000;\">Automatick\u00e9 rozpozn\u00e1vanie falzifik\u00e1tov<\/span><\/li>\n<li><span style=\"color: #000000;\">Mo\u017enos\u0165 zamestna\u0165 aj neplnolet\u00e9 osoby, ktor\u00e9 tak nedoch\u00e1dzaj\u00fa do styku s hotovos\u0165ou<\/span><\/li>\n<\/ul>\n<h5>Jednoduch\u00e1 obsluha<\/h5>\n<ul>\n<li><span style=\"color: #000000;\">Jednoduch\u00e1 dot\u00e1cia zariadenia<\/span><\/li>\n<li><span style=\"color: #000000;\">Odvod tr\u017eieb mo\u017en\u00fd pomocou tzv. kazety (nie je nutn\u00e9 manipulova\u0165 s hotovos\u0165ou priamo na predajnom mieste)<\/span><\/li>\n<li><span style=\"color: #000000;\">Priamo v zariaden\u00ed je mo\u017en\u00e9 nastavi\u0165 \u017eelan\u00e9 limity a v\u00fdber tr\u017eby tak m\u00f4\u017eete vykona\u0165 iba pre mince \u010di bankovky nad t\u00fdmito limitmi.<\/span><\/li>\n<\/ul>\n<h5>Plnohodnotne prepojen\u00e9\u00a0s poklad\u0148ou PORTOS<\/h5>\n<ul>\n<li><span style=\"color: #000000;\">Suma na \u00fahradu sa preposiela do zariadenia.<\/span><\/li>\n<li><span style=\"color: #000000;\">Po\u010das platby je pokladn\u00edk neust\u00e1le informovan\u00fd o priebehu transakcie.<\/span><\/li>\n<li><span style=\"color: #000000;\">Pri ka\u017edej transakcii sa zobrazuj\u00fa aktu\u00e1lne hladiny v automate, v\u010faka \u010domu pred\u00eddete stavu, kedy automat nebude ma\u0165 prostriedy pre v\u00fddavok.<\/span><\/li>\n<\/ul>\n<h5>Pre\u010do Glory Cash infinity?<\/h5>\n<ul>\n<li><span style=\"color: #000000;\">Japonsk\u00fd v\u00fdrobca s dlhoro\u010dn\u00fdmi sk\u00fasenos\u0165ami<\/span><\/li>\n<li><span style=\"color: #000000;\">100%-tn\u00e1 \u00faspe\u0161nos\u0165 pri rozozn\u00e1van\u00ed bankoviek<\/span><\/li>\n<li><span style=\"color: #000000;\">Najkvalitnej\u0161ie a najpresnej\u0161ie automaty dostupn\u00e9 na trhu<\/span><\/li>\n<li><span style=\"color: #000000;\">Certifikovan\u00e1 eur\u00f3pskou centr\u00e1lnou bankou (ECB)<\/span><\/li>\n<li><span style=\"color: #000000;\">Bezpe\u010dnos\u0165 bez kompromisov. V\u0161etky transakcie s\u00fa zaznamen\u00e1van\u00e9 v servri Cash\u00a0Infinity.<\/span><\/li>\n<\/ul>\n","protected":false},"excerpt":{"rendered":"<p>Kompaktn\u00fd hotovostn\u00fd automat rady CI-5, ktor\u00fd je mo\u017en\u00e9 umiestni\u0165 na pult.<\/p>\n","protected":false},"featured_media":598,"template":"","meta":[],"product_brand":[],"product_cat":[14],"product_tag":[],"class_list":{"0":"post-597","1":"product","2":"type-product","3":"status-publish","4":"has-post-thumbnail","6":"product_cat-hotovostne-automaty","8":"first","9":"instock","10":"shipping-taxable","11":"product-type-simple"},"_links":{"self":[{"href":"https:\/\/be.portos.sk\/index.php\/wp-json\/wp\/v2\/product\/597","targetHints":{"allow":["GET"]}}],"collection":[{"href":"https:\/\/be.portos.sk\/index.php\/wp-json\/wp\/v2\/product"}],"about":[{"href":"https:\/\/be.portos.sk\/index.php\/wp-json\/wp\/v2\/types\/product"}],"wp:featuredmedia":[{"embeddable":true,"href":"https:\/\/be.portos.sk\/index.php\/wp-json\/wp\/v2\/media\/598"}],"wp:attachment":[{"href":"https:\/\/be.portos.sk\/index.php\/wp-json\/wp\/v2\/media?parent=597"}],"wp:term":[{"taxonomy":"product_brand","embeddable":true,"href":"https:\/\/be.portos.sk\/index.php\/wp-json\/wp\/v2\/product_brand?post=597"},{"taxonomy":"product_cat","embeddable":true,"href":"https:\/\/be.portos.sk\/index.php\/wp-json\/wp\/v2\/product_cat?post=597"},{"taxonomy":"product_tag","embeddable":true,"href":"https:\/\/be.portos.sk\/index.php\/wp-json\/wp\/v2\/product_tag?post=597"}],"curies":[{"name":"wp","href":"https:\/\/api.w.org\/{rel}","templated":true}]}}