{"id":602,"date":"2024-11-12T08:55:50","date_gmt":"2024-11-12T07:55:50","guid":{"rendered":"https:\/\/be.portos.sk\/?post_type=product&#038;p=602"},"modified":"2024-11-12T09:06:29","modified_gmt":"2024-11-12T08:06:29","slug":"global-payments-pax-a920","status":"publish","type":"product","link":"https:\/\/be.portos.sk\/index.php\/produkt\/global-payments-pax-a920\/","title":{"rendered":"Global Payments PAX A920"},"content":{"rendered":"<p>Vhodn\u00fd v\u0161ade, kde nie je k dispoz\u00edcii elektrick\u00e1 sie\u0165, alebo internetov\u00fd k\u00e1bel alebo potrebujete nosi\u0165 termin\u00e1l pri sebe \u2013 profesie, trhy, bary, taxi, kuri\u00e9rske slu\u017eby.<\/p>\n<p>Pripojenie k internetu pomocou SIM karty, Wifi, alebo Ethernet (k\u00e1bel) s pou\u017eit\u00edm dokovacej stanice.<\/p>\n<p>Prepojenie s poklad\u0148ou je podporovan\u00e9.<\/p>\n<p>Obsahuje farebn\u00fd dotykov\u00fd displej s HD rozl\u00ed\u0161en\u00edm.<\/p>\n<p>Zabezpe\u010den\u00e9 smart zariadenie, ktor\u00e9 pracuje na opera\u010dnom syst\u00e9me Android.<\/p>\n<p><u><a href=\"https:\/\/cutt.ly\/avservis\">V pr\u00edpade z\u00e1ujmu o vyhotovenie ponuky vypl\u0148te \u00fadaje v tomto formul\u00e1ri.<\/a><\/u><\/p>\n<h5>Transak\u010dn\u00e9 poplatky<\/h5>\n<p>Transak\u010dn\u00fd a mesa\u010dn\u00fd polatok z\u00e1vis\u00ed od dosiahnut\u00e9ho mesa\u010dn\u00e9ho obratu. Pre viac inform\u00e1cii n\u00e1s kontaktujte.<\/p>\n<h5>O Global Payments<\/h5>\n<p><img decoding=\"async\" src=\"https:\/\/portos.sk\/uploads\/files\/images\/global_payments_sk_logo.png\" alt=\"\" \/><\/p>\n<p>Global Payments je popredn\u00fd svetov\u00fd poskytovate\u013e platobn\u00fdch technol\u00f3gi\u00ed a softv\u00e9rov\u00fdch rie\u0161en\u00ed. V\u010faka technol\u00f3gi\u00e1m Global Payments, slu\u017eb\u00e1m a odborn\u00fdm znalostiam poskytuj\u00fa\u00a0\u0161irok\u00fa \u0161k\u00e1lu rie\u0161en\u00ed a inov\u00e1ci\u00ed, ktor\u00e9 z\u00e1kazn\u00edkom umo\u017e\u0148uj\u00fa prij\u00edma\u0165 r\u00f4zne typy platieb, a tak efekt\u00edvnej\u0161ie podnika\u0165.<\/p>\n","protected":false},"excerpt":{"rendered":"<p>Platobn\u00fd termin\u00e1l A920 od spolo\u010dnosti Global Payments.<\/p>\n","protected":false},"featured_media":603,"template":"","meta":[],"product_brand":[],"product_cat":[13],"product_tag":[],"class_list":{"0":"post-602","1":"product","2":"type-product","3":"status-publish","4":"has-post-thumbnail","6":"product_cat-platobne-terminaly","8":"first","9":"instock","10":"shipping-taxable","11":"purchasable","12":"product-type-simple"},"_links":{"self":[{"href":"https:\/\/be.portos.sk\/index.php\/wp-json\/wp\/v2\/product\/602","targetHints":{"allow":["GET"]}}],"collection":[{"href":"https:\/\/be.portos.sk\/index.php\/wp-json\/wp\/v2\/product"}],"about":[{"href":"https:\/\/be.portos.sk\/index.php\/wp-json\/wp\/v2\/types\/product"}],"wp:featuredmedia":[{"embeddable":true,"href":"https:\/\/be.portos.sk\/index.php\/wp-json\/wp\/v2\/media\/603"}],"wp:attachment":[{"href":"https:\/\/be.portos.sk\/index.php\/wp-json\/wp\/v2\/media?parent=602"}],"wp:term":[{"taxonomy":"product_brand","embeddable":true,"href":"https:\/\/be.portos.sk\/index.php\/wp-json\/wp\/v2\/product_brand?post=602"},{"taxonomy":"product_cat","embeddable":true,"href":"https:\/\/be.portos.sk\/index.php\/wp-json\/wp\/v2\/product_cat?post=602"},{"taxonomy":"product_tag","embeddable":true,"href":"https:\/\/be.portos.sk\/index.php\/wp-json\/wp\/v2\/product_tag?post=602"}],"curies":[{"name":"wp","href":"https:\/\/api.w.org\/{rel}","templated":true}]}}