{"id":605,"date":"2024-11-12T09:08:20","date_gmt":"2024-11-12T08:08:20","guid":{"rendered":"https:\/\/be.portos.sk\/?post_type=product&#038;p=605"},"modified":"2024-11-12T09:18:43","modified_gmt":"2024-11-12T08:18:43","slug":"global-payments-pax-a80","status":"publish","type":"product","link":"https:\/\/be.portos.sk\/index.php\/produkt\/global-payments-pax-a80\/","title":{"rendered":"Global Payments PAX A80"},"content":{"rendered":"<p>Ur\u010den\u00fd pre mal\u00e9 predajne,\u00a0potraviny, kozmetick\u00e9 sal\u00f3ny, servisy a in\u00e9 predajn\u00e9 miesta.<\/p>\n<p>Pripojenie k internetu pomocou ethernet k\u00e1blu. Termin\u00e1l je neprenosn\u00fd, na prev\u00e1dzke je pevne umiestnen\u00fd, nap\u00e1jan\u00fd z elektrickej siete.<\/p>\n<p>Pripojenie s poklad\u0148ou je realizovan\u00e9 pomocou Ethernet alebo USB (RS232) k\u00e1blu.<\/p>\n<p>Obsahuje farebn\u00fd dotykov\u00fd displej s HD rozl\u00ed\u0161en\u00edm.<\/p>\n<p>Zabezpe\u010den\u00e9 smart zariadenie, ktor\u00e9 pracuje na opera\u010dnom syst\u00e9me Android.<\/p>\n<p><u><a href=\"https:\/\/cutt.ly\/avservis\">V pr\u00edpade z\u00e1ujmu o vyhotovenie ponuky vypl\u0148te \u00fadaje v tomto formul\u00e1ri.<\/a><\/u><\/p>\n<h5>Transak\u010dn\u00e9 poplatky<\/h5>\n<p>Transak\u010dn\u00fd a mesa\u010dn\u00fd polatok z\u00e1vis\u00ed od dosiahnut\u00e9ho mesa\u010dn\u00e9ho obratu. Pre viac inform\u00e1cii n\u00e1s kontaktujte.<\/p>\n<h5>O Global Payments<\/h5>\n<p><img decoding=\"async\" src=\"https:\/\/portos.sk\/uploads\/files\/images\/global_payments_sk_logo.png\" alt=\"\" \/><\/p>\n<p>Global Payments je popredn\u00fd svetov\u00fd poskytovate\u013e platobn\u00fdch technol\u00f3gi\u00ed a softv\u00e9rov\u00fdch rie\u0161en\u00ed. V\u010faka technol\u00f3gi\u00e1m Global Payments, slu\u017eb\u00e1m a odborn\u00fdm znalostiam poskytuj\u00fa\u00a0\u0161irok\u00fa \u0161k\u00e1lu rie\u0161en\u00ed a inov\u00e1ci\u00ed, ktor\u00e9 z\u00e1kazn\u00edkom umo\u017e\u0148uj\u00fa prij\u00edma\u0165 r\u00f4zne typy platieb, a tak efekt\u00edvnej\u0161ie podnika\u0165.<\/p>\n","protected":false},"excerpt":{"rendered":"<p>Platobn\u00fd termin\u00e1l Pax A80 od spolo\u010dnosti Global Payments.<\/p>\n","protected":false},"featured_media":607,"template":"","meta":[],"product_brand":[],"product_cat":[13],"product_tag":[],"class_list":{"0":"post-605","1":"product","2":"type-product","3":"status-publish","4":"has-post-thumbnail","6":"product_cat-platobne-terminaly","8":"first","9":"instock","10":"shipping-taxable","11":"purchasable","12":"product-type-simple"},"_links":{"self":[{"href":"https:\/\/be.portos.sk\/index.php\/wp-json\/wp\/v2\/product\/605","targetHints":{"allow":["GET"]}}],"collection":[{"href":"https:\/\/be.portos.sk\/index.php\/wp-json\/wp\/v2\/product"}],"about":[{"href":"https:\/\/be.portos.sk\/index.php\/wp-json\/wp\/v2\/types\/product"}],"wp:featuredmedia":[{"embeddable":true,"href":"https:\/\/be.portos.sk\/index.php\/wp-json\/wp\/v2\/media\/607"}],"wp:attachment":[{"href":"https:\/\/be.portos.sk\/index.php\/wp-json\/wp\/v2\/media?parent=605"}],"wp:term":[{"taxonomy":"product_brand","embeddable":true,"href":"https:\/\/be.portos.sk\/index.php\/wp-json\/wp\/v2\/product_brand?post=605"},{"taxonomy":"product_cat","embeddable":true,"href":"https:\/\/be.portos.sk\/index.php\/wp-json\/wp\/v2\/product_cat?post=605"},{"taxonomy":"product_tag","embeddable":true,"href":"https:\/\/be.portos.sk\/index.php\/wp-json\/wp\/v2\/product_tag?post=605"}],"curies":[{"name":"wp","href":"https:\/\/api.w.org\/{rel}","templated":true}]}}