{"id":616,"date":"2024-11-12T10:09:53","date_gmt":"2024-11-12T09:09:53","guid":{"rendered":"https:\/\/be.portos.sk\/?post_type=product&#038;p=616"},"modified":"2024-11-12T10:15:07","modified_gmt":"2024-11-12T09:15:07","slug":"verifone-p400","status":"publish","type":"product","link":"https:\/\/be.portos.sk\/index.php\/produkt\/verifone-p400\/","title":{"rendered":"Verifone P400"},"content":{"rendered":"<p>Pre prev\u00e1dzky s prij\u00edman\u00edm platby pri pokladni, ako napr\u00edklad predajne, alebo bufety.<\/p>\n<ul>\n<li><span style=\"color: #000000;\">Ur\u010den\u00e9 pre prev\u00e1dzky s vy\u0161\u0161\u00edm po\u010dtom transakci\u00ed<\/span><\/li>\n<li><span style=\"color: #000000;\">Prij\u00edmanie aj tzv. stravenkov\u00fdch kariet<\/span><\/li>\n<li><span style=\"color: #000000;\">Bezplatn\u00e9 elektronick\u00e9 v\u00fdpisy<\/span><\/li>\n<li><span style=\"color: #000000;\">Pripisovanie prostriedkov na \u00fa\u010det nasledovn\u00fd pracovn\u00fd de\u0148<\/span><\/li>\n<li><span style=\"color: #000000;\">Bezplatn\u00fd servis v r\u00e1mci z\u00e1ru\u010dnej doby<\/span><\/li>\n<\/ul>\n<h5>Potvrdenie o platbe priamo na \u00fa\u010dtenke<\/h5>\n<p>Potvrdenie o platobnej transakcii sa pren\u00e1\u0161a priamo do p\u00e4ty\u00a0eKasa dokladu. Pokladn\u00edk tak kupuj\u00facemu odovzd\u00e1va jedin\u00fd papierov\u00fd\u00a0doklad.<\/p>\n<h5>Tla\u010d uz\u00e1vierok aj cez eKasa tla\u010diare\u0148<\/h5>\n<p>Ak pokladn\u00edk vykon\u00e1 uz\u00e1vierku cez aplik\u00e1ciu Poklad\u0148a, uz\u00e1vierka sa vytla\u010d\u00ed taktie\u017e cez eKasa tla\u010diare\u0148. V pr\u00edpade, ak je uz\u00e1vierka vyvolan\u00e1 priamo na platobnom termin\u00e1li, vytla\u010den\u00e1 je na vstavanej tla\u010diarni platobn\u00e9ho termin\u00e1lu.<\/p>\n<h5>Akceptovan\u00e9 platobn\u00e9 karty<\/h5>\n<p>Prostredn\u00edctvom stacion\u00e1rneho platobn\u00e9ho termin\u00e1lu akceptujeme nasledovn\u00e9 druhy platobn\u00fdch kariet:<\/p>\n<p><img decoding=\"async\" src=\"https:\/\/portos.sk\/uploads\/files\/images\/csob-card-brands.PNG\" alt=\"\" \/><\/p>\n<h5>In\u0161tal\u00e1cia<\/h5>\n<ul>\n<li><span style=\"color: #000000;\">Do 5 pracovn\u00fdch dn\u00ed s mo\u017enos\u0165ou expresnej in\u0161tal\u00e1cie<\/span><\/li>\n<li><span style=\"color: #000000;\">Bezplatn\u00e9 za\u0161kolenie obsluhy<\/span><\/li>\n<\/ul>\n<h5>Podmienky z\u00edskania platobn\u00e9ho termin\u00e1lu<\/h5>\n<ul>\n<li><span style=\"color: #000000;\">Vedenie podnikate\u013esk\u00e9ho \u00fa\u010dtu v Tatra Banke<\/span><\/li>\n<li><span style=\"color: #000000;\">Uzatvorenie Zmluvy o akcept\u00e1cii platobn\u00fdch kariet<\/span><\/li>\n<li><span style=\"color: #000000;\">Splnenie technick\u00fdch podmienok pre in\u0161tal\u00e1ciu termin\u00e1lu<\/span><\/li>\n<\/ul>\n<h5>Cena<\/h5>\n<p>Mesa\u010dn\u00fd poplatok vo v\u00fd\u0161ke 25\u00a0EUR. Cena je orienta\u010dn\u00e1 a zah\u0155\u0148a v\u0161etky n\u00e1klady spojen\u00e9 s prev\u00e1dzkou termin\u00e1lu, vr\u00e1tane in\u0161tal\u00e1cie a zapo\u017ei\u010dania.<\/p>\n","protected":false},"excerpt":{"rendered":"<p>Stacion\u00e1rny pinpad Verifone P400 od \u010cSOB a Tatra Banky.<\/p>\n","protected":false},"featured_media":617,"template":"","meta":[],"product_brand":[],"product_cat":[13],"product_tag":[],"class_list":{"0":"post-616","1":"product","2":"type-product","3":"status-publish","4":"has-post-thumbnail","6":"product_cat-platobne-terminaly","8":"first","9":"instock","10":"shipping-taxable","11":"purchasable","12":"product-type-simple"},"_links":{"self":[{"href":"https:\/\/be.portos.sk\/index.php\/wp-json\/wp\/v2\/product\/616","targetHints":{"allow":["GET"]}}],"collection":[{"href":"https:\/\/be.portos.sk\/index.php\/wp-json\/wp\/v2\/product"}],"about":[{"href":"https:\/\/be.portos.sk\/index.php\/wp-json\/wp\/v2\/types\/product"}],"wp:featuredmedia":[{"embeddable":true,"href":"https:\/\/be.portos.sk\/index.php\/wp-json\/wp\/v2\/media\/617"}],"wp:attachment":[{"href":"https:\/\/be.portos.sk\/index.php\/wp-json\/wp\/v2\/media?parent=616"}],"wp:term":[{"taxonomy":"product_brand","embeddable":true,"href":"https:\/\/be.portos.sk\/index.php\/wp-json\/wp\/v2\/product_brand?post=616"},{"taxonomy":"product_cat","embeddable":true,"href":"https:\/\/be.portos.sk\/index.php\/wp-json\/wp\/v2\/product_cat?post=616"},{"taxonomy":"product_tag","embeddable":true,"href":"https:\/\/be.portos.sk\/index.php\/wp-json\/wp\/v2\/product_tag?post=616"}],"curies":[{"name":"wp","href":"https:\/\/api.w.org\/{rel}","templated":true}]}}