{"id":621,"date":"2024-11-12T10:18:15","date_gmt":"2024-11-12T09:18:15","guid":{"rendered":"https:\/\/be.portos.sk\/?post_type=product&#038;p=621"},"modified":"2024-11-12T10:24:57","modified_gmt":"2024-11-12T09:24:57","slug":"global-payments-verifone-vx520","status":"publish","type":"product","link":"https:\/\/be.portos.sk\/index.php\/produkt\/global-payments-verifone-vx520\/","title":{"rendered":"Global Payments Verifone VX520"},"content":{"rendered":"<p>Ur\u010den\u00fd pre mal\u00e9 predajne,\u00a0potraviny, kozmetick\u00e9 sal\u00f3ny, servisy a in\u00e9 predajn\u00e9 miesta.<\/p>\n<p>Pripojenie k internetu pomocou ethernet k\u00e1blu. Termin\u00e1l je neprenosn\u00fd, na prev\u00e1dzke je pevne umiestnen\u00fd, nap\u00e1jan\u00fd z elektrickej siete.<\/p>\n<p>Pripojenie s poklad\u0148ou je realizovan\u00e9 pomocou Ethernet alebo USB (RS232) k\u00e1blu.<\/p>\n<p>Obsahuje monochromatick\u00fd displej a mo\u017enos\u0165 pripojenia pinpadu (kl\u00e1vesnice pre z\u00e1kazn\u00edka).<\/p>\n<div><u><a href=\"https:\/\/cutt.ly\/avservis\">V pr\u00edpade z\u00e1ujmu o vyhotovenie ponuky vypl\u0148te \u00fadaje v tomto formul\u00e1ri.<\/a><\/u><\/div>\n<p>&nbsp;<\/p>\n<h5>Prij\u00edmajte v\u0161etky be\u017en\u00e9 typy kariet<\/h5>\n<p>Akceptujeme magnetick\u00e9, \u010dipov\u00e9 a bezkontaktn\u00e9 karty od kartov\u00fdch spolo\u010dnost\u00ed ako je Visa, Mastercard, JCB, Diners Club, China UnionPay alebo American Express. Na\u0161e termin\u00e1ly prij\u00edmaj\u00fa aj v\u00e4\u010d\u0161inu stravn\u00fdch, vernostn\u00fdch, tankovac\u00edch, alebo priv\u00e1tnych kariet. Poradia si s NFC platbami a zvl\u00e1daj\u00fa samozrejme modern\u00e9 platobn\u00e9 rie\u0161enia ako je Apple Pay, alebo Google Pay.<\/p>\n<p><img decoding=\"async\" src=\"https:\/\/portos.sk\/uploads\/files\/images\/global_payments_sk_accepted_cards.PNG\" alt=\"\" \/><\/p>\n<h5>Zvl\u00e1dne aj kryptomeny<\/h5>\n<p>V\u010faka termin\u00e1lu od Global Payments vyu\u017e\u00edvate jedine\u010dn\u00e9 inov\u00e1cie, ako napr\u00edklad akcept\u00e1ciu platieb kryptomenami.<\/p>\n<h5>Prijmite platby najpohodlne\u0161ie ako je mo\u017en\u00e9<\/h5>\n<p>Termin\u00e1l si porad\u00ed\u00a0s NFC platbami a zvl\u00e1daj\u00fa samozrejme aj modern\u00e9 platobn\u00e9 rie\u0161enia ako s\u00fa Apple Pay, alebo Google Pay.<\/p>\n<h5>U\u0161it\u00e9 na mieru v\u00e1\u0161mu podnikaniu<\/h5>\n<p>M\u00e1me rie\u0161enie ako pre mal\u00e9, tak aj stredn\u00e9 a ve\u013ek\u00e9 firmy. Na\u0161i klienti podnikaj\u00fa v oblasti gastron\u00f3mie, ubytovania, predaja, slu\u017eieb \u010di v online svete. Pre ka\u017ed\u00fa oblas\u0165 podnikania m\u00e1me pripraven\u00fa skvel\u00fa ponuku platobn\u00fdch termin\u00e1lov a slu\u017eieb na mieru.<\/p>\n<h5>Transak\u010dn\u00e9 poplatky<\/h5>\n<p>Z\u00edskajte termin\u00e1l na 6 mesiacov zadarmo v\u010faka programu Slovensko plat\u00ed kartou. Mesa\u010dn\u00fd poplatok za termin\u00e1l je 0 \u20ac.<br \/>\nGlobal Payments zaplat\u00edte z kartov\u00fdch transakci\u00ed Visa a Mastercard 0,75% v cenovom modely MIF++<\/p>\n<p>Transak\u010dn\u00fd a mesa\u010dn\u00fd polatok z\u00e1vis\u00ed od dosiahnut\u00e9ho mesa\u010dn\u00e9ho obratu. Pre viac inform\u00e1cii n\u00e1s kontaktujte.<\/p>\n<h5>Bleskovo u v\u00e1s<\/h5>\n<p>Termin\u00e1l V\u00e1m dod\u00e1me u\u017e do 2 dn\u00ed od podpisu zmluvy. Ak prestane fungova\u0165, d\u00e1me v\u00e1m nov\u00fd.<\/p>\n<h5>O Global Payments<\/h5>\n<p><img decoding=\"async\" src=\"https:\/\/portos.sk\/uploads\/files\/images\/global_payments_sk_logo.png\" alt=\"\" \/><\/p>\n<p>Global Payments je popredn\u00fd svetov\u00fd poskytovate\u013e platobn\u00fdch technol\u00f3gi\u00ed a softv\u00e9rov\u00fdch rie\u0161en\u00ed. V\u010faka technol\u00f3gi\u00e1m Global Payments, slu\u017eb\u00e1m a odborn\u00fdm znalostiam poskytuj\u00fa\u00a0\u0161irok\u00fa \u0161k\u00e1lu rie\u0161en\u00ed a inov\u00e1ci\u00ed, ktor\u00e9 z\u00e1kazn\u00edkom umo\u017e\u0148uj\u00fa prij\u00edma\u0165 r\u00f4zne typy platieb, a tak efekt\u00edvnej\u0161ie podnika\u0165.<\/p>\n","protected":false},"excerpt":{"rendered":"<p>Platobn\u00fd termin\u00e1l Verifone VX520 od spolo\u010dnosti Global Payments.<\/p>\n","protected":false},"featured_media":622,"template":"","meta":[],"product_brand":[],"product_cat":[14],"product_tag":[],"class_list":{"0":"post-621","1":"product","2":"type-product","3":"status-publish","4":"has-post-thumbnail","6":"product_cat-hotovostne-automaty","8":"first","9":"instock","10":"shipping-taxable","11":"purchasable","12":"product-type-simple"},"_links":{"self":[{"href":"https:\/\/be.portos.sk\/index.php\/wp-json\/wp\/v2\/product\/621","targetHints":{"allow":["GET"]}}],"collection":[{"href":"https:\/\/be.portos.sk\/index.php\/wp-json\/wp\/v2\/product"}],"about":[{"href":"https:\/\/be.portos.sk\/index.php\/wp-json\/wp\/v2\/types\/product"}],"wp:featuredmedia":[{"embeddable":true,"href":"https:\/\/be.portos.sk\/index.php\/wp-json\/wp\/v2\/media\/622"}],"wp:attachment":[{"href":"https:\/\/be.portos.sk\/index.php\/wp-json\/wp\/v2\/media?parent=621"}],"wp:term":[{"taxonomy":"product_brand","embeddable":true,"href":"https:\/\/be.portos.sk\/index.php\/wp-json\/wp\/v2\/product_brand?post=621"},{"taxonomy":"product_cat","embeddable":true,"href":"https:\/\/be.portos.sk\/index.php\/wp-json\/wp\/v2\/product_cat?post=621"},{"taxonomy":"product_tag","embeddable":true,"href":"https:\/\/be.portos.sk\/index.php\/wp-json\/wp\/v2\/product_tag?post=621"}],"curies":[{"name":"wp","href":"https:\/\/api.w.org\/{rel}","templated":true}]}}