{"id":626,"date":"2024-11-12T10:28:40","date_gmt":"2024-11-12T09:28:40","guid":{"rendered":"https:\/\/be.portos.sk\/?post_type=product&#038;p=626"},"modified":"2024-11-12T10:33:47","modified_gmt":"2024-11-12T09:33:47","slug":"tapeon-ingenico-desk3500","status":"publish","type":"product","link":"https:\/\/be.portos.sk\/index.php\/produkt\/tapeon-ingenico-desk3500\/","title":{"rendered":"Tapeon Ingenico Desk3500"},"content":{"rendered":"<p>Pripojenie k internetu pomocou ethernet k\u00e1blu. Termin\u00e1l je neprenosn\u00fd, na prev\u00e1dzke je pevne umiestnen\u00fd. Vhodn\u00fd pre v\u0161etky typy prev\u00e1dzok.<\/p>\n<ul>\n<li><span style=\"color: #000000;\">Podpora Apple Pay a Google Pay<\/span><\/li>\n<li><span style=\"color: #000000;\">Platba kartou\u00a0VISA, VISA Electron, MasterCard a Maestro<\/span><\/li>\n<li><span style=\"color: #000000;\">Bezkontaktn\u00e9 platby mobilom aj kartou<\/span><\/li>\n<li><span style=\"color: #000000;\">Mo\u017enos\u0165 nahratia a\u017e troch spolo\u010dnost\u00ed do jedn\u00e9ho zariadenia<\/span><\/li>\n<li><span style=\"color: #000000;\">Podpora stravn\u00fdch kariet<\/span><\/li>\n<li><span style=\"color: #000000;\">\u00da\u010det m\u00f4\u017eete ma\u0165 veden\u00fd v akejko\u013evek slovenskej banke<\/span><\/li>\n<\/ul>\n<p><img decoding=\"async\" src=\"https:\/\/portos.sk\/uploads\/files\/images\/tapeon-cards.png\" alt=\"\" \/><\/p>\n<h5>Cenov\u00e9 podmienky<\/h5>\n<ul>\n<li><span style=\"color: #000000;\">Mesa\u010dn\u00fd pren\u00e1jom: 9,70\u00a0\u20ac<\/span><\/li>\n<li><span style=\"color: #000000;\">K\u00fapa termin\u00e1llu: 360\u00a0\u20ac<\/span><\/li>\n<li><span style=\"color: #000000;\">Poplatok za transakciu u\u017e od 0,58%<\/span><\/li>\n<\/ul>\n<p>Inform\u00e1cie v tomto texte sa m\u00f4\u017eu l\u00ed\u0161i\u0165 od aktu\u00e1lnej ponuky. V pr\u00edpade z\u00e1ujmu n\u00e1s, pros\u00edm, kontaktujte.<\/p>\n<h5>O spolo\u010dnosti Tapeon<\/h5>\n<p><img decoding=\"async\" src=\"https:\/\/portos.sk\/uploads\/files\/images\/tapeon-logo-2.png\" alt=\"\" \/><\/p>\n<ul>\n<li><span style=\"color: #000000;\">20 ro\u010dn\u00e9 sk\u00fasenosti v oblasti platobn\u00fdch rie\u0161en\u00ed na Slovensku<\/span><\/li>\n<li><span style=\"color: #000000;\">Najvy\u0161\u0161ie krit\u00e9ria v oblasti bezpe\u010dnosti a AML<\/span><\/li>\n<li><span style=\"color: #000000;\">24\/7 servisn\u00e1 podpora od TapeOn, ktor\u00e1\u00a0je priamo na Slovensku<\/span><\/li>\n<li><span style=\"color: #000000;\">V\u00fdpisy na webovom rozhran\u00ed ku ktor\u00e9mu m\u00e1te pr\u00edstup iba vy &#8211; viete si pozrie\u0165 transakcie u\u017e za predch\u00e1dzaj\u00faci de\u0148 a nemus\u00edte \u010daka\u0165 do konca mesiaca.<\/span><\/li>\n<li><span style=\"color: #000000;\">Denn\u00e9, alebo mesa\u010dn\u00e9 v\u00fdpisy PDF\/XML aj na viac adries<\/span><\/li>\n<\/ul>\n","protected":false},"excerpt":{"rendered":"<p>Platobn\u00fd termin\u00e1l Ingenico Desk3500 od spolo\u010dnosti Tapeon.<\/p>\n","protected":false},"featured_media":627,"template":"","meta":[],"product_brand":[],"product_cat":[13],"product_tag":[],"class_list":{"0":"post-626","1":"product","2":"type-product","3":"status-publish","4":"has-post-thumbnail","6":"product_cat-platobne-terminaly","8":"first","9":"instock","10":"shipping-taxable","11":"purchasable","12":"product-type-simple"},"_links":{"self":[{"href":"https:\/\/be.portos.sk\/index.php\/wp-json\/wp\/v2\/product\/626","targetHints":{"allow":["GET"]}}],"collection":[{"href":"https:\/\/be.portos.sk\/index.php\/wp-json\/wp\/v2\/product"}],"about":[{"href":"https:\/\/be.portos.sk\/index.php\/wp-json\/wp\/v2\/types\/product"}],"wp:featuredmedia":[{"embeddable":true,"href":"https:\/\/be.portos.sk\/index.php\/wp-json\/wp\/v2\/media\/627"}],"wp:attachment":[{"href":"https:\/\/be.portos.sk\/index.php\/wp-json\/wp\/v2\/media?parent=626"}],"wp:term":[{"taxonomy":"product_brand","embeddable":true,"href":"https:\/\/be.portos.sk\/index.php\/wp-json\/wp\/v2\/product_brand?post=626"},{"taxonomy":"product_cat","embeddable":true,"href":"https:\/\/be.portos.sk\/index.php\/wp-json\/wp\/v2\/product_cat?post=626"},{"taxonomy":"product_tag","embeddable":true,"href":"https:\/\/be.portos.sk\/index.php\/wp-json\/wp\/v2\/product_tag?post=626"}],"curies":[{"name":"wp","href":"https:\/\/api.w.org\/{rel}","templated":true}]}}