{"id":635,"date":"2024-11-12T11:03:27","date_gmt":"2024-11-12T10:03:27","guid":{"rendered":"https:\/\/be.portos.sk\/?post_type=product&#038;p=635"},"modified":"2024-11-12T11:09:04","modified_gmt":"2024-11-12T10:09:04","slug":"axasoft-ingenico-lane-3000","status":"publish","type":"product","link":"https:\/\/be.portos.sk\/index.php\/produkt\/axasoft-ingenico-lane-3000\/","title":{"rendered":"AxaSoft Ingenico Lane 3000"},"content":{"rendered":"<p>Inteligentn\u00fd &#8222;Pin Pad&#8220;,\u00a0ide o zariadenie ktor\u00e9 je nasmerovan\u00e9 na z\u00e1kazn\u00edka. Z\u00e1kazn\u00edk k nemu priklad\u00e1 platobn\u00fa kartu a zad\u00e1va svoj PIN k\u00f3d. Obsluhe\u00a0pokladnice sa hl\u00e1senia zobrazovan\u00e9 na termin\u00e1li zrkadlia priamo v pokladnici PORTOS.<\/p>\n<p>Zariadenie nem\u00e1 vlastn\u00fa tla\u010diare\u0148, potvrdenie o platobnej transakcii sa tla\u010d\u00ed priamo v p\u00e4te eKasa dokladu. Nemus\u00edte tak skladova\u0165 \u010fal\u0161\u00ed typ p\u00e1sok a z\u00e1rove\u0148 si uvo\u013en\u00edte cenn\u00fd priestor pri pokladnici.<\/p>\n<p>Termin\u00e1l je vhodn\u00fd pre v\u00e4\u010d\u0161ie obchodn\u00e9 re\u0165azce, ale aj mal\u00e9 predajne s pultov\u00fdm predajom. Transakcie spracov\u00e1va r\u00fdchlo a skracuje \u010das str\u00e1ven\u00fd pri pokladni.<\/p>\n<p><img decoding=\"async\" src=\"https:\/\/portos.sk\/uploads\/files\/images\/tapeon-cards.png\" alt=\"\" \/><\/p>\n<h5>Hlavn\u00e9 v\u00fdhody:<\/h5>\n<ul>\n<li><span style=\"color: #000000;\">\u0160etr\u00ed \u010das obsluhe a minimalizuje omyly<\/span><\/li>\n<li><span style=\"color: #000000;\">Neobsahuje tla\u010diare\u0148, potvrdenie je priamo na \u00fa\u010dtenke<\/span><\/li>\n<li><span style=\"color: #000000;\">Podpora slu\u017eieb Apple Pay a Google Pay<\/span><\/li>\n<li><span style=\"color: #000000;\">Podpora kariet Visa, MasterCard a Maestro<\/span><\/li>\n<li><span style=\"color: #000000;\">Podpora stravovac\u00edch kariet<\/span><\/li>\n<li><span style=\"color: #000000;\">Kompaktn\u00e9 zariadenie, ktor\u00e9 \u0161etr\u00ed miesto<\/span><\/li>\n<li><span style=\"color: #000000;\">Modern\u00fd dizajn, ktor\u00fd je doplnkom va\u0161ej predajne<\/span><\/li>\n<\/ul>\n<h5>Vedenie \u00fa\u010dtu<\/h5>\n<p>\u00da\u010det je mo\u017en\u00e9 vies\u0165 v ktorejko\u013evek banke. Priama spolupr\u00e1ca aj s bankami:\u00a0Tatrabanka, Unicredit Bank, Po\u0161tov\u00e1 banka a V\u00daB.<\/p>\n<h5>Cenov\u00e9 podmienky<\/h5>\n<ul>\n<li><span style=\"color: #000000;\">Transak\u010dn\u00fd poplatok 1,1%<\/span><\/li>\n<li><span style=\"color: #000000;\">Pren\u00e1jom zariadenia 10,50\u00a0\u20ac bez DPH mesa\u010dne<\/span><\/li>\n<\/ul>\n<p>Inform\u00e1cie v tomto texte sa m\u00f4\u017eu l\u00ed\u0161i\u0165 od aktu\u00e1lnej ponuky. V pr\u00edpade z\u00e1ujmu o toto zariadenie n\u00e1s, pros\u00edm, kontaktujte.<\/p>\n<h5>O spolo\u010dnosti AxaSoft<\/h5>\n<p><img decoding=\"async\" src=\"https:\/\/portos.sk\/uploads\/files\/images\/large-axasoft.jpg\" alt=\"\" \/><\/p>\n<p>Slovensk\u00e1 spolo\u010dnos\u0165 s 30-ro\u010dnou trad\u00edciou v poskytovan\u00ed komplexn\u00fdch slu\u017eieb v oblasti platobn\u00fdch termin\u00e1lov.\u00a0AXASOFT poskytuje informa\u010dn\u00e9 syst\u00e9my pre finan\u010dn\u00e9 in\u0161tit\u00facie, verejn\u00fa spr\u00e1vu a obchod s najvy\u0161\u0161ou \u00farov\u0148ou odbornosti a podpory v r\u00e1mci svojho portf\u00f3lia. Poskytuje\u00a0servis platobn\u00fdch termin\u00e1lov a podporu softv\u00e9rov\u00fdch rie\u0161en\u00ed aj v spolupr\u00e1ci so syst\u00e9mom PORTOS.<\/p>\n","protected":false},"excerpt":{"rendered":"<p>Inteligentn\u00fd Pin Pad bez tla\u010diarne od spolo\u010dnosti AxaSoft.<\/p>\n","protected":false},"featured_media":636,"template":"","meta":[],"product_brand":[],"product_cat":[13],"product_tag":[],"class_list":{"0":"post-635","1":"product","2":"type-product","3":"status-publish","4":"has-post-thumbnail","6":"product_cat-platobne-terminaly","8":"first","9":"instock","10":"shipping-taxable","11":"purchasable","12":"product-type-simple"},"_links":{"self":[{"href":"https:\/\/be.portos.sk\/index.php\/wp-json\/wp\/v2\/product\/635","targetHints":{"allow":["GET"]}}],"collection":[{"href":"https:\/\/be.portos.sk\/index.php\/wp-json\/wp\/v2\/product"}],"about":[{"href":"https:\/\/be.portos.sk\/index.php\/wp-json\/wp\/v2\/types\/product"}],"wp:featuredmedia":[{"embeddable":true,"href":"https:\/\/be.portos.sk\/index.php\/wp-json\/wp\/v2\/media\/636"}],"wp:attachment":[{"href":"https:\/\/be.portos.sk\/index.php\/wp-json\/wp\/v2\/media?parent=635"}],"wp:term":[{"taxonomy":"product_brand","embeddable":true,"href":"https:\/\/be.portos.sk\/index.php\/wp-json\/wp\/v2\/product_brand?post=635"},{"taxonomy":"product_cat","embeddable":true,"href":"https:\/\/be.portos.sk\/index.php\/wp-json\/wp\/v2\/product_cat?post=635"},{"taxonomy":"product_tag","embeddable":true,"href":"https:\/\/be.portos.sk\/index.php\/wp-json\/wp\/v2\/product_tag?post=635"}],"curies":[{"name":"wp","href":"https:\/\/api.w.org\/{rel}","templated":true}]}}