{"id":641,"date":"2024-11-13T09:22:07","date_gmt":"2024-11-13T08:22:07","guid":{"rendered":"https:\/\/be.portos.sk\/?post_type=product&#038;p=641"},"modified":"2024-11-13T09:28:59","modified_gmt":"2024-11-13T08:28:59","slug":"printec-verifone-vx520","status":"publish","type":"product","link":"https:\/\/be.portos.sk\/index.php\/produkt\/printec-verifone-vx520\/","title":{"rendered":"Printec Verifone VX520"},"content":{"rendered":"<p>Ur\u010den\u00fd pre mal\u00e9 predajne, potraviny, kozmetick\u00e9 sal\u00f3ny, servisy a in\u00e9 predajn\u00e9 miesta.<\/p>\n<p>Pripojenie k internetu pomocou ethernet k\u00e1blu. Termin\u00e1l je neprenosn\u00fd, na prev\u00e1dzke je pevne umiestnen\u00fd, nap\u00e1jan\u00fd z elektrickej siete.<\/p>\n<p>Pripojenie s poklad\u0148ou je realizovan\u00e9 pomocou USB (RS232) k\u00e1blu.<\/p>\n<p>Obsahuje monochromatick\u00fd displej a mo\u017enos\u0165 pripojenia pinpadu (kl\u00e1vesnice pre z\u00e1kazn\u00edka).<\/p>\n<h5>Prij\u00edmajte v\u0161etky be\u017en\u00e9 typy kariet<\/h5>\n<p>Akceptujeme magnetick\u00e9, \u010dipov\u00e9 a bezkontaktn\u00e9 karty od kartov\u00fdch spolo\u010dnost\u00ed ako je Visa, Mastercard, JCB, Diners Club, China UnionPay, alebo American Express. Na\u0161e termin\u00e1ly prij\u00edmaj\u00fa aj v\u00e4\u010d\u0161inu stravn\u00fdch, vernostn\u00fdch, tankovac\u00edch, alebo priv\u00e1tnych kariet. Poradia si s NFC platbami a zvl\u00e1daj\u00fa samozrejme modern\u00e9 platobn\u00e9 rie\u0161enia ako je Apple Pay, alebo Google Pay.<\/p>\n<h5>Prijmite platby najpohodlne\u0161ie ako je mo\u017en\u00e9<\/h5>\n<p>Termin\u00e1l si porad\u00ed\u00a0s NFC platbami a zvl\u00e1daj\u00fa samozrejme aj modern\u00e9 platobn\u00e9 rie\u0161enia ako s\u00fa Apple Pay, alebo Google Pay.<\/p>\n<h5>U\u0161it\u00e9 na mieru v\u00e1\u0161mu podnikaniu<\/h5>\n<p>M\u00e1me rie\u0161enie ako pre mal\u00e9, tak aj stredn\u00e9 a ve\u013ek\u00e9 firmy. Na\u0161i klienti podnikaj\u00fa v oblasti gastron\u00f3mie, ubytovania, predaja, slu\u017eieb, \u010di v online svete. Pre ka\u017ed\u00fa oblas\u0165 podnikania m\u00e1me pripraven\u00fa skvel\u00fa ponuku platobn\u00fdch termin\u00e1lov a slu\u017eieb na mieru.<\/p>\n<h5>Transak\u010dn\u00e9 poplatky<\/h5>\n<p>Na vy\u017eiadanie.<\/p>\n","protected":false},"excerpt":{"rendered":"<p>Platobn\u00fd termin\u00e1l Verifone VX520 od spolo\u010dnosti Printec Group.<\/p>\n","protected":false},"featured_media":642,"template":"","meta":[],"product_brand":[],"product_cat":[13],"product_tag":[],"class_list":{"0":"post-641","1":"product","2":"type-product","3":"status-publish","4":"has-post-thumbnail","6":"product_cat-platobne-terminaly","8":"first","9":"instock","10":"shipping-taxable","11":"product-type-simple"},"_links":{"self":[{"href":"https:\/\/be.portos.sk\/index.php\/wp-json\/wp\/v2\/product\/641","targetHints":{"allow":["GET"]}}],"collection":[{"href":"https:\/\/be.portos.sk\/index.php\/wp-json\/wp\/v2\/product"}],"about":[{"href":"https:\/\/be.portos.sk\/index.php\/wp-json\/wp\/v2\/types\/product"}],"wp:featuredmedia":[{"embeddable":true,"href":"https:\/\/be.portos.sk\/index.php\/wp-json\/wp\/v2\/media\/642"}],"wp:attachment":[{"href":"https:\/\/be.portos.sk\/index.php\/wp-json\/wp\/v2\/media?parent=641"}],"wp:term":[{"taxonomy":"product_brand","embeddable":true,"href":"https:\/\/be.portos.sk\/index.php\/wp-json\/wp\/v2\/product_brand?post=641"},{"taxonomy":"product_cat","embeddable":true,"href":"https:\/\/be.portos.sk\/index.php\/wp-json\/wp\/v2\/product_cat?post=641"},{"taxonomy":"product_tag","embeddable":true,"href":"https:\/\/be.portos.sk\/index.php\/wp-json\/wp\/v2\/product_tag?post=641"}],"curies":[{"name":"wp","href":"https:\/\/api.w.org\/{rel}","templated":true}]}}