{"id":664,"date":"2024-11-13T10:52:30","date_gmt":"2024-11-13T09:52:30","guid":{"rendered":"https:\/\/be.portos.sk\/?post_type=product&#038;p=664"},"modified":"2024-11-13T10:55:25","modified_gmt":"2024-11-13T09:55:25","slug":"datalogic-magellan-9300i-2","status":"publish","type":"product","link":"https:\/\/be.portos.sk\/index.php\/produkt\/datalogic-magellan-9300i-2\/","title":{"rendered":"Datalogic Magellan 9300i"},"content":{"rendered":"<p>Magellan 9300i pou\u017e\u00edva digit\u00e1lne zobrazovanie vo v\u0161etk\u00fdch rovin\u00e1ch, \u010d\u00edm zabezpe\u010duje bezrpobl\u00e9mov\u00e9 \u010d\u00edtanie 1D a 2D k\u00f3dov.<\/p>\n","protected":false},"excerpt":{"rendered":"<p>V\u00e1ha a sn\u00edma\u010d k\u00f3dov v jednom zariaden\u00ed, zabudovate\u013en\u00fd do pultu.<\/p>\n","protected":false},"featured_media":665,"template":"","meta":[],"product_brand":[],"product_cat":[16],"product_tag":[],"class_list":{"0":"post-664","1":"product","2":"type-product","3":"status-publish","4":"has-post-thumbnail","6":"product_cat-snimace-ciarovych-kodov","8":"first","9":"instock","10":"shipping-taxable","11":"purchasable","12":"product-type-simple"},"_links":{"self":[{"href":"https:\/\/be.portos.sk\/index.php\/wp-json\/wp\/v2\/product\/664","targetHints":{"allow":["GET"]}}],"collection":[{"href":"https:\/\/be.portos.sk\/index.php\/wp-json\/wp\/v2\/product"}],"about":[{"href":"https:\/\/be.portos.sk\/index.php\/wp-json\/wp\/v2\/types\/product"}],"wp:featuredmedia":[{"embeddable":true,"href":"https:\/\/be.portos.sk\/index.php\/wp-json\/wp\/v2\/media\/665"}],"wp:attachment":[{"href":"https:\/\/be.portos.sk\/index.php\/wp-json\/wp\/v2\/media?parent=664"}],"wp:term":[{"taxonomy":"product_brand","embeddable":true,"href":"https:\/\/be.portos.sk\/index.php\/wp-json\/wp\/v2\/product_brand?post=664"},{"taxonomy":"product_cat","embeddable":true,"href":"https:\/\/be.portos.sk\/index.php\/wp-json\/wp\/v2\/product_cat?post=664"},{"taxonomy":"product_tag","embeddable":true,"href":"https:\/\/be.portos.sk\/index.php\/wp-json\/wp\/v2\/product_tag?post=664"}],"curies":[{"name":"wp","href":"https:\/\/api.w.org\/{rel}","templated":true}]}}