{"id":668,"date":"2024-11-13T11:05:15","date_gmt":"2024-11-13T10:05:15","guid":{"rendered":"https:\/\/be.portos.sk\/?post_type=product&#038;p=668"},"modified":"2024-11-13T11:34:42","modified_gmt":"2024-11-13T10:34:42","slug":"elio-xl-2302-usb-2d","status":"publish","type":"product","link":"https:\/\/be.portos.sk\/index.php\/produkt\/elio-xl-2302-usb-2d\/","title":{"rendered":"elio XL-2302 USB 2D"},"content":{"rendered":"<p>V\u0161esmerov\u00fd sn\u00edma\u010d \u010diarov\u00fdch k\u00f3dov elio XL-2302 umo\u017e\u0148uje \u010d\u00edtanie 1D a 2D \u010diarov\u00fdch k\u00f3dov v tla\u010denej podobe ale aj z obrazoviek a mobiln\u00fdch telef\u00f3nov. Sn\u00edma\u010d je mo\u017en\u00e9 pou\u017ei\u0165 v pokladni\u010dn\u00fdch syst\u00e9moch a jeho in\u0161tal\u00e1cia je jednoduch\u00e1. Je mo\u017en\u00e9 ho pou\u017ei\u0165 v r\u00f4znych prev\u00e1dzkach ako napr. supermarkety, potraviny, lek\u00e1rne a v mnoho \u010fal\u0161\u00edch kde sa vyu\u017e\u00edva predaj prostredn\u00edctvom skenovania \u010diarov\u00fdch k\u00f3dov.<\/p>\n<p>Sn\u00edma\u010d je mo\u017en\u00e9 pripoji\u0165 k Android zariadeniam T2 mini, POS100, POS140, A10, A7 a funguj\u00fa v aplik\u00e1cii ELIO KASA.<\/p>\n<p>Sn\u00edma\u010d funguje v OS Windows pripojen\u00fd ako VCOM port alebo ako kl\u00e1vesnica.<\/p>\n<h5>Vlastnosti:<\/h5>\n<p>&#8211; najlep\u0161\u00ed pomer kvalita &#8211; cena pri v\u0161esmerov\u00fdch sn\u00edma\u010doch<br \/>\n&#8211; kompatibiln\u00fd s Linux \/ Android \/ Windows XP , 7, 8, 10 \/ MAC OS<br \/>\n&#8211; Plug and play &#8211; nie je potrebn\u00e9 in\u0161talova\u0165 ovl\u00e1da\u010d<br \/>\n&#8211; Podpora v POS syst\u00e9moch<br \/>\n&#8211; nastavite\u013en\u00e1 viacsmerov\u00e1 skenovacia hlava vyhovuje r\u00f4znym potreb\u00e1m<br \/>\n&#8211; vysok\u00e1 r\u00fdchlos\u0165 a spo\u013eahliv\u00fd v\u00fdkon a podpora skenovania 1D a 2D k\u00f3dov<\/p>\n","protected":false},"excerpt":{"rendered":"<p>V\u0161esmerov\u00fd sn\u00edma\u010d \u010diarov\u00fdch k\u00f3dov elio XL-2302 umo\u017e\u0148uje \u010d\u00edtanie 1D a 2D \u010diarov\u00fdch k\u00f3dov v tla\u010denej podobe ale aj z obrazoviek a mobiln\u00fdch telef\u00f3nov.<\/p>\n","protected":false},"featured_media":669,"template":"","meta":[],"product_brand":[],"product_cat":[16],"product_tag":[],"class_list":{"0":"post-668","1":"product","2":"type-product","3":"status-publish","4":"has-post-thumbnail","6":"product_cat-snimace-ciarovych-kodov","8":"first","9":"instock","10":"shipping-taxable","11":"purchasable","12":"product-type-simple"},"_links":{"self":[{"href":"https:\/\/be.portos.sk\/index.php\/wp-json\/wp\/v2\/product\/668","targetHints":{"allow":["GET"]}}],"collection":[{"href":"https:\/\/be.portos.sk\/index.php\/wp-json\/wp\/v2\/product"}],"about":[{"href":"https:\/\/be.portos.sk\/index.php\/wp-json\/wp\/v2\/types\/product"}],"wp:featuredmedia":[{"embeddable":true,"href":"https:\/\/be.portos.sk\/index.php\/wp-json\/wp\/v2\/media\/669"}],"wp:attachment":[{"href":"https:\/\/be.portos.sk\/index.php\/wp-json\/wp\/v2\/media?parent=668"}],"wp:term":[{"taxonomy":"product_brand","embeddable":true,"href":"https:\/\/be.portos.sk\/index.php\/wp-json\/wp\/v2\/product_brand?post=668"},{"taxonomy":"product_cat","embeddable":true,"href":"https:\/\/be.portos.sk\/index.php\/wp-json\/wp\/v2\/product_cat?post=668"},{"taxonomy":"product_tag","embeddable":true,"href":"https:\/\/be.portos.sk\/index.php\/wp-json\/wp\/v2\/product_tag?post=668"}],"curies":[{"name":"wp","href":"https:\/\/api.w.org\/{rel}","templated":true}]}}