{"id":676,"date":"2024-11-21T09:13:53","date_gmt":"2024-11-21T08:13:53","guid":{"rendered":"https:\/\/be.portos.sk\/?post_type=product&#038;p=676"},"modified":"2024-11-21T09:29:11","modified_gmt":"2024-11-21T08:29:11","slug":"epson-mobilink-tm-p20","status":"publish","type":"product","link":"https:\/\/be.portos.sk\/index.php\/produkt\/epson-mobilink-tm-p20\/","title":{"rendered":"Epson Mobilink TM-P20"},"content":{"rendered":"<p>Mobilink P20 od spolo\u010dnosti Epson je ultrakompaktn\u00e1 2-palcov\u00e1 tla\u010diare\u0148 \u00fa\u010dteniek, ktor\u00e1 v\u00e1\u017ei iba 225 gramov\u00a0V\u00e1m\u00a0padne do dlane. Poskytuje v\u0161etky funkcie, v\u010faka ktor\u00fdm dok\u00e1tete tla\u010di\u0165 kdeko\u013evek a kedyko\u013evek.<\/p>\n<ul>\n<li><span style=\"color: #000000;\">ultra kompaktn\u00e9 a \u013eahk\u00e9 prevedenie<\/span><\/li>\n<li><span style=\"color: #000000;\">najr\u00fdchlej\u0161ia tla\u010d v triede prenosn\u00fdch tla\u010diarn\u00ed, a\u017e 100mm za sekundu<\/span><\/li>\n<li><span style=\"color: #000000;\">dok\u00e1\u017ee tla\u010di\u0165 priamo zo zariadenia so syst\u00e9mom iOS, Android, alebo Windows.<\/span><\/li>\n<li><span style=\"color: #000000;\">v\u00fddr\u017e bat\u00e9rie a\u017e 6 hod\u00edn (pri pou\u017eit\u00ed prostredn\u00edctvom Wi-Fi pripojenia, alebo 8 hod\u00edn pri pripojen\u00ed prostredn\u00edctvom technol\u00f3gie Bluetooth 3).<\/span><\/li>\n<li><span style=\"color: #000000;\">vydr\u017e\u00ed p\u00e1d z v\u00fd\u0161ky a\u017e 2 metrov<\/span><\/li>\n<\/ul>\n<p>Medzi dok\u00fapite\u013en\u00e9 pr\u00edslu\u0161enstvo patria n\u00e1hradn\u00e9 bat\u00e9rie aj prenosn\u00e9 p\u00fazdro.<\/p>\n<p>So syst\u00e9mom PORTOS sa d\u00e1 vyu\u017ei\u0165 ako bonovacia tla\u010diare\u0148 na miestach, kde nie je dostupn\u00e9 k\u00e1blov\u00e9 sie\u0165ov\u00e9 pripojenie, alebo na tla\u010d predbe\u017en\u00fdch dokladov hos\u0165om priamo pri stole.<\/p>\n<p>Nie je pou\u017eite\u013en\u00e9 ako eKasa tla\u010diare\u0148.<\/p>\n","protected":false},"excerpt":{"rendered":"<p>Prenosn\u00e1 Wi-Fi tla\u010diare\u0148 pre tla\u010d objedn\u00e1vok alebo predbe\u017en\u00fdch dokladov priamo pri stole.<\/p>\n","protected":false},"featured_media":678,"template":"","meta":[],"product_brand":[],"product_cat":[15],"product_tag":[],"class_list":{"0":"post-676","1":"product","2":"type-product","3":"status-publish","4":"has-post-thumbnail","6":"product_cat-tlaciarne","8":"first","9":"instock","10":"shipping-taxable","11":"purchasable","12":"product-type-simple"},"_links":{"self":[{"href":"https:\/\/be.portos.sk\/index.php\/wp-json\/wp\/v2\/product\/676","targetHints":{"allow":["GET"]}}],"collection":[{"href":"https:\/\/be.portos.sk\/index.php\/wp-json\/wp\/v2\/product"}],"about":[{"href":"https:\/\/be.portos.sk\/index.php\/wp-json\/wp\/v2\/types\/product"}],"wp:featuredmedia":[{"embeddable":true,"href":"https:\/\/be.portos.sk\/index.php\/wp-json\/wp\/v2\/media\/678"}],"wp:attachment":[{"href":"https:\/\/be.portos.sk\/index.php\/wp-json\/wp\/v2\/media?parent=676"}],"wp:term":[{"taxonomy":"product_brand","embeddable":true,"href":"https:\/\/be.portos.sk\/index.php\/wp-json\/wp\/v2\/product_brand?post=676"},{"taxonomy":"product_cat","embeddable":true,"href":"https:\/\/be.portos.sk\/index.php\/wp-json\/wp\/v2\/product_cat?post=676"},{"taxonomy":"product_tag","embeddable":true,"href":"https:\/\/be.portos.sk\/index.php\/wp-json\/wp\/v2\/product_tag?post=676"}],"curies":[{"name":"wp","href":"https:\/\/api.w.org\/{rel}","templated":true}]}}