{"id":689,"date":"2024-11-21T09:54:24","date_gmt":"2024-11-21T08:54:24","guid":{"rendered":"https:\/\/be.portos.sk\/?post_type=product&#038;p=689"},"modified":"2024-11-21T10:36:00","modified_gmt":"2024-11-21T09:36:00","slug":"bixolon-srp-330ii-usb-serial","status":"publish","type":"product","link":"https:\/\/be.portos.sk\/index.php\/produkt\/bixolon-srp-330ii-usb-serial\/","title":{"rendered":"Bixolon SRP-330II USB + SERIAL"},"content":{"rendered":"<p>Bixolon SRP-330II tla\u010d\u00ed pri r\u00fdchlosti a\u017e 220 mm za sekundu s rozl\u00ed\u0161en\u00edm 180 dpi, alebo 203 dpi, tla\u010d vysokokvalitn\u00e9ho textu, grafiky a 1D \/ 2D \u010diarov\u00fdch k\u00f3dov. Tla\u010diare\u0148 SRP-330II pon\u00faka jednoduch\u00e9 vkladanie papiera s volite\u013enou vodiacou li\u0161tou na automatick\u00e9 prep\u00ednanie medzi m\u00e9diami s \u0161\u00edrkou 2 &#8222;alebo 3&#8220;.<\/p>\n<p>Bixolon SRP-330II je 3-palcov\u00e1 priama term\u00e1lna POS tla\u010diare\u0148, ktor\u00e1 poskytuje v\u00fdnimo\u010dn\u00fa hodnotu v porovnan\u00ed s in\u00fdmi tla\u010diar\u0148ami vo svojej triede.<\/p>\n<p>V\u010faka ergonomick\u00e9mu dizajnu poskytuje SRP-330II vysok\u00fa spo\u013eahlivos\u0165 tla\u010de na 150 km TPH a 1,5 mili\u00f3na rezov automatick\u00fdh no\u017en\u00edc.\u00a0V\u010faka funkcii Easy Tracking \u2122 n\u00e1jdete na spodnej strane tla\u010diarne unik\u00e1tny \u0161t\u00edtok s \u00fadajmi o QR k\u00f3de mikro-str\u00e1nky technickej podpory.<\/p>\n<p>Tla\u010diare\u0148 Bixolon SRP-330II je dod\u00e1van\u00e1 s rozhran\u00edm All-In-One Plus \u2122, a to bu\u010f pripojen\u00edm Triple Interface (USB + Ethernet + Serial), alebo dvojit\u00fdm rozhran\u00edm (USB + serial).<\/p>\n<ul>\n<li><span style=\"color: #000000;\">Cenovo efekt\u00edvna priama term\u00e1lna tla\u010diare\u0148 s r\u00fdchlos\u0165ou tla\u010de a\u017e 220 mm\/s<\/span><\/li>\n<li><span style=\"color: #000000;\">Rozl\u00ed\u0161enie 180dpi, alebo 203dpi text, grafick\u00fd a 1D \/ 2D tla\u010d \u010diarov\u00fdch k\u00f3dov<\/span><\/li>\n<li><span style=\"color: #000000;\">Vysok\u00e1 spo\u013eahlivos\u0165 &#8211; 150 km TPH a 1,5 mili\u00f3na rezov pre automatick\u00e9 no\u017enice<\/span><\/li>\n<li><span style=\"color: #000000;\">V\u0161etko v jednom rozhran\u00ed Plus \u2122 bu\u010f triple rozhranie USB + Ethernet + Serial alebo Dual Interface USB + Ethernet<\/span><\/li>\n<li><span style=\"color: #000000;\">Funkcia Easy Tracking \u2122 podporuje k\u00f3d QR, ktor\u00fd sa prip\u00e1ja na webov\u00fa str\u00e1nku technickej podpory na jedine\u010dnom \u0161t\u00edtku na spodnej strane tla\u010diarne<\/span><\/li>\n<li><span style=\"color: #000000;\">Jednoduch\u00e9 za\u0165a\u017eenie papiera s volite\u013enou vodiacou li\u0161tou pre v\u00fdber \u0161\u00edrky p\u00e1sky 58mm (2 &#8220; ),\u00a0alebo 80mm ( 3&#8243;, vodiaca li\u0161ta v balen\u00ed )<\/span><\/li>\n<li><span style=\"color: #000000;\">Re\u017eim \u00faspory papiera, ktor\u00fd zni\u017euje d\u013a\u017eku dokladu a\u017e o 25%<\/span><\/li>\n<li><span style=\"color: #000000;\">Samostatn\u00e9, alebo priestorovo \u00fasporn\u00e9 pou\u017eitie mont\u00e1\u017ee na stenu<\/span><\/li>\n<li><span style=\"color: #000000;\">Kompatibilita s Energy Star<\/span><\/li>\n<\/ul>\n<p>Typy rozhran\u00ed:<\/p>\n<ul>\n<li><span style=\"color: #000000;\">Triple Interface USB V2.0 FS + Ethernet + Serial<\/span><\/li>\n<li><span style=\"color: #000000;\">Dual Interface USB V2.0 FS + Serial USB V2.0 FS + Parallel USB V2.0 FS + SD<\/span><\/li>\n<\/ul>\n","protected":false},"excerpt":{"rendered":"<div class=\"row\">\n<div class=\"col-12\">\n<div class=\"title\">\n<p>Bixolon SRP-330II term\u00e1lna POS tla\u010diare\u0148, ktor\u00e1 poskytuje v\u00fdnimo\u010dn\u00fa hodnotu v porovnan\u00ed s in\u00fdmi tla\u010diar\u0148ami vo svojej triede.<\/p>\n<\/div>\n<\/div>\n<\/div>\n","protected":false},"featured_media":690,"template":"","meta":[],"product_brand":[],"product_cat":[15],"product_tag":[],"class_list":{"0":"post-689","1":"product","2":"type-product","3":"status-publish","4":"has-post-thumbnail","6":"product_cat-tlaciarne","8":"first","9":"instock","10":"shipping-taxable","11":"purchasable","12":"product-type-simple"},"_links":{"self":[{"href":"https:\/\/be.portos.sk\/index.php\/wp-json\/wp\/v2\/product\/689","targetHints":{"allow":["GET"]}}],"collection":[{"href":"https:\/\/be.portos.sk\/index.php\/wp-json\/wp\/v2\/product"}],"about":[{"href":"https:\/\/be.portos.sk\/index.php\/wp-json\/wp\/v2\/types\/product"}],"wp:featuredmedia":[{"embeddable":true,"href":"https:\/\/be.portos.sk\/index.php\/wp-json\/wp\/v2\/media\/690"}],"wp:attachment":[{"href":"https:\/\/be.portos.sk\/index.php\/wp-json\/wp\/v2\/media?parent=689"}],"wp:term":[{"taxonomy":"product_brand","embeddable":true,"href":"https:\/\/be.portos.sk\/index.php\/wp-json\/wp\/v2\/product_brand?post=689"},{"taxonomy":"product_cat","embeddable":true,"href":"https:\/\/be.portos.sk\/index.php\/wp-json\/wp\/v2\/product_cat?post=689"},{"taxonomy":"product_tag","embeddable":true,"href":"https:\/\/be.portos.sk\/index.php\/wp-json\/wp\/v2\/product_tag?post=689"}],"curies":[{"name":"wp","href":"https:\/\/api.w.org\/{rel}","templated":true}]}}