{"id":691,"date":"2024-11-21T10:39:11","date_gmt":"2024-11-21T09:39:11","guid":{"rendered":"https:\/\/be.portos.sk\/?post_type=product&#038;p=691"},"modified":"2024-11-21T10:45:37","modified_gmt":"2024-11-21T09:45:37","slug":"epson-tm-t20iii","status":"publish","type":"product","link":"https:\/\/be.portos.sk\/index.php\/produkt\/epson-tm-t20iii\/","title":{"rendered":"Epson TM-T20III"},"content":{"rendered":"<p>Tla\u010diare\u0148 pokladni\u010dn\u00fdch dokladov od zn\u00e1meho v\u00fdrobcu EPSON, najv\u00e4\u010d\u0161ieho eur\u00f3pskeho v\u00fdrobcu pokladni\u010dn\u00fdch tla\u010diarn\u00ed. Predstavuje \u00fasporn\u00e9 rie\u0161enie pon\u00fakaj\u00face vysok\u00fa r\u00fdchlos\u0165 tla\u010de a funkcie na zaistenie hospod\u00e1rnosti.<\/p>\n<p>Spojen\u00edm vysokej r\u00fdchlosti tla\u010de, vysokej spo\u013eahlivosti a hospod\u00e1rnej prev\u00e1dzky vznikla tla\u010diare\u0148, ktor\u00e1 je skvelou vo\u013ebou pre maloobchodn\u00e9 predajne, pohostinstv\u00e1, predajne potrav\u00edn a in\u00e9 prev\u00e1dzky.<\/p>\n<ul>\n<li><span style=\"color: #000000;\">\u013dahk\u00e9 vlo\u017eenie a v\u00fdmena papierov\u00e9ho kot\u00fa\u010da<\/span><\/li>\n<li><span style=\"color: #000000;\">Obsahuje no\u017enice na odrezenie papiera<\/span><\/li>\n<li><span style=\"color: #000000;\">Podporuje slovensk\u00fd jazyk<\/span><\/li>\n<li><span style=\"color: #000000;\">Podporuje tla\u010d QR k\u00f3du<\/span><\/li>\n<li><span style=\"color: #000000;\">Elegantn\u00fd dizajn<\/span><\/li>\n<li><span style=\"color: #000000;\">Mo\u017enos\u0165 mont\u00e1\u017ee na stenu<\/span><\/li>\n<li><span style=\"color: #000000;\">Kvalita a vysok\u00e1 spo\u013eahlivos\u0165: mechanizmus so \u017eivotnos\u0165ou 15 mili\u00f3nov riadkov<\/span><\/li>\n<\/ul>\n<h5>eKasa kompatibiln\u00e1<\/h5>\n<p>V\u010faka RS232 konektoru a podpore tla\u010de slovensk\u00fdch znakov aj QR k\u00f3dov je vhodn\u00e1 aj ako\u00a0eKasa\u00a0tla\u010diare\u0148 pripojen\u00e1 k chr\u00e1nen\u00e9mu d\u00e1tov\u00e9mu \u00falo\u017eisku.<\/p>\n","protected":false},"excerpt":{"rendered":"<p>Kvalitn\u00e1 tla\u010diare\u0148 od popredn\u00e9ho v\u00fdrobcu. Vhodn\u00e1 ako eKasa.<\/p>\n","protected":false},"featured_media":693,"template":"","meta":[],"product_brand":[],"product_cat":[15],"product_tag":[],"class_list":{"0":"post-691","1":"product","2":"type-product","3":"status-publish","4":"has-post-thumbnail","6":"product_cat-tlaciarne","8":"first","9":"instock","10":"shipping-taxable","11":"purchasable","12":"product-type-simple"},"_links":{"self":[{"href":"https:\/\/be.portos.sk\/index.php\/wp-json\/wp\/v2\/product\/691","targetHints":{"allow":["GET"]}}],"collection":[{"href":"https:\/\/be.portos.sk\/index.php\/wp-json\/wp\/v2\/product"}],"about":[{"href":"https:\/\/be.portos.sk\/index.php\/wp-json\/wp\/v2\/types\/product"}],"wp:featuredmedia":[{"embeddable":true,"href":"https:\/\/be.portos.sk\/index.php\/wp-json\/wp\/v2\/media\/693"}],"wp:attachment":[{"href":"https:\/\/be.portos.sk\/index.php\/wp-json\/wp\/v2\/media?parent=691"}],"wp:term":[{"taxonomy":"product_brand","embeddable":true,"href":"https:\/\/be.portos.sk\/index.php\/wp-json\/wp\/v2\/product_brand?post=691"},{"taxonomy":"product_cat","embeddable":true,"href":"https:\/\/be.portos.sk\/index.php\/wp-json\/wp\/v2\/product_cat?post=691"},{"taxonomy":"product_tag","embeddable":true,"href":"https:\/\/be.portos.sk\/index.php\/wp-json\/wp\/v2\/product_tag?post=691"}],"curies":[{"name":"wp","href":"https:\/\/api.w.org\/{rel}","templated":true}]}}